{"id":1242,"date":"2020-05-14T00:40:35","date_gmt":"2020-05-13T21:40:35","guid":{"rendered":"http:\/\/www.teknoproses.com.tr\/?page_id=1242"},"modified":"2021-04-25T19:26:27","modified_gmt":"2021-04-25T16:26:27","slug":"milk-transportation-tank","status":"publish","type":"page","link":"https:\/\/www.teknoproses.com.tr\/en\/milk-transportation-tank","title":{"rendered":"Milk Transportation Tank"},"content":{"rendered":"<p>Milk Transportation Tank\"><img width=\"150\" height=\"150\" src=\"https:\/\/www.teknoproses.com.tr\/wp-content\/uploads\/2020\/05\/sut-nakil-tanki-1-150x150.jpg\" class=\"attachment-thumbnail size-thumbnail\" alt=\"Milk Transportation Tank\" decoding=\"async\" loading=\"lazy\" \/><\/a>\n\t\t\t<\/dt><\/dl><dl class='gallery-item'>\n\t\t\t<dt class='gallery-icon landscape'>\n\t\t\t\t<a class=\"grouped_elements\" rel=\"tc-fancybox-group\" href=\"https:\/\/www.teknoproses.com.tr\/wp-content\/uploads\/2020\/05\/sut-nakil-tanki-2.jpg\" title=\"Milk Transportation Tank\"><img width=\"150\" height=\"150\" src=\"https:\/\/www.teknoproses.com.tr\/wp-content\/uploads\/2020\/05\/sut-nakil-tanki-2-150x150.jpg\" class=\"attachment-thumbnail size-thumbnail\" alt=\"Milk Transportation Tank\" decoding=\"async\" loading=\"lazy\" \/><\/a>\n\t\t\t<\/dt><\/dl>\n\t\t\t<br style='clear: both' \/>\n\t\t<\/div>\n<br \/>\nKapasite: 1.000 LT&#8217;den 20.000 LT kapasiteye kadar ara\u00e7 \u00fcst\u00fc nakil tanklar\u0131 \u00fcretmekteyiz.<br \/>\nTank Tipi: Yatay Silindirik Tip olarak \u00fcretilmektedir.<br \/>\nAyaklar: AISI 304 kalite \u00e7elik be\u015fik olarak \u00fcretilmektedir.<br \/>\n\u0130ki cidarl\u0131 ve izoleli olarak \u00fcretilmektedir. Minumum sac kal\u0131nl\u0131\u011f\u0131 2 mm&#8217;dir.<br \/>\nY\u00fczek p\u00fcr\u00fczl\u00fcl\u00fc\u011f\u00fc hijyenik, g\u0131daya uygun ve TIG kayna\u011f\u0131 ile \u00fcretilmektedir.<br \/>\nTanklar\u0131n herbirinde \u00fcr\u00fcn giri\u015fi, CIP ba\u015fl\u0131\u011f\u0131, AISI 304 kalite ithal menhol kapak ve haval\u0131k bulunmaktad\u0131r.<br \/>\nKomple \u015fase \u00fczerinde paket tip olarak \u00fcretilmektedir.<br \/>\nAra\u00e7 \u00fcst\u00fcnde; 2 adet ya da daha fazla tank i\u00e7in akuple edilen perforeli sa\u00e7tan imal y\u00fcr\u00fcme platformu, \u00e7\u0131k\u0131\u015f kollekt\u00f6rleri, CIP hatt\u0131 ve merdiven bulunmaktad\u0131r.\n\t\t<style type=\"text\/css\">\n\t\t\t#gallery-2 {\n\t\t\t\tmargin: auto;\n\t\t\t}\n\t\t\t#gallery-2 .gallery-item {\n\t\t\t\tfloat: left;\n\t\t\t\tmargin-top: 10px;\n\t\t\t\ttext-align: center;\n\t\t\t\twidth: 16%;\n\t\t\t}\n\t\t\t#gallery-2 img {\n\t\t\t\tborder: 2px solid #cfcfcf;\n\t\t\t}\n\t\t\t#gallery-2 .gallery-caption {\n\t\t\t\tmargin-left: 0;\n\t\t\t}\n\t\t\t\/* see gallery_shortcode() in wp-includes\/media.php *\/\n\t\t<\/style>\n\t\t<div id='gallery-2' class='gallery galleryid-1242 gallery-columns-6 gallery-size-thumbnail'><dl class='gallery-item'>\n\t\t\t<dt class='gallery-icon landscape'>\n\t\t\t\t<a class=\"grouped_elements\" rel=\"tc-fancybox-group\" href=\"https:\/\/www.teknoproses.com.tr\/wp-content\/uploads\/2020\/05\/sut-nakil-tanki-1.jpg\" title=\"Milk Transportation Tank\"><img width=\"150\" height=\"150\" src=\"https:\/\/www.teknoproses.com.tr\/wp-content\/uploads\/2020\/05\/sut-nakil-tanki-1-150x150.jpg\" class=\"attachment-thumbnail size-thumbnail\" alt=\"Milk Transportation Tank\" decoding=\"async\" loading=\"lazy\" \/><\/a>\n\t\t\t<\/dt><\/dl><dl class='gallery-item'>\n\t\t\t<dt class='gallery-icon landscape'>\n\t\t\t\t<a class=\"grouped_elements\" rel=\"tc-fancybox-group\" href=\"https:\/\/www.teknoproses.com.tr\/wp-content\/uploads\/2020\/05\/sut-nakil-tanki-2.jpg\" title=\"Milk Transportation Tank\"><img width=\"150\" height=\"150\" src=\"https:\/\/www.teknoproses.com.tr\/wp-content\/uploads\/2020\/05\/sut-nakil-tanki-2-150x150.jpg\" class=\"attachment-thumbnail size-thumbnail\" alt=\"Milk Transportation Tank\" decoding=\"async\" loading=\"lazy\" \/><\/a>\n\t\t\t<\/dt><\/dl>\n\t\t\t<br style='clear: both' \/>\n\t\t<\/div>\n<br \/>\nCapacity: We produce on-board transport tanks from 1.000 LT to 20.000 LT.<br \/>\nTank Type: It is produced as Horizontal Cylindrical Type.<br \/>\nFeet: It is produced as AISI 304 quality steel cradle.<br \/>\nIt is produced with two walls and insulated. Minimum jacket thickness is 2 mm.<br \/>\nSurface finish is hygienic, food grade and manufactured with TIG welding.<br \/>\nEach tank has product inlet, CIP header, AISI 304 quality manhole cover and air vent.<br \/>\nIt is produced as a package type on the complete chassis.<br \/>\nOn the vehicle; There is a walking platform made of perforated sheet, coupled for 2 or more tanks, exit collectors, CIP line and ladder.<\/p>","protected":false},"excerpt":{"rendered":"<p>Capacity: We produce on-board transport tanks from 1.000 LT to 20.000 LT. Tank Type: It is produced as Horizontal Cylindrical Type. Feet: It is produced as AISI 304 quality steel cradle. It is produced with two walls and insulated. Minimum jacket thickness is 2 mm. Surface finish is hygienic, food grade and manufactured with TIG [&hellip;]<\/p>\n","protected":false},"author":1,"featured_media":0,"parent":0,"menu_order":0,"comment_status":"closed","ping_status":"closed","template":"","meta":[],"yoast_head":"<!-- This site is optimized with the Yoast SEO plugin v18.1 - https:\/\/yoast.com\/wordpress\/plugins\/seo\/ -->\n<title>Milk Transportation Tank | Teknoproses<\/title>\n<meta name=\"robots\" content=\"index, follow, max-snippet:-1, max-image-preview:large, max-video-preview:-1\" \/>\n<link rel=\"canonical\" href=\"https:\/\/www.teknoproses.com.tr\/milk-transportation-tank\" \/>\n<meta property=\"og:locale\" content=\"en_US\" \/>\n<meta property=\"og:type\" content=\"article\" \/>\n<meta property=\"og:title\" content=\"Milk Transportation Tank | Teknoproses\" \/>\n<meta property=\"og:description\" content=\"Capacity: We produce on-board transport tanks from 1.000 LT to 20.000 LT. Tank Type: It is produced as Horizontal Cylindrical Type. Feet: It is produced as AISI 304 quality steel cradle. It is produced with two walls and insulated. Minimum jacket thickness is 2 mm. Surface finish is hygienic, food grade and manufactured with TIG [&hellip;]\" \/>\n<meta property=\"og:url\" content=\"https:\/\/www.teknoproses.com.tr\/milk-transportation-tank\" \/>\n<meta property=\"og:site_name\" content=\"Teknoproses\" \/>\n<meta property=\"article:modified_time\" content=\"2021-04-25T16:26:27+00:00\" \/>\n<meta property=\"og:image\" content=\"https:\/\/www.teknoproses.com.tr\/wp-content\/uploads\/2020\/05\/sut-nakil-tanki-1-150x150.jpg\" \/>\n<meta name=\"twitter:label1\" content=\"Est. reading time\" \/>\n\t<meta name=\"twitter:data1\" content=\"1 minute\" \/>\n<script type=\"application\/ld+json\" class=\"yoast-schema-graph\">{\"@context\":\"https:\/\/schema.org\",\"@graph\":[{\"@type\":\"WebSite\",\"@id\":\"https:\/\/www.teknoproses.com.tr\/#website\",\"url\":\"https:\/\/www.teknoproses.com.tr\/\",\"name\":\"Teknoproses\",\"description\":\"\",\"potentialAction\":[{\"@type\":\"SearchAction\",\"target\":{\"@type\":\"EntryPoint\",\"urlTemplate\":\"https:\/\/www.teknoproses.com.tr\/?s={search_term_string}\"},\"query-input\":\"required name=search_term_string\"}],\"inLanguage\":\"en-US\"},{\"@type\":\"WebPage\",\"@id\":\"https:\/\/www.teknoproses.com.tr\/milk-transportation-tank#webpage\",\"url\":\"https:\/\/www.teknoproses.com.tr\/milk-transportation-tank\",\"name\":\"Milk Transportation Tank | Teknoproses\",\"isPartOf\":{\"@id\":\"https:\/\/www.teknoproses.com.tr\/#website\"},\"datePublished\":\"2020-05-13T21:40:35+00:00\",\"dateModified\":\"2021-04-25T16:26:27+00:00\",\"breadcrumb\":{\"@id\":\"https:\/\/www.teknoproses.com.tr\/milk-transportation-tank#breadcrumb\"},\"inLanguage\":\"en-US\",\"potentialAction\":[{\"@type\":\"ReadAction\",\"target\":[\"https:\/\/www.teknoproses.com.tr\/milk-transportation-tank\"]}]},{\"@type\":\"BreadcrumbList\",\"@id\":\"https:\/\/www.teknoproses.com.tr\/milk-transportation-tank#breadcrumb\",\"itemListElement\":[{\"@type\":\"ListItem\",\"position\":1,\"name\":\"Anasayfa\",\"item\":\"https:\/\/www.teknoproses.com.tr\/\"},{\"@type\":\"ListItem\",\"position\":2,\"name\":\"S\u00fct Nakil Tank\u0131\"}]}]}<\/script>\n<!-- \/ Yoast SEO plugin. -->","yoast_head_json":{"title":"Milk Transportation Tank | Teknoproses","robots":{"index":"index","follow":"follow","max-snippet":"max-snippet:-1","max-image-preview":"max-image-preview:large","max-video-preview":"max-video-preview:-1"},"canonical":"https:\/\/www.teknoproses.com.tr\/milk-transportation-tank","og_locale":"en_US","og_type":"article","og_title":"Milk Transportation Tank | Teknoproses","og_description":"Capacity: We produce on-board transport tanks from 1.000 LT to 20.000 LT. Tank Type: It is produced as Horizontal Cylindrical Type. Feet: It is produced as AISI 304 quality steel cradle. It is produced with two walls and insulated. Minimum jacket thickness is 2 mm. Surface finish is hygienic, food grade and manufactured with TIG [&hellip;]","og_url":"https:\/\/www.teknoproses.com.tr\/milk-transportation-tank","og_site_name":"Teknoproses","article_modified_time":"2021-04-25T16:26:27+00:00","og_image":[{"url":"https:\/\/www.teknoproses.com.tr\/wp-content\/uploads\/2020\/05\/sut-nakil-tanki-1-150x150.jpg"}],"twitter_misc":{"Est. reading time":"1 minute"},"schema":{"@context":"https:\/\/schema.org","@graph":[{"@type":"WebSite","@id":"https:\/\/www.teknoproses.com.tr\/#website","url":"https:\/\/www.teknoproses.com.tr\/","name":"Teknoproses","description":"","potentialAction":[{"@type":"SearchAction","target":{"@type":"EntryPoint","urlTemplate":"https:\/\/www.teknoproses.com.tr\/?s={search_term_string}"},"query-input":"required name=search_term_string"}],"inLanguage":"en-US"},{"@type":"WebPage","@id":"https:\/\/www.teknoproses.com.tr\/milk-transportation-tank#webpage","url":"https:\/\/www.teknoproses.com.tr\/milk-transportation-tank","name":"Milk Transportation Tank | Teknoproses","isPartOf":{"@id":"https:\/\/www.teknoproses.com.tr\/#website"},"datePublished":"2020-05-13T21:40:35+00:00","dateModified":"2021-04-25T16:26:27+00:00","breadcrumb":{"@id":"https:\/\/www.teknoproses.com.tr\/milk-transportation-tank#breadcrumb"},"inLanguage":"en-US","potentialAction":[{"@type":"ReadAction","target":["https:\/\/www.teknoproses.com.tr\/milk-transportation-tank"]}]},{"@type":"BreadcrumbList","@id":"https:\/\/www.teknoproses.com.tr\/milk-transportation-tank#breadcrumb","itemListElement":[{"@type":"ListItem","position":1,"name":"Anasayfa","item":"https:\/\/www.teknoproses.com.tr\/"},{"@type":"ListItem","position":2,"name":"S\u00fct Nakil Tank\u0131"}]}]}},"_links":{"self":[{"href":"https:\/\/www.teknoproses.com.tr\/en\/wp-json\/wp\/v2\/pages\/1242"}],"collection":[{"href":"https:\/\/www.teknoproses.com.tr\/en\/wp-json\/wp\/v2\/pages"}],"about":[{"href":"https:\/\/www.teknoproses.com.tr\/en\/wp-json\/wp\/v2\/types\/page"}],"author":[{"embeddable":true,"href":"https:\/\/www.teknoproses.com.tr\/en\/wp-json\/wp\/v2\/users\/1"}],"replies":[{"embeddable":true,"href":"https:\/\/www.teknoproses.com.tr\/en\/wp-json\/wp\/v2\/comments?post=1242"}],"version-history":[{"count":3,"href":"https:\/\/www.teknoproses.com.tr\/en\/wp-json\/wp\/v2\/pages\/1242\/revisions"}],"predecessor-version":[{"id":1331,"href":"https:\/\/www.teknoproses.com.tr\/en\/wp-json\/wp\/v2\/pages\/1242\/revisions\/1331"}],"wp:attachment":[{"href":"https:\/\/www.teknoproses.com.tr\/en\/wp-json\/wp\/v2\/media?parent=1242"}],"curies":[{"name":"wp","href":"https:\/\/api.w.org\/{rel}","templated":true}]}}