{"id":1247,"date":"2020-05-14T00:48:49","date_gmt":"2020-05-13T21:48:49","guid":{"rendered":"http:\/\/www.teknoproses.com.tr\/?page_id=1247"},"modified":"2021-04-25T19:38:04","modified_gmt":"2021-04-25T16:38:04","slug":"tubuler-isitma-sogutma-esanjorleri","status":"publish","type":"page","link":"https:\/\/www.teknoproses.com.tr\/en\/tubuler-isitma-sogutma-esanjorleri","title":{"rendered":"Tubular Heating &#038; Cooling Exchangers"},"content":{"rendered":"<p>Tubular Heating &amp; Cooling Exchangers\"><img width=\"150\" height=\"150\" src=\"https:\/\/www.teknoproses.com.tr\/wp-content\/uploads\/2020\/05\/thc2-150x150.jpg\" class=\"attachment-thumbnail size-thumbnail\" alt=\"Tubular Heating &amp; Cooling Exchangers\" decoding=\"async\" loading=\"lazy\" \/><\/a>\n\t\t\t<\/dt><\/dl><dl class='gallery-item'>\n\t\t\t<dt class='gallery-icon landscape'>\n\t\t\t\t<a class=\"grouped_elements\" rel=\"tc-fancybox-group\" href=\"https:\/\/www.teknoproses.com.tr\/wp-content\/uploads\/2020\/05\/thc1.jpg\" title=\"Tubular Heating &amp; Cooling Exchangers\"><img width=\"150\" height=\"150\" src=\"https:\/\/www.teknoproses.com.tr\/wp-content\/uploads\/2020\/05\/thc1-150x150.jpg\" class=\"attachment-thumbnail size-thumbnail\" alt=\"Tubular Heating &amp; Cooling Exchangers\" decoding=\"async\" loading=\"lazy\" \/><\/a>\n\t\t\t<\/dt><\/dl><dl class='gallery-item'>\n\t\t\t<dt class='gallery-icon portrait'>\n\t\t\t\t<a class=\"grouped_elements\" rel=\"tc-fancybox-group\" href=\"https:\/\/www.teknoproses.com.tr\/wp-content\/uploads\/2020\/05\/tubuler-isitma-sogutma-1.jpg\" title=\"Tubular Heating &amp; Cooling Exchangers\"><img width=\"150\" height=\"150\" src=\"https:\/\/www.teknoproses.com.tr\/wp-content\/uploads\/2020\/05\/tubuler-isitma-sogutma-1-150x150.jpg\" class=\"attachment-thumbnail size-thumbnail\" alt=\"Tubular Heating &amp; Cooling Exchangers\" decoding=\"async\" loading=\"lazy\" \/><\/a>\n\t\t\t<\/dt><\/dl>\n\t\t\t<br style='clear: both' \/>\n\t\t<\/div>\n<br \/>\nT\u00fcb\u00fcler e\u015fanj\u00f6rler \u00f6zellikle y\u00fcksek viskoziteli \u00fcr\u00fcnlerle par\u00e7ac\u0131k, posa ve lif i\u00e7eren \u00fcr\u00fcnlere \u0131s\u0131l i\u015flem uygulamak i\u00e7in tasarlanm\u0131\u015ft\u0131r. T\u00fcb\u00fcler e\u015fanj\u00f6rler temel olarak \u0131s\u0131tma, so\u011futma, past\u00f6rizasyon ve UHT i\u015flerini ger\u00e7ekle\u015ftirmek i\u00e7in kullan\u0131lmaktad\u0131r. Gereken \u00fcr\u00fcn kapasitesine ve \u00fcr\u00fcn \u00f6zelliklerine g\u00f6re \u00f6zel olarak tasarlanmaktad\u0131r.<br \/>\nT\u00fcb\u00fcler e\u015fanj\u00f6rler i\u00e7inde bir ve ya birden \u00e7ok borunun oldu\u011fu d\u00fcz bir borudur. \u0130\u00e7teki borular bir g\u00f6vde i\u00e7inde konumland\u0131r\u0131l\u0131r. \u0130\u00e7teki borular \u0131s\u0131 transfer alan\u0131n\u0131 artt\u0131rmak i\u00e7in k\u0131vr\u0131ml\u0131 borulard\u0131r. K\u0131vr\u0131mlar ve optimize \u00fcr\u00fcn \/medya hacim oran\u0131, \u0131s\u0131 e\u015fanj\u00f6rlerinin termal etkinli\u011fine g\u00f6re art\u0131\u015f g\u00f6sterebilir. Mod\u00fcler dizayn, montaj, ekleme ve de\u011fi\u015fimlerin kolay olmas\u0131n\u0131 sa\u011flar.<br \/>\nKullan\u0131m alanlar\u0131 \u00e7ok geni\u015ftir.Bunlardan baz\u0131lar\u0131 a\u015fa\u011f\u0131dad\u0131r;<\/p>\n<p>S\u00fct End\u00fcstrisi<br \/>\n\u2022 S\u00fct ve krema past\u00f6rizasyonu<br \/>\n\u2022 UHT Prosesleri<br \/>\n\u2022 S\u00fct ve krema so\u011futmas\u0131<br \/>\n\u2022 Yo\u011furt prosesindeki \u0131s\u0131 uygulamalar\u0131<br \/>\n\u2022 Yo\u011furt so\u011futma (Meyveli Yo\u011furt vb)<br \/>\n\u2022 Quark peynir s\u00fct\u00fc \u0131s\u0131 uygulamalar\u0131<br \/>\n\u2022 Quark so\u011futma<br \/>\n\u2022 CIP \u00fcnitesi<\/p>\n<p>Meyve Suyu End\u00fcstrisi<br \/>\nA\u015fa\u011f\u0131dakiler\u0131n \u0131s\u0131t\u0131lmas\u0131 ve so\u011futulmas\u0131:<br \/>\n\u2022 Meyve ve sebze par\u00e7ac\u0131klar\u0131<br \/>\n\u2022 Meyve ve sebze p\u00fcreleri<br \/>\nLifli meyve sular\u0131<br \/>\n\u2022 Meyve par\u00e7ac\u0131kl\u0131 meyve sular\u0131<br \/>\n\u2022 Meyve p\u00fcreli meyve sular\u0131<br \/>\n\u2022 Konsantreler<br \/>\n\u2022 Aromalar<\/p>\n<p>G\u0131da End\u00fcstrisi<br \/>\n\u2022 Yumurta ve yumurta \u00fcr\u00fcnlerinin past\u00f6rizasyonu<br \/>\n\u2022 Ket\u00e7ap past\u00f6rizasyonu<br \/>\n\u2022 Yumurta ve yumurta \u00fcr\u00fcnlerinin so\u011futulmas\u0131<br \/>\n\u2022 Hardal so\u011futma<br \/>\n\u2022 Soslar\u0131n \u0131s\u0131t\u0131lmas\u0131 ve so\u011futulmas\u0131<br \/>\n\u2022 Ya\u011flar\u0131n \u0131s\u0131t\u0131lmas\u0131 ve so\u011futulmas\u0131<br \/>\n\u2022 May\u015fe \u0131s\u0131tma ve so\u011futma<br \/>\n\u2022 Tatl\u0131lar\u0131n \u0131s\u0131t\u0131lmas\u0131 ve so\u011futulmas\u0131<br \/>\n\u2022 Pompa ile transfer edilebilen g\u0131dalar\u0131n \u0131s\u0131l i\u015flemlerinde\n\t\t<style type=\"text\/css\">\n\t\t\t#gallery-2 {\n\t\t\t\tmargin: auto;\n\t\t\t}\n\t\t\t#gallery-2 .gallery-item {\n\t\t\t\tfloat: left;\n\t\t\t\tmargin-top: 10px;\n\t\t\t\ttext-align: center;\n\t\t\t\twidth: 16%;\n\t\t\t}\n\t\t\t#gallery-2 img {\n\t\t\t\tborder: 2px solid #cfcfcf;\n\t\t\t}\n\t\t\t#gallery-2 .gallery-caption {\n\t\t\t\tmargin-left: 0;\n\t\t\t}\n\t\t\t\/* see gallery_shortcode() in wp-includes\/media.php *\/\n\t\t<\/style>\n\t\t<div id='gallery-2' class='gallery galleryid-1247 gallery-columns-6 gallery-size-thumbnail'><dl class='gallery-item'>\n\t\t\t<dt class='gallery-icon portrait'>\n\t\t\t\t<a class=\"grouped_elements\" rel=\"tc-fancybox-group\" href=\"https:\/\/www.teknoproses.com.tr\/wp-content\/uploads\/2020\/05\/thc2.jpg\" title=\"Tubular Heating &amp; Cooling Exchangers\"><img width=\"150\" height=\"150\" src=\"https:\/\/www.teknoproses.com.tr\/wp-content\/uploads\/2020\/05\/thc2-150x150.jpg\" class=\"attachment-thumbnail size-thumbnail\" alt=\"Tubular Heating &amp; Cooling Exchangers\" decoding=\"async\" loading=\"lazy\" \/><\/a>\n\t\t\t<\/dt><\/dl><dl class='gallery-item'>\n\t\t\t<dt class='gallery-icon landscape'>\n\t\t\t\t<a class=\"grouped_elements\" rel=\"tc-fancybox-group\" href=\"https:\/\/www.teknoproses.com.tr\/wp-content\/uploads\/2020\/05\/thc1.jpg\" title=\"Tubular Heating &amp; Cooling Exchangers\"><img width=\"150\" height=\"150\" src=\"https:\/\/www.teknoproses.com.tr\/wp-content\/uploads\/2020\/05\/thc1-150x150.jpg\" class=\"attachment-thumbnail size-thumbnail\" alt=\"Tubular Heating &amp; Cooling Exchangers\" decoding=\"async\" loading=\"lazy\" \/><\/a>\n\t\t\t<\/dt><\/dl><dl class='gallery-item'>\n\t\t\t<dt class='gallery-icon portrait'>\n\t\t\t\t<a class=\"grouped_elements\" rel=\"tc-fancybox-group\" href=\"https:\/\/www.teknoproses.com.tr\/wp-content\/uploads\/2020\/05\/tubuler-isitma-sogutma-1.jpg\" title=\"Tubular Heating &amp; Cooling Exchangers\"><img width=\"150\" height=\"150\" src=\"https:\/\/www.teknoproses.com.tr\/wp-content\/uploads\/2020\/05\/tubuler-isitma-sogutma-1-150x150.jpg\" class=\"attachment-thumbnail size-thumbnail\" alt=\"Tubular Heating &amp; Cooling Exchangers\" decoding=\"async\" loading=\"lazy\" \/><\/a>\n\t\t\t<\/dt><\/dl>\n\t\t\t<br style='clear: both' \/>\n\t\t<\/div>\n<br \/>\nTubular heat exchangers are specially designed to heat treat high viscosity products and products containing particles, fiber and fiber. Tubular heat exchangers are mainly used for heating, cooling, pasteurization and UHT work. It is specially designed according to the required product capacity and product features.<\/p>\n<p>It is a straight pipe with one or more pipes in the tubular heat exchangers. The inner pipes are located in a body. Pipes inside are corrugated pipes to increase heat transfer area. Folds and optimized product \/ media volume ratio may increase according to the thermal efficiency of the heat exchangers. Modular design ensures easy assembly, addition and replacement.<br \/>\nUsage areas are very wide. Some of them are below;<\/p>\n<p>Dairy Industry<br \/>\n\u2022 Milk and cream pasteurization<br \/>\n\u2022 UHT Processes<br \/>\n\u2022 Milk and cream cooling<br \/>\n\u2022 Heat applications in yogurt process<br \/>\n\u2022 Yogurt cooling (Fruit Yogurt etc.)<br \/>\n\u2022 Heating of boiler milk<br \/>\n\u2022 Quark cheese milk heat applications<br \/>\n\u2022 Quark cooling<br \/>\n\u2022 C\u0131p unit<\/p>\n<p>Fruit Juice Industry<br \/>\nHeating and cooling of the following:<br \/>\n\u2022 Fruit and vegetable particles<br \/>\n\u2022 Fruit and vegetable purees<br \/>\nFibrous juices<br \/>\n\u2022 Fruit juices with fruit particles<br \/>\n\u2022 Fruit puree juices<br \/>\n\u2022 Concentrates<br \/>\n\u2022 Flavors<\/p>\n<p>Food Industry<br \/>\n\u2022 Pasteurization of eggs and egg products<br \/>\n\u2022 Ketchup pasteurization<br \/>\n\u2022 Cooling of eggs and egg products<br \/>\n\u2022 Mustard cooling<br \/>\n\u2022 Heating and cooling of sauces<br \/>\n\u2022 Heating and cooling of oils<br \/>\n\u2022 Mash heating and cooling<br \/>\n\u2022 Heating and cooling of desserts<br \/>\n\u2022 In heat treatment of foods that can be transferred by pump<\/p>","protected":false},"excerpt":{"rendered":"<p>Tubular heat exchangers are specially designed to heat treat high viscosity products and products containing particles, fiber and fiber. Tubular heat exchangers are mainly used for heating, cooling, pasteurization and UHT work. It is specially designed according to the required product capacity and product features. It is a straight pipe with one or more pipes [&hellip;]<\/p>\n","protected":false},"author":1,"featured_media":0,"parent":0,"menu_order":0,"comment_status":"closed","ping_status":"closed","template":"","meta":[],"yoast_head":"<!-- This site is optimized with the Yoast SEO plugin v18.1 - https:\/\/yoast.com\/wordpress\/plugins\/seo\/ -->\n<title>Tubular Heating &amp; Cooling Exchangers | Teknoproses<\/title>\n<meta name=\"robots\" content=\"index, follow, max-snippet:-1, max-image-preview:large, max-video-preview:-1\" \/>\n<link rel=\"canonical\" href=\"https:\/\/www.teknoproses.com.tr\/tubuler-isitma-sogutma-esanjorleri\" \/>\n<meta property=\"og:locale\" content=\"en_US\" \/>\n<meta property=\"og:type\" content=\"article\" \/>\n<meta property=\"og:title\" content=\"Tubular Heating &amp; Cooling Exchangers | Teknoproses\" \/>\n<meta property=\"og:description\" content=\"Tubular heat exchangers are specially designed to heat treat high viscosity products and products containing particles, fiber and fiber. Tubular heat exchangers are mainly used for heating, cooling, pasteurization and UHT work. It is specially designed according to the required product capacity and product features. It is a straight pipe with one or more pipes [&hellip;]\" \/>\n<meta property=\"og:url\" content=\"https:\/\/www.teknoproses.com.tr\/tubuler-isitma-sogutma-esanjorleri\" \/>\n<meta property=\"og:site_name\" content=\"Teknoproses\" \/>\n<meta property=\"article:modified_time\" content=\"2021-04-25T16:38:04+00:00\" \/>\n<meta property=\"og:image\" content=\"https:\/\/www.teknoproses.com.tr\/wp-content\/uploads\/2020\/05\/thc2-150x150.jpg\" \/>\n<meta name=\"twitter:label1\" content=\"Est. reading time\" \/>\n\t<meta name=\"twitter:data1\" content=\"3 minutes\" \/>\n<script type=\"application\/ld+json\" class=\"yoast-schema-graph\">{\"@context\":\"https:\/\/schema.org\",\"@graph\":[{\"@type\":\"WebSite\",\"@id\":\"https:\/\/www.teknoproses.com.tr\/#website\",\"url\":\"https:\/\/www.teknoproses.com.tr\/\",\"name\":\"Teknoproses\",\"description\":\"\",\"potentialAction\":[{\"@type\":\"SearchAction\",\"target\":{\"@type\":\"EntryPoint\",\"urlTemplate\":\"https:\/\/www.teknoproses.com.tr\/?s={search_term_string}\"},\"query-input\":\"required name=search_term_string\"}],\"inLanguage\":\"en-US\"},{\"@type\":\"WebPage\",\"@id\":\"https:\/\/www.teknoproses.com.tr\/tubuler-isitma-sogutma-esanjorleri#webpage\",\"url\":\"https:\/\/www.teknoproses.com.tr\/tubuler-isitma-sogutma-esanjorleri\",\"name\":\"Tubular Heating & Cooling Exchangers | Teknoproses\",\"isPartOf\":{\"@id\":\"https:\/\/www.teknoproses.com.tr\/#website\"},\"datePublished\":\"2020-05-13T21:48:49+00:00\",\"dateModified\":\"2021-04-25T16:38:04+00:00\",\"breadcrumb\":{\"@id\":\"https:\/\/www.teknoproses.com.tr\/tubuler-isitma-sogutma-esanjorleri#breadcrumb\"},\"inLanguage\":\"en-US\",\"potentialAction\":[{\"@type\":\"ReadAction\",\"target\":[\"https:\/\/www.teknoproses.com.tr\/tubuler-isitma-sogutma-esanjorleri\"]}]},{\"@type\":\"BreadcrumbList\",\"@id\":\"https:\/\/www.teknoproses.com.tr\/tubuler-isitma-sogutma-esanjorleri#breadcrumb\",\"itemListElement\":[{\"@type\":\"ListItem\",\"position\":1,\"name\":\"Anasayfa\",\"item\":\"https:\/\/www.teknoproses.com.tr\/\"},{\"@type\":\"ListItem\",\"position\":2,\"name\":\"T\u00fcb\u00fcler Is\u0131tma &#038; So\u011futma E\u015fanj\u00f6rleri\"}]}]}<\/script>\n<!-- \/ Yoast SEO plugin. -->","yoast_head_json":{"title":"Tubular Heating & Cooling Exchangers | Teknoproses","robots":{"index":"index","follow":"follow","max-snippet":"max-snippet:-1","max-image-preview":"max-image-preview:large","max-video-preview":"max-video-preview:-1"},"canonical":"https:\/\/www.teknoproses.com.tr\/tubuler-isitma-sogutma-esanjorleri","og_locale":"en_US","og_type":"article","og_title":"Tubular Heating & Cooling Exchangers | Teknoproses","og_description":"Tubular heat exchangers are specially designed to heat treat high viscosity products and products containing particles, fiber and fiber. Tubular heat exchangers are mainly used for heating, cooling, pasteurization and UHT work. It is specially designed according to the required product capacity and product features. It is a straight pipe with one or more pipes [&hellip;]","og_url":"https:\/\/www.teknoproses.com.tr\/tubuler-isitma-sogutma-esanjorleri","og_site_name":"Teknoproses","article_modified_time":"2021-04-25T16:38:04+00:00","og_image":[{"url":"https:\/\/www.teknoproses.com.tr\/wp-content\/uploads\/2020\/05\/thc2-150x150.jpg"}],"twitter_misc":{"Est. reading time":"3 minutes"},"schema":{"@context":"https:\/\/schema.org","@graph":[{"@type":"WebSite","@id":"https:\/\/www.teknoproses.com.tr\/#website","url":"https:\/\/www.teknoproses.com.tr\/","name":"Teknoproses","description":"","potentialAction":[{"@type":"SearchAction","target":{"@type":"EntryPoint","urlTemplate":"https:\/\/www.teknoproses.com.tr\/?s={search_term_string}"},"query-input":"required name=search_term_string"}],"inLanguage":"en-US"},{"@type":"WebPage","@id":"https:\/\/www.teknoproses.com.tr\/tubuler-isitma-sogutma-esanjorleri#webpage","url":"https:\/\/www.teknoproses.com.tr\/tubuler-isitma-sogutma-esanjorleri","name":"Tubular Heating & Cooling Exchangers | Teknoproses","isPartOf":{"@id":"https:\/\/www.teknoproses.com.tr\/#website"},"datePublished":"2020-05-13T21:48:49+00:00","dateModified":"2021-04-25T16:38:04+00:00","breadcrumb":{"@id":"https:\/\/www.teknoproses.com.tr\/tubuler-isitma-sogutma-esanjorleri#breadcrumb"},"inLanguage":"en-US","potentialAction":[{"@type":"ReadAction","target":["https:\/\/www.teknoproses.com.tr\/tubuler-isitma-sogutma-esanjorleri"]}]},{"@type":"BreadcrumbList","@id":"https:\/\/www.teknoproses.com.tr\/tubuler-isitma-sogutma-esanjorleri#breadcrumb","itemListElement":[{"@type":"ListItem","position":1,"name":"Anasayfa","item":"https:\/\/www.teknoproses.com.tr\/"},{"@type":"ListItem","position":2,"name":"T\u00fcb\u00fcler Is\u0131tma &#038; So\u011futma E\u015fanj\u00f6rleri"}]}]}},"_links":{"self":[{"href":"https:\/\/www.teknoproses.com.tr\/en\/wp-json\/wp\/v2\/pages\/1247"}],"collection":[{"href":"https:\/\/www.teknoproses.com.tr\/en\/wp-json\/wp\/v2\/pages"}],"about":[{"href":"https:\/\/www.teknoproses.com.tr\/en\/wp-json\/wp\/v2\/types\/page"}],"author":[{"embeddable":true,"href":"https:\/\/www.teknoproses.com.tr\/en\/wp-json\/wp\/v2\/users\/1"}],"replies":[{"embeddable":true,"href":"https:\/\/www.teknoproses.com.tr\/en\/wp-json\/wp\/v2\/comments?post=1247"}],"version-history":[{"count":3,"href":"https:\/\/www.teknoproses.com.tr\/en\/wp-json\/wp\/v2\/pages\/1247\/revisions"}],"predecessor-version":[{"id":1333,"href":"https:\/\/www.teknoproses.com.tr\/en\/wp-json\/wp\/v2\/pages\/1247\/revisions\/1333"}],"wp:attachment":[{"href":"https:\/\/www.teknoproses.com.tr\/en\/wp-json\/wp\/v2\/media?parent=1247"}],"curies":[{"name":"wp","href":"https:\/\/api.w.org\/{rel}","templated":true}]}}