{"id":1260,"date":"2020-06-19T22:24:54","date_gmt":"2020-06-19T19:24:54","guid":{"rendered":"http:\/\/www.teknoproses.com.tr\/?page_id=1260"},"modified":"2021-04-27T00:34:11","modified_gmt":"2021-04-26T21:34:11","slug":"vana-tarlasi-otomasyon","status":"publish","type":"page","link":"https:\/\/www.teknoproses.com.tr\/en\/vana-tarlasi-otomasyon","title":{"rendered":"Valve Cluster &#038; Automation"},"content":{"rendered":"<p>Valve Clusters\"><img width=\"150\" height=\"150\" src=\"https:\/\/www.teknoproses.com.tr\/wp-content\/uploads\/2020\/06\/vt1-150x150.jpg\" class=\"attachment-thumbnail size-thumbnail\" alt=\"Valve Clusters\" decoding=\"async\" loading=\"lazy\" \/><\/a>\n\t\t\t<\/dt><\/dl><dl class='gallery-item'>\n\t\t\t<dt class='gallery-icon landscape'>\n\t\t\t\t<a class=\"grouped_elements\" rel=\"tc-fancybox-group\" href=\"https:\/\/www.teknoproses.com.tr\/wp-content\/uploads\/2020\/06\/vt2.jpg\" title=\"Valve Clusters\"><img width=\"150\" height=\"150\" src=\"https:\/\/www.teknoproses.com.tr\/wp-content\/uploads\/2020\/06\/vt2-150x150.jpg\" class=\"attachment-thumbnail size-thumbnail\" alt=\"Valve Clusters\" decoding=\"async\" loading=\"lazy\" \/><\/a>\n\t\t\t<\/dt><\/dl><dl class='gallery-item'>\n\t\t\t<dt class='gallery-icon landscape'>\n\t\t\t\t<a class=\"grouped_elements\" rel=\"tc-fancybox-group\" href=\"https:\/\/www.teknoproses.com.tr\/wp-content\/uploads\/2020\/06\/vt3.jpg\" title=\"Valve Clusters\"><img width=\"150\" height=\"150\" src=\"https:\/\/www.teknoproses.com.tr\/wp-content\/uploads\/2020\/06\/vt3-150x150.jpg\" class=\"attachment-thumbnail size-thumbnail\" alt=\"Valve Clusters\" decoding=\"async\" loading=\"lazy\" \/><\/a>\n\t\t\t<\/dt><\/dl><dl class='gallery-item'>\n\t\t\t<dt class='gallery-icon landscape'>\n\t\t\t\t<a class=\"grouped_elements\" rel=\"tc-fancybox-group\" href=\"https:\/\/www.teknoproses.com.tr\/wp-content\/uploads\/2020\/06\/vt4.jpg\" title=\"Valve Clusters\"><img width=\"150\" height=\"150\" src=\"https:\/\/www.teknoproses.com.tr\/wp-content\/uploads\/2020\/06\/vt4-150x150.jpg\" class=\"attachment-thumbnail size-thumbnail\" alt=\"Valve Clusters\" decoding=\"async\" loading=\"lazy\" \/><\/a>\n\t\t\t<\/dt><\/dl><dl class='gallery-item'>\n\t\t\t<dt class='gallery-icon landscape'>\n\t\t\t\t<a class=\"grouped_elements\" rel=\"tc-fancybox-group\" href=\"https:\/\/www.teknoproses.com.tr\/wp-content\/uploads\/2020\/06\/vana-tarlasi-1.jpg\" title=\"Valve Clusters\"><img width=\"150\" height=\"150\" src=\"https:\/\/www.teknoproses.com.tr\/wp-content\/uploads\/2020\/06\/vana-tarlasi-1-150x150.jpg\" class=\"attachment-thumbnail size-thumbnail\" alt=\"Valve Clusters\" decoding=\"async\" loading=\"lazy\" \/><\/a>\n\t\t\t<\/dt><\/dl><dl class='gallery-item'>\n\t\t\t<dt class='gallery-icon landscape'>\n\t\t\t\t<a class=\"grouped_elements\" rel=\"tc-fancybox-group\" href=\"https:\/\/www.teknoproses.com.tr\/wp-content\/uploads\/2020\/06\/vana-tarlasi-3.jpg\" title=\"Valve Clusters\"><img width=\"150\" height=\"150\" src=\"https:\/\/www.teknoproses.com.tr\/wp-content\/uploads\/2020\/06\/vana-tarlasi-3-150x150.jpg\" class=\"attachment-thumbnail size-thumbnail\" alt=\"Valve Clusters\" decoding=\"async\" loading=\"lazy\" \/><\/a>\n\t\t\t<\/dt><\/dl><br style=\"clear: both\" \/><dl class='gallery-item'>\n\t\t\t<dt class='gallery-icon landscape'>\n\t\t\t\t<a class=\"grouped_elements\" rel=\"tc-fancybox-group\" href=\"https:\/\/www.teknoproses.com.tr\/wp-content\/uploads\/2020\/06\/vana-tarlasi-4.jpg\" title=\"Valve Clusters\"><img width=\"150\" height=\"150\" src=\"https:\/\/www.teknoproses.com.tr\/wp-content\/uploads\/2020\/06\/vana-tarlasi-4-150x150.jpg\" class=\"attachment-thumbnail size-thumbnail\" alt=\"Valve Clusters\" decoding=\"async\" loading=\"lazy\" \/><\/a>\n\t\t\t<\/dt><\/dl><dl class='gallery-item'>\n\t\t\t<dt class='gallery-icon landscape'>\n\t\t\t\t<a class=\"grouped_elements\" rel=\"tc-fancybox-group\" href=\"https:\/\/www.teknoproses.com.tr\/wp-content\/uploads\/2020\/06\/vana-1.jpg\" title=\"Valve Clusters\"><img width=\"150\" height=\"150\" src=\"https:\/\/www.teknoproses.com.tr\/wp-content\/uploads\/2020\/06\/vana-1-150x150.jpg\" class=\"attachment-thumbnail size-thumbnail\" alt=\"Valve Clusters\" decoding=\"async\" loading=\"lazy\" \/><\/a>\n\t\t\t<\/dt><\/dl><dl class='gallery-item'>\n\t\t\t<dt class='gallery-icon landscape'>\n\t\t\t\t<a class=\"grouped_elements\" rel=\"tc-fancybox-group\" href=\"https:\/\/www.teknoproses.com.tr\/wp-content\/uploads\/2020\/06\/vana-2.jpg\" title=\"Valve Clusters\"><img width=\"150\" height=\"150\" src=\"https:\/\/www.teknoproses.com.tr\/wp-content\/uploads\/2020\/06\/vana-2-150x150.jpg\" class=\"attachment-thumbnail size-thumbnail\" alt=\"Valve Clusters\" decoding=\"async\" loading=\"lazy\" \/><\/a>\n\t\t\t<\/dt><\/dl><dl class='gallery-item'>\n\t\t\t<dt class='gallery-icon landscape'>\n\t\t\t\t<a class=\"grouped_elements\" rel=\"tc-fancybox-group\" href=\"https:\/\/www.teknoproses.com.tr\/wp-content\/uploads\/2020\/06\/vana-3.jpg\" title=\"Valve Clusters\"><img width=\"150\" height=\"150\" src=\"https:\/\/www.teknoproses.com.tr\/wp-content\/uploads\/2020\/06\/vana-3-150x150.jpg\" class=\"attachment-thumbnail size-thumbnail\" alt=\"Valve Clusters\" decoding=\"async\" loading=\"lazy\" \/><\/a>\n\t\t\t<\/dt><\/dl><dl class='gallery-item'>\n\t\t\t<dt class='gallery-icon portrait'>\n\t\t\t\t<a class=\"grouped_elements\" rel=\"tc-fancybox-group\" href=\"https:\/\/www.teknoproses.com.tr\/wp-content\/uploads\/2020\/06\/vana-4.jpg\" title=\"Installation Services\"><img width=\"150\" height=\"150\" src=\"https:\/\/www.teknoproses.com.tr\/wp-content\/uploads\/2020\/06\/vana-4-150x150.jpg\" class=\"attachment-thumbnail size-thumbnail\" alt=\"Installation Services\" decoding=\"async\" loading=\"lazy\" \/><\/a>\n\t\t\t<\/dt><\/dl><dl class='gallery-item'>\n\t\t\t<dt class='gallery-icon portrait'>\n\t\t\t\t<a class=\"grouped_elements\" rel=\"tc-fancybox-group\" href=\"https:\/\/www.teknoproses.com.tr\/wp-content\/uploads\/2020\/06\/vana-tarlasi-2-1.jpg\" title=\"Installation Services\"><img width=\"150\" height=\"150\" src=\"https:\/\/www.teknoproses.com.tr\/wp-content\/uploads\/2020\/06\/vana-tarlasi-2-1-150x150.jpg\" class=\"attachment-thumbnail size-thumbnail\" alt=\"Installation Services\" decoding=\"async\" loading=\"lazy\" \/><\/a>\n\t\t\t<\/dt><\/dl><br style=\"clear: both\" \/>\n\t\t<\/div>\n<\/p>\n<p>Otomasyon ve hijyen seviyesi en \u00fcst d\u00fczey tesislerin vazge\u00e7ilmez unsuru olan Vana Tarlalar\u0131 Teknoproses M\u00fchendisli\u011fin y\u00fcksek m\u00fchendislik kalitesi ile m\u00fc\u015fteri ihtiya\u00e7lar\u0131na g\u00f6re \u00f6zel olarak dizayn etti\u011fi otomasyon unsurlar\u0131n\u0131n ba\u015f\u0131nda gelmektedir. Teknoproses M\u00fchendislik olarak m\u00fc\u015fteri ihtiya\u00e7lar\u0131na g\u00f6re Vana Tarlalar\u0131n\u0131 dizayn ediyoruz ve \u00fcretimi sonras\u0131 saha montaj\u0131n\u0131 yaparak otomasyon entegrasyonunu yap\u0131yoruz.<\/p>\n<p>Vana tarlalar\u0131nda:<\/p>\n<ul>\n<li>ASI protokol sistem ba\u011flant\u0131l\u0131 Mixproof \u00f6zellikte GEA vanalar kullan\u0131lmaktad\u0131r.<\/li>\n<li>Bu vanalar Dolu Malzemeden CNC tezgahlar\u0131nda i\u015flenerek elde edilen kaynaks\u0131z g\u00f6vdelerden \u00fcretilmekte,<\/li>\n<li>Et Kal\u0131nl\u0131\u011f\u0131: Min 6mm<\/li>\n<li>\u00dcr\u00fcnle Temas Eden Elastomerler: Phthalate_Free testinden ge\u00e7mi\u015f,<\/li>\n<li>\u00dcr\u00fcnle Temas Eden Elastomerler: Migrasyon_Free testinden ge\u00e7mi\u015f,<\/li>\n<li>Bas\u0131n\u00e7 Dayan\u0131m\u0131: 5-20 bar aras\u0131nda ihtiyaca g\u00f6re dizayn edilebilir,<\/li>\n<li>\u00dcr\u00fcnle Temas Eden Y\u00fczeyler: Ra 0.8 \u00b5m p\u00fcr\u00fczs\u00fczl\u00fck de\u011ferinin alt\u0131nda,<\/li>\n<li>Kolay temizlenebilir(CIP) ve tahliye edilebilir k\u00fcre g\u00f6vdelere sahip,<\/li>\n<li>Uzun \u00f6m\u00fcrl\u00fc V-Ring Disk Elastomerleri mevcut,<\/li>\n<li>Normalde Kapal\u0131 dan Normalde A\u00e7\u0131\u011fa, ilave bir par\u00e7a olmadan, kolayca \u00e7evrilebilen Akt\u00fcat\u00f6r tipinde,<\/li>\n<li>Malzeme Analiz(3.1) ve Malzeme Onay(2.2) sertifikalar\u0131 olan,<\/li>\n<li>EHEDG Hijyenik Dizayn Serifikal\u0131 vanalard\u0131r.<\/li>\n<li>Ayr\u0131ca bu vanalar DN15-DN65, DN80-100, DN125-150 olmak \u00fczere sadece 3 farkl\u0131 akt\u00fcat\u00f6r se\u00e7ene\u011fiyle tesisdeki yedek par\u00e7a tutma ihtiyac\u0131 azalt\u0131l\u0131r.<\/li>\n<\/ul>\n<p>\n\t\t<style type=\"text\/css\">\n\t\t\t#gallery-2 {\n\t\t\t\tmargin: auto;\n\t\t\t}\n\t\t\t#gallery-2 .gallery-item {\n\t\t\t\tfloat: left;\n\t\t\t\tmargin-top: 10px;\n\t\t\t\ttext-align: center;\n\t\t\t\twidth: 16%;\n\t\t\t}\n\t\t\t#gallery-2 img {\n\t\t\t\tborder: 2px solid #cfcfcf;\n\t\t\t}\n\t\t\t#gallery-2 .gallery-caption {\n\t\t\t\tmargin-left: 0;\n\t\t\t}\n\t\t\t\/* see gallery_shortcode() in wp-includes\/media.php *\/\n\t\t<\/style>\n\t\t<div id='gallery-2' class='gallery galleryid-1260 gallery-columns-6 gallery-size-thumbnail'><dl class='gallery-item'>\n\t\t\t<dt class='gallery-icon landscape'>\n\t\t\t\t<a class=\"grouped_elements\" rel=\"tc-fancybox-group\" href=\"https:\/\/www.teknoproses.com.tr\/wp-content\/uploads\/2020\/06\/vt1.jpg\" title=\"Valve Clusters\"><img width=\"150\" height=\"150\" src=\"https:\/\/www.teknoproses.com.tr\/wp-content\/uploads\/2020\/06\/vt1-150x150.jpg\" class=\"attachment-thumbnail size-thumbnail\" alt=\"Valve Clusters\" decoding=\"async\" loading=\"lazy\" \/><\/a>\n\t\t\t<\/dt><\/dl><dl class='gallery-item'>\n\t\t\t<dt class='gallery-icon landscape'>\n\t\t\t\t<a class=\"grouped_elements\" rel=\"tc-fancybox-group\" href=\"https:\/\/www.teknoproses.com.tr\/wp-content\/uploads\/2020\/06\/vt2.jpg\" title=\"Valve Clusters\"><img width=\"150\" height=\"150\" src=\"https:\/\/www.teknoproses.com.tr\/wp-content\/uploads\/2020\/06\/vt2-150x150.jpg\" class=\"attachment-thumbnail size-thumbnail\" alt=\"Valve Clusters\" decoding=\"async\" loading=\"lazy\" \/><\/a>\n\t\t\t<\/dt><\/dl><dl class='gallery-item'>\n\t\t\t<dt class='gallery-icon landscape'>\n\t\t\t\t<a class=\"grouped_elements\" rel=\"tc-fancybox-group\" href=\"https:\/\/www.teknoproses.com.tr\/wp-content\/uploads\/2020\/06\/vt3.jpg\" title=\"Valve Clusters\"><img width=\"150\" height=\"150\" src=\"https:\/\/www.teknoproses.com.tr\/wp-content\/uploads\/2020\/06\/vt3-150x150.jpg\" class=\"attachment-thumbnail size-thumbnail\" alt=\"Valve Clusters\" decoding=\"async\" loading=\"lazy\" \/><\/a>\n\t\t\t<\/dt><\/dl><dl class='gallery-item'>\n\t\t\t<dt class='gallery-icon landscape'>\n\t\t\t\t<a class=\"grouped_elements\" rel=\"tc-fancybox-group\" href=\"https:\/\/www.teknoproses.com.tr\/wp-content\/uploads\/2020\/06\/vt4.jpg\" title=\"Valve Clusters\"><img width=\"150\" height=\"150\" src=\"https:\/\/www.teknoproses.com.tr\/wp-content\/uploads\/2020\/06\/vt4-150x150.jpg\" class=\"attachment-thumbnail size-thumbnail\" alt=\"Valve Clusters\" decoding=\"async\" loading=\"lazy\" \/><\/a>\n\t\t\t<\/dt><\/dl><dl class='gallery-item'>\n\t\t\t<dt class='gallery-icon landscape'>\n\t\t\t\t<a class=\"grouped_elements\" rel=\"tc-fancybox-group\" href=\"https:\/\/www.teknoproses.com.tr\/wp-content\/uploads\/2020\/06\/vana-tarlasi-1.jpg\" title=\"Valve Clusters\"><img width=\"150\" height=\"150\" src=\"https:\/\/www.teknoproses.com.tr\/wp-content\/uploads\/2020\/06\/vana-tarlasi-1-150x150.jpg\" class=\"attachment-thumbnail size-thumbnail\" alt=\"Valve Clusters\" decoding=\"async\" loading=\"lazy\" \/><\/a>\n\t\t\t<\/dt><\/dl><dl class='gallery-item'>\n\t\t\t<dt class='gallery-icon landscape'>\n\t\t\t\t<a class=\"grouped_elements\" rel=\"tc-fancybox-group\" href=\"https:\/\/www.teknoproses.com.tr\/wp-content\/uploads\/2020\/06\/vana-tarlasi-3.jpg\" title=\"Valve Clusters\"><img width=\"150\" height=\"150\" src=\"https:\/\/www.teknoproses.com.tr\/wp-content\/uploads\/2020\/06\/vana-tarlasi-3-150x150.jpg\" class=\"attachment-thumbnail size-thumbnail\" alt=\"Valve Clusters\" decoding=\"async\" loading=\"lazy\" \/><\/a>\n\t\t\t<\/dt><\/dl><br style=\"clear: both\" \/><dl class='gallery-item'>\n\t\t\t<dt class='gallery-icon landscape'>\n\t\t\t\t<a class=\"grouped_elements\" rel=\"tc-fancybox-group\" href=\"https:\/\/www.teknoproses.com.tr\/wp-content\/uploads\/2020\/06\/vana-tarlasi-4.jpg\" title=\"Valve Clusters\"><img width=\"150\" height=\"150\" src=\"https:\/\/www.teknoproses.com.tr\/wp-content\/uploads\/2020\/06\/vana-tarlasi-4-150x150.jpg\" class=\"attachment-thumbnail size-thumbnail\" alt=\"Valve Clusters\" decoding=\"async\" loading=\"lazy\" \/><\/a>\n\t\t\t<\/dt><\/dl><dl class='gallery-item'>\n\t\t\t<dt class='gallery-icon landscape'>\n\t\t\t\t<a class=\"grouped_elements\" rel=\"tc-fancybox-group\" href=\"https:\/\/www.teknoproses.com.tr\/wp-content\/uploads\/2020\/06\/vana-1.jpg\" title=\"Valve Clusters\"><img width=\"150\" height=\"150\" src=\"https:\/\/www.teknoproses.com.tr\/wp-content\/uploads\/2020\/06\/vana-1-150x150.jpg\" class=\"attachment-thumbnail size-thumbnail\" alt=\"Valve Clusters\" decoding=\"async\" loading=\"lazy\" \/><\/a>\n\t\t\t<\/dt><\/dl><dl class='gallery-item'>\n\t\t\t<dt class='gallery-icon landscape'>\n\t\t\t\t<a class=\"grouped_elements\" rel=\"tc-fancybox-group\" href=\"https:\/\/www.teknoproses.com.tr\/wp-content\/uploads\/2020\/06\/vana-2.jpg\" title=\"Valve Clusters\"><img width=\"150\" height=\"150\" src=\"https:\/\/www.teknoproses.com.tr\/wp-content\/uploads\/2020\/06\/vana-2-150x150.jpg\" class=\"attachment-thumbnail size-thumbnail\" alt=\"Valve Clusters\" decoding=\"async\" loading=\"lazy\" \/><\/a>\n\t\t\t<\/dt><\/dl><dl class='gallery-item'>\n\t\t\t<dt class='gallery-icon landscape'>\n\t\t\t\t<a class=\"grouped_elements\" rel=\"tc-fancybox-group\" href=\"https:\/\/www.teknoproses.com.tr\/wp-content\/uploads\/2020\/06\/vana-3.jpg\" title=\"Valve Clusters\"><img width=\"150\" height=\"150\" src=\"https:\/\/www.teknoproses.com.tr\/wp-content\/uploads\/2020\/06\/vana-3-150x150.jpg\" class=\"attachment-thumbnail size-thumbnail\" alt=\"Valve Clusters\" decoding=\"async\" loading=\"lazy\" \/><\/a>\n\t\t\t<\/dt><\/dl><dl class='gallery-item'>\n\t\t\t<dt class='gallery-icon portrait'>\n\t\t\t\t<a class=\"grouped_elements\" rel=\"tc-fancybox-group\" href=\"https:\/\/www.teknoproses.com.tr\/wp-content\/uploads\/2020\/06\/vana-4.jpg\" title=\"Installation Services\"><img width=\"150\" height=\"150\" src=\"https:\/\/www.teknoproses.com.tr\/wp-content\/uploads\/2020\/06\/vana-4-150x150.jpg\" class=\"attachment-thumbnail size-thumbnail\" alt=\"Installation Services\" decoding=\"async\" loading=\"lazy\" \/><\/a>\n\t\t\t<\/dt><\/dl><dl class='gallery-item'>\n\t\t\t<dt class='gallery-icon portrait'>\n\t\t\t\t<a class=\"grouped_elements\" rel=\"tc-fancybox-group\" href=\"https:\/\/www.teknoproses.com.tr\/wp-content\/uploads\/2020\/06\/vana-tarlasi-2-1.jpg\" title=\"Installation Services\"><img width=\"150\" height=\"150\" src=\"https:\/\/www.teknoproses.com.tr\/wp-content\/uploads\/2020\/06\/vana-tarlasi-2-1-150x150.jpg\" class=\"attachment-thumbnail size-thumbnail\" alt=\"Installation Services\" decoding=\"async\" loading=\"lazy\" \/><\/a>\n\t\t\t<\/dt><\/dl><br style=\"clear: both\" \/>\n\t\t<\/div>\n<\/p>\n<p>Valve Cluster, which is an indispensable element of the highest level of automation and hygiene facilities, is one of the automation elements that Teknoproses Engineering specially designed for customer needs with its high engineering quality. As Teknoproses Engineering, we design Valve Cluster according to customer needs and we make automation integration by assembling the field after production.<br \/>\nIn Valve Clusters<\/p>\n<ul>\n<li>Mixproof GEA valves are used with ASI protocol connection system.<\/li>\n<li>These valves are manufactured from solid bodies obtained from CNC machines,<\/li>\n<li>Wall Thickness: Min 6mm,<\/li>\n<li>Elastomers in Contact with the Product: Phthalate_Free test,<\/li>\n<li>Pressure Contact with Elastomers: Migration_Free test,<\/li>\n<li>Pressure Strength: Can be designed according to the needs between 5-20 bars,<\/li>\n<li>Surfaces in Contact with the Product: Under the smoothness value of Ra 0.8 \u00b5m,<\/li>\n<li>Easy to clean (CIP) and evacuated sphere bodies,<\/li>\n<li>Long-life V-Ring Disc Elastomers are available,<\/li>\n<li>Normally Closed to Normally Open They are EHEDG Hygienic Design certificate Valves with Material Analysis (3.1) and Material Approval (2.2) certificates, which can be turned easily without any additional parts.<\/li>\n<li>In addition, the need to keep spare parts in the facility is reduced with only 3 different actuator options such as DN15-DN65, DN80-100, DN125-150.<\/li>\n<\/ul>\n<p><\/p>","protected":false},"excerpt":{"rendered":"<p>Valve Cluster, which is an indispensable element of the highest level of automation and hygiene facilities, is one of the automation elements that Teknoproses Engineering specially designed for customer needs with its high engineering quality. As Teknoproses Engineering, we design Valve Cluster according to customer needs and we make automation integration by assembling the field [&hellip;]<\/p>\n","protected":false},"author":1,"featured_media":0,"parent":0,"menu_order":0,"comment_status":"closed","ping_status":"closed","template":"","meta":[],"yoast_head":"<!-- This site is optimized with the Yoast SEO plugin v18.1 - https:\/\/yoast.com\/wordpress\/plugins\/seo\/ -->\n<title>Valve Cluster &amp; Automation | Teknoproses<\/title>\n<meta name=\"robots\" content=\"index, follow, max-snippet:-1, max-image-preview:large, max-video-preview:-1\" \/>\n<link rel=\"canonical\" href=\"https:\/\/www.teknoproses.com.tr\/vana-tarlasi-otomasyon\" \/>\n<meta property=\"og:locale\" content=\"en_US\" \/>\n<meta property=\"og:type\" content=\"article\" \/>\n<meta property=\"og:title\" content=\"Valve Cluster &amp; Automation | Teknoproses\" \/>\n<meta property=\"og:description\" content=\"Valve Cluster, which is an indispensable element of the highest level of automation and hygiene facilities, is one of the automation elements that Teknoproses Engineering specially designed for customer needs with its high engineering quality. As Teknoproses Engineering, we design Valve Cluster according to customer needs and we make automation integration by assembling the field [&hellip;]\" \/>\n<meta property=\"og:url\" content=\"https:\/\/www.teknoproses.com.tr\/vana-tarlasi-otomasyon\" \/>\n<meta property=\"og:site_name\" content=\"Teknoproses\" \/>\n<meta property=\"article:modified_time\" content=\"2021-04-26T21:34:11+00:00\" \/>\n<meta property=\"og:image\" content=\"https:\/\/www.teknoproses.com.tr\/wp-content\/uploads\/2020\/06\/vt1-150x150.jpg?v=1644428620\" \/>\n<meta name=\"twitter:label1\" content=\"Est. reading time\" \/>\n\t<meta name=\"twitter:data1\" content=\"2 minutes\" \/>\n<script type=\"application\/ld+json\" class=\"yoast-schema-graph\">{\"@context\":\"https:\/\/schema.org\",\"@graph\":[{\"@type\":\"WebSite\",\"@id\":\"https:\/\/www.teknoproses.com.tr\/#website\",\"url\":\"https:\/\/www.teknoproses.com.tr\/\",\"name\":\"Teknoproses\",\"description\":\"\",\"potentialAction\":[{\"@type\":\"SearchAction\",\"target\":{\"@type\":\"EntryPoint\",\"urlTemplate\":\"https:\/\/www.teknoproses.com.tr\/?s={search_term_string}\"},\"query-input\":\"required name=search_term_string\"}],\"inLanguage\":\"en-US\"},{\"@type\":\"WebPage\",\"@id\":\"https:\/\/www.teknoproses.com.tr\/vana-tarlasi-otomasyon#webpage\",\"url\":\"https:\/\/www.teknoproses.com.tr\/vana-tarlasi-otomasyon\",\"name\":\"Valve Cluster & Automation | Teknoproses\",\"isPartOf\":{\"@id\":\"https:\/\/www.teknoproses.com.tr\/#website\"},\"datePublished\":\"2020-06-19T19:24:54+00:00\",\"dateModified\":\"2021-04-26T21:34:11+00:00\",\"breadcrumb\":{\"@id\":\"https:\/\/www.teknoproses.com.tr\/vana-tarlasi-otomasyon#breadcrumb\"},\"inLanguage\":\"en-US\",\"potentialAction\":[{\"@type\":\"ReadAction\",\"target\":[\"https:\/\/www.teknoproses.com.tr\/vana-tarlasi-otomasyon\"]}]},{\"@type\":\"BreadcrumbList\",\"@id\":\"https:\/\/www.teknoproses.com.tr\/vana-tarlasi-otomasyon#breadcrumb\",\"itemListElement\":[{\"@type\":\"ListItem\",\"position\":1,\"name\":\"Anasayfa\",\"item\":\"https:\/\/www.teknoproses.com.tr\/\"},{\"@type\":\"ListItem\",\"position\":2,\"name\":\"Vana Tarlas\u0131 &#038; Otomasyon\"}]}]}<\/script>\n<!-- \/ Yoast SEO plugin. -->","yoast_head_json":{"title":"Valve Cluster & Automation | Teknoproses","robots":{"index":"index","follow":"follow","max-snippet":"max-snippet:-1","max-image-preview":"max-image-preview:large","max-video-preview":"max-video-preview:-1"},"canonical":"https:\/\/www.teknoproses.com.tr\/vana-tarlasi-otomasyon","og_locale":"en_US","og_type":"article","og_title":"Valve Cluster & Automation | Teknoproses","og_description":"Valve Cluster, which is an indispensable element of the highest level of automation and hygiene facilities, is one of the automation elements that Teknoproses Engineering specially designed for customer needs with its high engineering quality. As Teknoproses Engineering, we design Valve Cluster according to customer needs and we make automation integration by assembling the field [&hellip;]","og_url":"https:\/\/www.teknoproses.com.tr\/vana-tarlasi-otomasyon","og_site_name":"Teknoproses","article_modified_time":"2021-04-26T21:34:11+00:00","og_image":[{"url":"https:\/\/www.teknoproses.com.tr\/wp-content\/uploads\/2020\/06\/vt1-150x150.jpg?v=1644428620"}],"twitter_misc":{"Est. reading time":"2 minutes"},"schema":{"@context":"https:\/\/schema.org","@graph":[{"@type":"WebSite","@id":"https:\/\/www.teknoproses.com.tr\/#website","url":"https:\/\/www.teknoproses.com.tr\/","name":"Teknoproses","description":"","potentialAction":[{"@type":"SearchAction","target":{"@type":"EntryPoint","urlTemplate":"https:\/\/www.teknoproses.com.tr\/?s={search_term_string}"},"query-input":"required name=search_term_string"}],"inLanguage":"en-US"},{"@type":"WebPage","@id":"https:\/\/www.teknoproses.com.tr\/vana-tarlasi-otomasyon#webpage","url":"https:\/\/www.teknoproses.com.tr\/vana-tarlasi-otomasyon","name":"Valve Cluster & Automation | Teknoproses","isPartOf":{"@id":"https:\/\/www.teknoproses.com.tr\/#website"},"datePublished":"2020-06-19T19:24:54+00:00","dateModified":"2021-04-26T21:34:11+00:00","breadcrumb":{"@id":"https:\/\/www.teknoproses.com.tr\/vana-tarlasi-otomasyon#breadcrumb"},"inLanguage":"en-US","potentialAction":[{"@type":"ReadAction","target":["https:\/\/www.teknoproses.com.tr\/vana-tarlasi-otomasyon"]}]},{"@type":"BreadcrumbList","@id":"https:\/\/www.teknoproses.com.tr\/vana-tarlasi-otomasyon#breadcrumb","itemListElement":[{"@type":"ListItem","position":1,"name":"Anasayfa","item":"https:\/\/www.teknoproses.com.tr\/"},{"@type":"ListItem","position":2,"name":"Vana Tarlas\u0131 &#038; Otomasyon"}]}]}},"_links":{"self":[{"href":"https:\/\/www.teknoproses.com.tr\/en\/wp-json\/wp\/v2\/pages\/1260"}],"collection":[{"href":"https:\/\/www.teknoproses.com.tr\/en\/wp-json\/wp\/v2\/pages"}],"about":[{"href":"https:\/\/www.teknoproses.com.tr\/en\/wp-json\/wp\/v2\/types\/page"}],"author":[{"embeddable":true,"href":"https:\/\/www.teknoproses.com.tr\/en\/wp-json\/wp\/v2\/users\/1"}],"replies":[{"embeddable":true,"href":"https:\/\/www.teknoproses.com.tr\/en\/wp-json\/wp\/v2\/comments?post=1260"}],"version-history":[{"count":8,"href":"https:\/\/www.teknoproses.com.tr\/en\/wp-json\/wp\/v2\/pages\/1260\/revisions"}],"predecessor-version":[{"id":1424,"href":"https:\/\/www.teknoproses.com.tr\/en\/wp-json\/wp\/v2\/pages\/1260\/revisions\/1424"}],"wp:attachment":[{"href":"https:\/\/www.teknoproses.com.tr\/en\/wp-json\/wp\/v2\/media?parent=1260"}],"curies":[{"name":"wp","href":"https:\/\/api.w.org\/{rel}","templated":true}]}}