{"id":19,"date":"2015-03-29T17:02:20","date_gmt":"2015-03-29T17:02:20","guid":{"rendered":"http:\/\/ugurtumer.com.tr\/teknoproses\/?page_id=19"},"modified":"2021-04-25T15:45:52","modified_gmt":"2021-04-25T12:45:52","slug":"plakali-esanjor","status":"publish","type":"page","link":"https:\/\/www.teknoproses.com.tr\/en\/plakali-esanjor","title":{"rendered":"Plate Heat Exchanger"},"content":{"rendered":"<p>Optiwave Plate\"><img width=\"300\" height=\"191\" src=\"https:\/\/www.teknoproses.com.tr\/wp-content\/uploads\/2020\/05\/optiwave-plaka1-300x191.jpg\" class=\"attachment-medium size-medium\" alt=\"\" decoding=\"async\" loading=\"lazy\" srcset=\"https:\/\/www.teknoproses.com.tr\/wp-content\/uploads\/2020\/05\/optiwave-plaka1-300x191.jpg 300w, https:\/\/www.teknoproses.com.tr\/wp-content\/uploads\/2020\/05\/optiwave-plaka1-768x489.jpg 768w, https:\/\/www.teknoproses.com.tr\/wp-content\/uploads\/2020\/05\/optiwave-plaka1.jpg 960w\" sizes=\"(max-width: 300px) 100vw, 300px\" \/><\/a>\n\t\t\t<\/dt><\/dl><dl class='gallery-item'>\n\t\t\t<dt class='gallery-icon landscape'>\n\t\t\t\t<a class=\"grouped_elements\" rel=\"tc-fancybox-group\" href=\"https:\/\/www.teknoproses.com.tr\/wp-content\/uploads\/2020\/05\/optiwave-plaka2.jpg\" title=\"Optiwave Plate\"><img width=\"300\" height=\"174\" src=\"https:\/\/www.teknoproses.com.tr\/wp-content\/uploads\/2020\/05\/optiwave-plaka2-300x174.jpg\" class=\"attachment-medium size-medium\" alt=\"\" decoding=\"async\" loading=\"lazy\" srcset=\"https:\/\/www.teknoproses.com.tr\/wp-content\/uploads\/2020\/05\/optiwave-plaka2-300x174.jpg 300w, https:\/\/www.teknoproses.com.tr\/wp-content\/uploads\/2020\/05\/optiwave-plaka2-768x445.jpg 768w, https:\/\/www.teknoproses.com.tr\/wp-content\/uploads\/2020\/05\/optiwave-plaka2.jpg 960w\" sizes=\"(max-width: 300px) 100vw, 300px\" \/><\/a>\n\t\t\t<\/dt><\/dl>\n\t\t\t<br style='clear: both' \/>\n\t\t<\/div>\n<br \/>\n\u2022 Ak\u0131\u015fkan, Optimize edilmi\u015f e\u015fanj\u00f6r plaka deseni sayesinde plaka y\u00fczeyine homojen \u015fekilde da\u011f\u0131l\u0131r. B\u00f6ylece plakal\u0131 e\u015fanj\u00f6rde y\u00fcksek \u0131s\u0131 transfer katsay\u0131lar\u0131na ula\u015f\u0131l\u0131r.<br \/>\n<strong>Ecoloc Conta Sistemi<\/strong><\/p>\n<p>\n\t\t<style type=\"text\/css\">\n\t\t\t#gallery-2 {\n\t\t\t\tmargin: auto;\n\t\t\t}\n\t\t\t#gallery-2 .gallery-item {\n\t\t\t\tfloat: left;\n\t\t\t\tmargin-top: 10px;\n\t\t\t\ttext-align: center;\n\t\t\t\twidth: 33%;\n\t\t\t}\n\t\t\t#gallery-2 img {\n\t\t\t\tborder: 2px solid #cfcfcf;\n\t\t\t}\n\t\t\t#gallery-2 .gallery-caption {\n\t\t\t\tmargin-left: 0;\n\t\t\t}\n\t\t\t\/* see gallery_shortcode() in wp-includes\/media.php *\/\n\t\t<\/style>\n\t\t<div id='gallery-2' class='gallery galleryid-19 gallery-columns-3 gallery-size-medium'><dl class='gallery-item'>\n\t\t\t<dt class='gallery-icon landscape'>\n\t\t\t\t<a class=\"grouped_elements\" rel=\"tc-fancybox-group\" href=\"https:\/\/www.teknoproses.com.tr\/wp-content\/uploads\/2020\/05\/ecoloc-conta.jpg\" title=\"Ecoloc Gasket\"><img width=\"300\" height=\"209\" src=\"https:\/\/www.teknoproses.com.tr\/wp-content\/uploads\/2020\/05\/ecoloc-conta-300x209.jpg\" class=\"attachment-medium size-medium\" alt=\"\" decoding=\"async\" loading=\"lazy\" srcset=\"https:\/\/www.teknoproses.com.tr\/wp-content\/uploads\/2020\/05\/ecoloc-conta-300x209.jpg 300w, https:\/\/www.teknoproses.com.tr\/wp-content\/uploads\/2020\/05\/ecoloc-conta-768x535.jpg 768w, https:\/\/www.teknoproses.com.tr\/wp-content\/uploads\/2020\/05\/ecoloc-conta.jpg 960w\" sizes=\"(max-width: 300px) 100vw, 300px\" \/><\/a>\n\t\t\t<\/dt><\/dl>\n\t\t\t<br style='clear: both' \/>\n\t\t<\/div>\n<br \/>\n\u2022 Plakal\u0131 e\u015fanj\u00f6rlerimizde kullan\u0131lan, yap\u0131\u015ft\u0131r\u0131c\u0131 gerektirmeyen EcoLoc sistemi sayesinde e\u015fanj\u00f6r contalar\u0131 kolayl\u0131kla ve en h\u0131zl\u0131 \u015fekilde de\u011fi\u015ftirilir. B\u00f6ylelikle i\u015fletme maliyetlerinde avantaj sa\u011flan\u0131r.<br \/>\n<strong>PosLoc Kilit Sistemi<\/strong><\/p>\n<p>\n\t\t<style type=\"text\/css\">\n\t\t\t#gallery-3 {\n\t\t\t\tmargin: auto;\n\t\t\t}\n\t\t\t#gallery-3 .gallery-item {\n\t\t\t\tfloat: left;\n\t\t\t\tmargin-top: 10px;\n\t\t\t\ttext-align: center;\n\t\t\t\twidth: 33%;\n\t\t\t}\n\t\t\t#gallery-3 img {\n\t\t\t\tborder: 2px solid #cfcfcf;\n\t\t\t}\n\t\t\t#gallery-3 .gallery-caption {\n\t\t\t\tmargin-left: 0;\n\t\t\t}\n\t\t\t\/* see gallery_shortcode() in wp-includes\/media.php *\/\n\t\t<\/style>\n\t\t<div id='gallery-3' class='gallery galleryid-19 gallery-columns-3 gallery-size-medium'><dl class='gallery-item'>\n\t\t\t<dt class='gallery-icon landscape'>\n\t\t\t\t<a class=\"grouped_elements\" rel=\"tc-fancybox-group\" href=\"https:\/\/www.teknoproses.com.tr\/wp-content\/uploads\/2020\/05\/posloc-kilit.jpg\" title=\"Posloc Lock\"><img width=\"300\" height=\"92\" src=\"https:\/\/www.teknoproses.com.tr\/wp-content\/uploads\/2020\/05\/posloc-kilit-300x92.jpg\" class=\"attachment-medium size-medium\" alt=\"\" decoding=\"async\" loading=\"lazy\" srcset=\"https:\/\/www.teknoproses.com.tr\/wp-content\/uploads\/2020\/05\/posloc-kilit-300x92.jpg 300w, https:\/\/www.teknoproses.com.tr\/wp-content\/uploads\/2020\/05\/posloc-kilit-768x236.jpg 768w, https:\/\/www.teknoproses.com.tr\/wp-content\/uploads\/2020\/05\/posloc-kilit.jpg 960w\" sizes=\"(max-width: 300px) 100vw, 300px\" \/><\/a>\n\t\t\t<\/dt><\/dl>\n\t\t\t<br style='clear: both' \/>\n\t\t<\/div>\n<br \/>\n\u2022 Posloc sistemi sayesinde elde edilen stabil e\u015fanj\u00f6r plaka paketi, bak\u0131m ve temizlik s\u00fcre\u00e7lerinde e\u015fanj\u00f6r plaka ve contalar\u0131n\u0131n hasar g\u00f6rme riskini ortadan kald\u0131r\u0131r. Bu sayede e\u015fanj\u00f6r contalar\u0131n\u0131n ve plakalar\u0131n kullan\u0131m \u00f6m\u00fcrlerinin artmas\u0131n\u0131 sa\u011flar.<img decoding=\"async\" loading=\"lazy\" class=\"alignleft size-medium wp-image-304\" src=\"http:\/\/www.teknoproses.com.tr\/wp-content\/uploads\/2015\/03\/plakaliesanjor-188x300.jpg\" alt=\"Plate Heat Exchanger\" width=\"188\" height=\"300\" srcset=\"https:\/\/www.teknoproses.com.tr\/wp-content\/uploads\/2015\/03\/plakaliesanjor-188x300.jpg 188w, https:\/\/www.teknoproses.com.tr\/wp-content\/uploads\/2015\/03\/plakaliesanjor.jpg 603w\" sizes=\"(max-width: 188px) 100vw, 188px\" \/>Gasketed plate-and-frame heat exchangers provide efficient heat transfer in compact equipment with a small footprint. The units have flexible design and are easy to service and maintain. The product range is extremely wide. Plate Heat Exchanger are used in duties for heating, cooling, heat recovery, evaporation and condensation in industries of dairy, icecream, fruit juice and food.<\/p>\n<p><strong>OptiWave Plate Design<\/strong><\/p>\n<p>\n\t\t<style type=\"text\/css\">\n\t\t\t#gallery-4 {\n\t\t\t\tmargin: auto;\n\t\t\t}\n\t\t\t#gallery-4 .gallery-item {\n\t\t\t\tfloat: left;\n\t\t\t\tmargin-top: 10px;\n\t\t\t\ttext-align: center;\n\t\t\t\twidth: 33%;\n\t\t\t}\n\t\t\t#gallery-4 img {\n\t\t\t\tborder: 2px solid #cfcfcf;\n\t\t\t}\n\t\t\t#gallery-4 .gallery-caption {\n\t\t\t\tmargin-left: 0;\n\t\t\t}\n\t\t\t\/* see gallery_shortcode() in wp-includes\/media.php *\/\n\t\t<\/style>\n\t\t<div id='gallery-4' class='gallery galleryid-19 gallery-columns-3 gallery-size-medium'><dl class='gallery-item'>\n\t\t\t<dt class='gallery-icon landscape'>\n\t\t\t\t<a class=\"grouped_elements\" rel=\"tc-fancybox-group\" href=\"https:\/\/www.teknoproses.com.tr\/wp-content\/uploads\/2020\/05\/optiwave-plaka1.jpg\" title=\"Optiwave Plate\"><img width=\"300\" height=\"191\" src=\"https:\/\/www.teknoproses.com.tr\/wp-content\/uploads\/2020\/05\/optiwave-plaka1-300x191.jpg\" class=\"attachment-medium size-medium\" alt=\"\" decoding=\"async\" loading=\"lazy\" srcset=\"https:\/\/www.teknoproses.com.tr\/wp-content\/uploads\/2020\/05\/optiwave-plaka1-300x191.jpg 300w, https:\/\/www.teknoproses.com.tr\/wp-content\/uploads\/2020\/05\/optiwave-plaka1-768x489.jpg 768w, https:\/\/www.teknoproses.com.tr\/wp-content\/uploads\/2020\/05\/optiwave-plaka1.jpg 960w\" sizes=\"(max-width: 300px) 100vw, 300px\" \/><\/a>\n\t\t\t<\/dt><\/dl><dl class='gallery-item'>\n\t\t\t<dt class='gallery-icon landscape'>\n\t\t\t\t<a class=\"grouped_elements\" rel=\"tc-fancybox-group\" href=\"https:\/\/www.teknoproses.com.tr\/wp-content\/uploads\/2020\/05\/optiwave-plaka2.jpg\" title=\"Optiwave Plate\"><img width=\"300\" height=\"174\" src=\"https:\/\/www.teknoproses.com.tr\/wp-content\/uploads\/2020\/05\/optiwave-plaka2-300x174.jpg\" class=\"attachment-medium size-medium\" alt=\"\" decoding=\"async\" loading=\"lazy\" srcset=\"https:\/\/www.teknoproses.com.tr\/wp-content\/uploads\/2020\/05\/optiwave-plaka2-300x174.jpg 300w, https:\/\/www.teknoproses.com.tr\/wp-content\/uploads\/2020\/05\/optiwave-plaka2-768x445.jpg 768w, https:\/\/www.teknoproses.com.tr\/wp-content\/uploads\/2020\/05\/optiwave-plaka2.jpg 960w\" sizes=\"(max-width: 300px) 100vw, 300px\" \/><\/a>\n\t\t\t<\/dt><\/dl>\n\t\t\t<br style='clear: both' \/>\n\t\t<\/div>\n<br \/>\n\u2022 The fluid is homogeneously distributed over the plate surface thanks to the optimized heat exchanger plate pattern. Thus, high heat transfer coefficients are achieved in the plate heat exchanger.<br \/>\n<strong>Ecoloc Gasket System<\/strong><\/p>\n<p>\n\t\t<style type=\"text\/css\">\n\t\t\t#gallery-5 {\n\t\t\t\tmargin: auto;\n\t\t\t}\n\t\t\t#gallery-5 .gallery-item {\n\t\t\t\tfloat: left;\n\t\t\t\tmargin-top: 10px;\n\t\t\t\ttext-align: center;\n\t\t\t\twidth: 33%;\n\t\t\t}\n\t\t\t#gallery-5 img {\n\t\t\t\tborder: 2px solid #cfcfcf;\n\t\t\t}\n\t\t\t#gallery-5 .gallery-caption {\n\t\t\t\tmargin-left: 0;\n\t\t\t}\n\t\t\t\/* see gallery_shortcode() in wp-includes\/media.php *\/\n\t\t<\/style>\n\t\t<div id='gallery-5' class='gallery galleryid-19 gallery-columns-3 gallery-size-medium'><dl class='gallery-item'>\n\t\t\t<dt class='gallery-icon landscape'>\n\t\t\t\t<a class=\"grouped_elements\" rel=\"tc-fancybox-group\" href=\"https:\/\/www.teknoproses.com.tr\/wp-content\/uploads\/2020\/05\/ecoloc-conta.jpg\" title=\"Ecoloc Gasket\"><img width=\"300\" height=\"209\" src=\"https:\/\/www.teknoproses.com.tr\/wp-content\/uploads\/2020\/05\/ecoloc-conta-300x209.jpg\" class=\"attachment-medium size-medium\" alt=\"\" decoding=\"async\" loading=\"lazy\" srcset=\"https:\/\/www.teknoproses.com.tr\/wp-content\/uploads\/2020\/05\/ecoloc-conta-300x209.jpg 300w, https:\/\/www.teknoproses.com.tr\/wp-content\/uploads\/2020\/05\/ecoloc-conta-768x535.jpg 768w, https:\/\/www.teknoproses.com.tr\/wp-content\/uploads\/2020\/05\/ecoloc-conta.jpg 960w\" sizes=\"(max-width: 300px) 100vw, 300px\" \/><\/a>\n\t\t\t<\/dt><\/dl>\n\t\t\t<br style='clear: both' \/>\n\t\t<\/div>\n<br \/>\n\u2022 Thanks to the EcoLoc system, which does not require glue, used in our plate heat exchangers, heat exchanger seals are easily and quickly replaced. This provides an advantage in operating costs.<br \/>\n<strong>PosLoc Kilit Sistemi<\/strong><\/p>\n<p>\n\t\t<style type=\"text\/css\">\n\t\t\t#gallery-6 {\n\t\t\t\tmargin: auto;\n\t\t\t}\n\t\t\t#gallery-6 .gallery-item {\n\t\t\t\tfloat: left;\n\t\t\t\tmargin-top: 10px;\n\t\t\t\ttext-align: center;\n\t\t\t\twidth: 33%;\n\t\t\t}\n\t\t\t#gallery-6 img {\n\t\t\t\tborder: 2px solid #cfcfcf;\n\t\t\t}\n\t\t\t#gallery-6 .gallery-caption {\n\t\t\t\tmargin-left: 0;\n\t\t\t}\n\t\t\t\/* see gallery_shortcode() in wp-includes\/media.php *\/\n\t\t<\/style>\n\t\t<div id='gallery-6' class='gallery galleryid-19 gallery-columns-3 gallery-size-medium'><dl class='gallery-item'>\n\t\t\t<dt class='gallery-icon landscape'>\n\t\t\t\t<a class=\"grouped_elements\" rel=\"tc-fancybox-group\" href=\"https:\/\/www.teknoproses.com.tr\/wp-content\/uploads\/2020\/05\/posloc-kilit.jpg\" title=\"Posloc Lock\"><img width=\"300\" height=\"92\" src=\"https:\/\/www.teknoproses.com.tr\/wp-content\/uploads\/2020\/05\/posloc-kilit-300x92.jpg\" class=\"attachment-medium size-medium\" alt=\"\" decoding=\"async\" loading=\"lazy\" srcset=\"https:\/\/www.teknoproses.com.tr\/wp-content\/uploads\/2020\/05\/posloc-kilit-300x92.jpg 300w, https:\/\/www.teknoproses.com.tr\/wp-content\/uploads\/2020\/05\/posloc-kilit-768x236.jpg 768w, https:\/\/www.teknoproses.com.tr\/wp-content\/uploads\/2020\/05\/posloc-kilit.jpg 960w\" sizes=\"(max-width: 300px) 100vw, 300px\" \/><\/a>\n\t\t\t<\/dt><\/dl>\n\t\t\t<br style='clear: both' \/>\n\t\t<\/div>\n<br \/>\n\u2022 The stable heat exchanger plate package obtained by the Posloc system eliminates the risk of damage to the heat exchanger plates and gaskets during maintenance and cleaning processes. In this way, it provides increased service life of heat exchanger seals and plates.<\/p>","protected":false},"excerpt":{"rendered":"<p>Gasketed plate-and-frame heat exchangers provide efficient heat transfer in compact equipment with a small footprint. The units have flexible design and are easy to service and maintain. The product range is extremely wide. Plate Heat Exchanger are used in duties for heating, cooling, heat recovery, evaporation and condensation in industries of dairy, icecream, fruit juice [&hellip;]<\/p>\n","protected":false},"author":1,"featured_media":0,"parent":0,"menu_order":0,"comment_status":"open","ping_status":"open","template":"","meta":[],"yoast_head":"<!-- This site is optimized with the Yoast SEO plugin v18.1 - https:\/\/yoast.com\/wordpress\/plugins\/seo\/ -->\n<title>Plate Heat Exchanger | Teknoproses<\/title>\n<meta name=\"description\" content=\"Plakal\u0131 E\u015fanj\u00f6r\" \/>\n<meta name=\"robots\" content=\"index, follow, max-snippet:-1, max-image-preview:large, max-video-preview:-1\" \/>\n<link rel=\"canonical\" href=\"https:\/\/www.teknoproses.com.tr\/plakali-esanjor\" \/>\n<meta property=\"og:locale\" content=\"en_US\" \/>\n<meta property=\"og:type\" content=\"article\" \/>\n<meta property=\"og:title\" content=\"Plate Heat Exchanger | Teknoproses\" \/>\n<meta property=\"og:description\" content=\"Plakal\u0131 E\u015fanj\u00f6r\" \/>\n<meta property=\"og:url\" content=\"https:\/\/www.teknoproses.com.tr\/plakali-esanjor\" \/>\n<meta property=\"og:site_name\" content=\"Teknoproses\" \/>\n<meta property=\"article:modified_time\" content=\"2021-04-25T12:45:52+00:00\" \/>\n<meta property=\"og:image\" content=\"https:\/\/www.teknoproses.com.tr\/wp-content\/uploads\/2020\/05\/optiwave-plaka1-300x191.jpg?v=1644428639\" \/>\n<meta name=\"twitter:label1\" content=\"Est. reading time\" \/>\n\t<meta name=\"twitter:data1\" content=\"5 minutes\" \/>\n<script type=\"application\/ld+json\" class=\"yoast-schema-graph\">{\"@context\":\"https:\/\/schema.org\",\"@graph\":[{\"@type\":\"WebSite\",\"@id\":\"https:\/\/www.teknoproses.com.tr\/#website\",\"url\":\"https:\/\/www.teknoproses.com.tr\/\",\"name\":\"Teknoproses\",\"description\":\"\",\"potentialAction\":[{\"@type\":\"SearchAction\",\"target\":{\"@type\":\"EntryPoint\",\"urlTemplate\":\"https:\/\/www.teknoproses.com.tr\/?s={search_term_string}\"},\"query-input\":\"required name=search_term_string\"}],\"inLanguage\":\"en-US\"},{\"@type\":\"ImageObject\",\"@id\":\"https:\/\/www.teknoproses.com.tr\/plakali-esanjor#primaryimage\",\"inLanguage\":\"en-US\",\"url\":\"http:\/\/www.teknoproses.com.tr\/wp-content\/uploads\/2015\/03\/plakaliesanjor-188x300.jpg\",\"contentUrl\":\"http:\/\/www.teknoproses.com.tr\/wp-content\/uploads\/2015\/03\/plakaliesanjor-188x300.jpg\"},{\"@type\":\"WebPage\",\"@id\":\"https:\/\/www.teknoproses.com.tr\/plakali-esanjor#webpage\",\"url\":\"https:\/\/www.teknoproses.com.tr\/plakali-esanjor\",\"name\":\"Plate Heat Exchanger | Teknoproses\",\"isPartOf\":{\"@id\":\"https:\/\/www.teknoproses.com.tr\/#website\"},\"primaryImageOfPage\":{\"@id\":\"https:\/\/www.teknoproses.com.tr\/plakali-esanjor#primaryimage\"},\"datePublished\":\"2015-03-29T17:02:20+00:00\",\"dateModified\":\"2021-04-25T12:45:52+00:00\",\"description\":\"Plakal\u0131 E\u015fanj\u00f6r\",\"breadcrumb\":{\"@id\":\"https:\/\/www.teknoproses.com.tr\/plakali-esanjor#breadcrumb\"},\"inLanguage\":\"en-US\",\"potentialAction\":[{\"@type\":\"ReadAction\",\"target\":[\"https:\/\/www.teknoproses.com.tr\/plakali-esanjor\"]}]},{\"@type\":\"BreadcrumbList\",\"@id\":\"https:\/\/www.teknoproses.com.tr\/plakali-esanjor#breadcrumb\",\"itemListElement\":[{\"@type\":\"ListItem\",\"position\":1,\"name\":\"Anasayfa\",\"item\":\"https:\/\/www.teknoproses.com.tr\/\"},{\"@type\":\"ListItem\",\"position\":2,\"name\":\"Plakal\u0131 E\u015fanj\u00f6r\"}]}]}<\/script>\n<!-- \/ Yoast SEO plugin. -->","yoast_head_json":{"title":"Plate Heat Exchanger | Teknoproses","description":"Plakal\u0131 E\u015fanj\u00f6r","robots":{"index":"index","follow":"follow","max-snippet":"max-snippet:-1","max-image-preview":"max-image-preview:large","max-video-preview":"max-video-preview:-1"},"canonical":"https:\/\/www.teknoproses.com.tr\/plakali-esanjor","og_locale":"en_US","og_type":"article","og_title":"Plate Heat Exchanger | Teknoproses","og_description":"Plakal\u0131 E\u015fanj\u00f6r","og_url":"https:\/\/www.teknoproses.com.tr\/plakali-esanjor","og_site_name":"Teknoproses","article_modified_time":"2021-04-25T12:45:52+00:00","og_image":[{"url":"https:\/\/www.teknoproses.com.tr\/wp-content\/uploads\/2020\/05\/optiwave-plaka1-300x191.jpg?v=1644428639"}],"twitter_misc":{"Est. reading time":"5 minutes"},"schema":{"@context":"https:\/\/schema.org","@graph":[{"@type":"WebSite","@id":"https:\/\/www.teknoproses.com.tr\/#website","url":"https:\/\/www.teknoproses.com.tr\/","name":"Teknoproses","description":"","potentialAction":[{"@type":"SearchAction","target":{"@type":"EntryPoint","urlTemplate":"https:\/\/www.teknoproses.com.tr\/?s={search_term_string}"},"query-input":"required name=search_term_string"}],"inLanguage":"en-US"},{"@type":"ImageObject","@id":"https:\/\/www.teknoproses.com.tr\/plakali-esanjor#primaryimage","inLanguage":"en-US","url":"http:\/\/www.teknoproses.com.tr\/wp-content\/uploads\/2015\/03\/plakaliesanjor-188x300.jpg","contentUrl":"http:\/\/www.teknoproses.com.tr\/wp-content\/uploads\/2015\/03\/plakaliesanjor-188x300.jpg"},{"@type":"WebPage","@id":"https:\/\/www.teknoproses.com.tr\/plakali-esanjor#webpage","url":"https:\/\/www.teknoproses.com.tr\/plakali-esanjor","name":"Plate Heat Exchanger | Teknoproses","isPartOf":{"@id":"https:\/\/www.teknoproses.com.tr\/#website"},"primaryImageOfPage":{"@id":"https:\/\/www.teknoproses.com.tr\/plakali-esanjor#primaryimage"},"datePublished":"2015-03-29T17:02:20+00:00","dateModified":"2021-04-25T12:45:52+00:00","description":"Plakal\u0131 E\u015fanj\u00f6r","breadcrumb":{"@id":"https:\/\/www.teknoproses.com.tr\/plakali-esanjor#breadcrumb"},"inLanguage":"en-US","potentialAction":[{"@type":"ReadAction","target":["https:\/\/www.teknoproses.com.tr\/plakali-esanjor"]}]},{"@type":"BreadcrumbList","@id":"https:\/\/www.teknoproses.com.tr\/plakali-esanjor#breadcrumb","itemListElement":[{"@type":"ListItem","position":1,"name":"Anasayfa","item":"https:\/\/www.teknoproses.com.tr\/"},{"@type":"ListItem","position":2,"name":"Plakal\u0131 E\u015fanj\u00f6r"}]}]}},"_links":{"self":[{"href":"https:\/\/www.teknoproses.com.tr\/en\/wp-json\/wp\/v2\/pages\/19"}],"collection":[{"href":"https:\/\/www.teknoproses.com.tr\/en\/wp-json\/wp\/v2\/pages"}],"about":[{"href":"https:\/\/www.teknoproses.com.tr\/en\/wp-json\/wp\/v2\/types\/page"}],"author":[{"embeddable":true,"href":"https:\/\/www.teknoproses.com.tr\/en\/wp-json\/wp\/v2\/users\/1"}],"replies":[{"embeddable":true,"href":"https:\/\/www.teknoproses.com.tr\/en\/wp-json\/wp\/v2\/comments?post=19"}],"version-history":[{"count":32,"href":"https:\/\/www.teknoproses.com.tr\/en\/wp-json\/wp\/v2\/pages\/19\/revisions"}],"predecessor-version":[{"id":1285,"href":"https:\/\/www.teknoproses.com.tr\/en\/wp-json\/wp\/v2\/pages\/19\/revisions\/1285"}],"wp:attachment":[{"href":"https:\/\/www.teknoproses.com.tr\/en\/wp-json\/wp\/v2\/media?parent=19"}],"curies":[{"name":"wp","href":"https:\/\/api.w.org\/{rel}","templated":true}]}}