{"id":21,"date":"2015-03-29T17:02:49","date_gmt":"2015-03-29T14:02:49","guid":{"rendered":"http:\/\/ugurtumer.com.tr\/teknoproses\/?page_id=21"},"modified":"2021-04-25T16:57:55","modified_gmt":"2021-04-25T13:57:55","slug":"deoderizator","status":"publish","type":"page","link":"https:\/\/www.teknoproses.com.tr\/en\/deoderizator","title":{"rendered":"Deaerator"},"content":{"rendered":"<p>Deaerator\"><img width=\"150\" height=\"150\" src=\"https:\/\/www.teknoproses.com.tr\/wp-content\/uploads\/2015\/03\/daerator-1-150x150.jpg\" class=\"attachment-thumbnail size-thumbnail\" alt=\"\" decoding=\"async\" loading=\"lazy\" \/><\/a>\n\t\t\t<\/dt><\/dl><dl class='gallery-item'>\n\t\t\t<dt class='gallery-icon portrait'>\n\t\t\t\t<a class=\"grouped_elements\" rel=\"tc-fancybox-group\" href=\"https:\/\/www.teknoproses.com.tr\/wp-content\/uploads\/2015\/03\/daerator-2.jpg\" title=\"Deaerator\"><img width=\"150\" height=\"150\" src=\"https:\/\/www.teknoproses.com.tr\/wp-content\/uploads\/2015\/03\/daerator-2-150x150.jpg\" class=\"attachment-thumbnail size-thumbnail\" alt=\"\" decoding=\"async\" loading=\"lazy\" \/><\/a>\n\t\t\t<\/dt><\/dl><dl class='gallery-item'>\n\t\t\t<dt class='gallery-icon portrait'>\n\t\t\t\t<a class=\"grouped_elements\" rel=\"tc-fancybox-group\" href=\"https:\/\/www.teknoproses.com.tr\/wp-content\/uploads\/2015\/03\/daerator-3.jpg\" title=\"Deaerator\"><img width=\"150\" height=\"150\" src=\"https:\/\/www.teknoproses.com.tr\/wp-content\/uploads\/2015\/03\/daerator-3-150x150.jpg\" class=\"attachment-thumbnail size-thumbnail\" alt=\"\" decoding=\"async\" loading=\"lazy\" \/><\/a>\n\t\t\t<\/dt><\/dl>\n\t\t\t<br style='clear: both' \/>\n\t\t<\/div>\n<\/p>\n<p style=\"text-align: justify;\">Deaerat\u00f6r, s\u00fct i\u00e7erisinde \u00e7\u00f6z\u00fcnm\u00fc\u015f gazlar\u0131n ve hava kabarc\u0131klar\u0131n\u0131n uzakla\u015ft\u0131r\u0131lmas\u0131nda kullan\u0131l\u0131r. Negatif bas\u0131n\u00e7ta buharla\u015fan gazlar sistemden uzakla\u015ft\u0131r\u0131l\u0131r.<\/p>\n<p style=\"text-align: justify;\">TEKNO-DEA\u00ae,<\/p>\n<p>\u2022 Vakum bas\u0131nc\u0131n\u0131,<\/p>\n<p>\u2022 \u00dcr\u00fcn seviyesini,<\/p>\n<p style=\"text-align: justify;\">otomatik olarak ayarlamaktad\u0131r. Otomatik vana kombinasyonu ile \u00fcr\u00fcn ve CIP prosed\u00fcrleri otomatik ger\u00e7ekle\u015fmektedir. Kondenseri ve vakum pompas\u0131yla birlikte kompakt dizayndad\u0131r.<\/p>\n<p style=\"text-align: justify;\">\n<p>\n\t\t<style type=\"text\/css\">\n\t\t\t#gallery-2 {\n\t\t\t\tmargin: auto;\n\t\t\t}\n\t\t\t#gallery-2 .gallery-item {\n\t\t\t\tfloat: left;\n\t\t\t\tmargin-top: 10px;\n\t\t\t\ttext-align: center;\n\t\t\t\twidth: 16%;\n\t\t\t}\n\t\t\t#gallery-2 img {\n\t\t\t\tborder: 2px solid #cfcfcf;\n\t\t\t}\n\t\t\t#gallery-2 .gallery-caption {\n\t\t\t\tmargin-left: 0;\n\t\t\t}\n\t\t\t\/* see gallery_shortcode() in wp-includes\/media.php *\/\n\t\t<\/style>\n\t\t<div id='gallery-2' class='gallery galleryid-21 gallery-columns-6 gallery-size-thumbnail'><dl class='gallery-item'>\n\t\t\t<dt class='gallery-icon portrait'>\n\t\t\t\t<a class=\"grouped_elements\" rel=\"tc-fancybox-group\" href=\"https:\/\/www.teknoproses.com.tr\/wp-content\/uploads\/2015\/03\/daerator-1.jpg\" title=\"Deaerator\"><img width=\"150\" height=\"150\" src=\"https:\/\/www.teknoproses.com.tr\/wp-content\/uploads\/2015\/03\/daerator-1-150x150.jpg\" class=\"attachment-thumbnail size-thumbnail\" alt=\"\" decoding=\"async\" loading=\"lazy\" \/><\/a>\n\t\t\t<\/dt><\/dl><dl class='gallery-item'>\n\t\t\t<dt class='gallery-icon portrait'>\n\t\t\t\t<a class=\"grouped_elements\" rel=\"tc-fancybox-group\" href=\"https:\/\/www.teknoproses.com.tr\/wp-content\/uploads\/2015\/03\/daerator-2.jpg\" title=\"Deaerator\"><img width=\"150\" height=\"150\" src=\"https:\/\/www.teknoproses.com.tr\/wp-content\/uploads\/2015\/03\/daerator-2-150x150.jpg\" class=\"attachment-thumbnail size-thumbnail\" alt=\"\" decoding=\"async\" loading=\"lazy\" \/><\/a>\n\t\t\t<\/dt><\/dl><dl class='gallery-item'>\n\t\t\t<dt class='gallery-icon portrait'>\n\t\t\t\t<a class=\"grouped_elements\" rel=\"tc-fancybox-group\" href=\"https:\/\/www.teknoproses.com.tr\/wp-content\/uploads\/2015\/03\/daerator-3.jpg\" title=\"Deaerator\"><img width=\"150\" height=\"150\" src=\"https:\/\/www.teknoproses.com.tr\/wp-content\/uploads\/2015\/03\/daerator-3-150x150.jpg\" class=\"attachment-thumbnail size-thumbnail\" alt=\"\" decoding=\"async\" loading=\"lazy\" \/><\/a>\n\t\t\t<\/dt><\/dl>\n\t\t\t<br style='clear: both' \/>\n\t\t<\/div>\n<\/p>\n<p style=\"text-align: justify;\">Deaerator is use to remove dissolved gases and air bubbles in the milk. Evaporating gases under vacuum will be removed from the System. TEKNO-DEA\u00ae automatically adjusts the,<\/p>\n<p>\u2022 Vacuum pressure,<\/p>\n<p>\u2022 Product level<\/p>\n<p style=\"text-align: justify;\">with its automatic valve combination, the CIP procedures are held\u00a0automatically. It\u2019s compact with its condenser and vacuum pump.<\/p>\n<p style=\"text-align: justify;\">\n<p><\/p>","protected":false},"excerpt":{"rendered":"<p>Deaerator is use to remove dissolved gases and air bubbles in the milk. Evaporating gases under vacuum will be removed from the System. TEKNO-DEA\u00ae automatically adjusts the, \u2022 Vacuum pressure, \u2022 Product level with its automatic valve combination, the CIP procedures are held\u00a0automatically. It\u2019s compact with its condenser and vacuum pump.<\/p>\n","protected":false},"author":1,"featured_media":0,"parent":0,"menu_order":0,"comment_status":"open","ping_status":"closed","template":"","meta":[],"yoast_head":"<!-- This site is optimized with the Yoast SEO plugin v18.1 - https:\/\/yoast.com\/wordpress\/plugins\/seo\/ -->\n<title>Deaerator | Teknoproses<\/title>\n<meta name=\"description\" content=\"Deaerator\" \/>\n<meta name=\"robots\" content=\"index, follow, max-snippet:-1, max-image-preview:large, max-video-preview:-1\" \/>\n<link rel=\"canonical\" href=\"https:\/\/www.teknoproses.com.tr\/deoderizator\" \/>\n<meta property=\"og:locale\" content=\"en_US\" \/>\n<meta property=\"og:type\" content=\"article\" \/>\n<meta property=\"og:title\" content=\"Deaerator | Teknoproses\" \/>\n<meta property=\"og:description\" content=\"[:tr]Deaerat\u00f6r[:en]Deaerator[:de]Deaerator[:]\" \/>\n<meta property=\"og:url\" content=\"https:\/\/www.teknoproses.com.tr\/deoderizator\" \/>\n<meta property=\"og:site_name\" content=\"Teknoproses\" \/>\n<meta property=\"article:modified_time\" content=\"2021-04-25T13:57:55+00:00\" \/>\n<meta property=\"og:image\" content=\"https:\/\/www.teknoproses.com.tr\/wp-content\/uploads\/2015\/03\/daerator-1-150x150.jpg?v=1644428599\" \/>\n<meta name=\"twitter:label1\" content=\"Est. reading time\" \/>\n\t<meta name=\"twitter:data1\" content=\"1 minute\" \/>\n<script type=\"application\/ld+json\" class=\"yoast-schema-graph\">{\"@context\":\"https:\/\/schema.org\",\"@graph\":[{\"@type\":\"WebSite\",\"@id\":\"https:\/\/www.teknoproses.com.tr\/#website\",\"url\":\"https:\/\/www.teknoproses.com.tr\/\",\"name\":\"Teknoproses\",\"description\":\"\",\"potentialAction\":[{\"@type\":\"SearchAction\",\"target\":{\"@type\":\"EntryPoint\",\"urlTemplate\":\"https:\/\/www.teknoproses.com.tr\/?s={search_term_string}\"},\"query-input\":\"required name=search_term_string\"}],\"inLanguage\":\"en-US\"},{\"@type\":\"ImageObject\",\"@id\":\"https:\/\/www.teknoproses.com.tr\/deoderizator#primaryimage\",\"inLanguage\":\"en-US\",\"url\":\"http:\/\/ugurtumer.com.tr\/teknoproses\/wp-content\/uploads\/2015\/03\/deaerat\u00f6r-196x300.jpg\",\"contentUrl\":\"http:\/\/ugurtumer.com.tr\/teknoproses\/wp-content\/uploads\/2015\/03\/deaerat\u00f6r-196x300.jpg\"},{\"@type\":\"WebPage\",\"@id\":\"https:\/\/www.teknoproses.com.tr\/deoderizator#webpage\",\"url\":\"https:\/\/www.teknoproses.com.tr\/deoderizator\",\"name\":\"Deaerator | Teknoproses\",\"isPartOf\":{\"@id\":\"https:\/\/www.teknoproses.com.tr\/#website\"},\"primaryImageOfPage\":{\"@id\":\"https:\/\/www.teknoproses.com.tr\/deoderizator#primaryimage\"},\"datePublished\":\"2015-03-29T14:02:49+00:00\",\"dateModified\":\"2021-04-25T13:57:55+00:00\",\"description\":\"[:tr]Deaerat\u00f6r[:en]Deaerator[:de]Deaerator[:]\",\"breadcrumb\":{\"@id\":\"https:\/\/www.teknoproses.com.tr\/deoderizator#breadcrumb\"},\"inLanguage\":\"en-US\",\"potentialAction\":[{\"@type\":\"ReadAction\",\"target\":[\"https:\/\/www.teknoproses.com.tr\/deoderizator\"]}]},{\"@type\":\"BreadcrumbList\",\"@id\":\"https:\/\/www.teknoproses.com.tr\/deoderizator#breadcrumb\",\"itemListElement\":[{\"@type\":\"ListItem\",\"position\":1,\"name\":\"Anasayfa\",\"item\":\"https:\/\/www.teknoproses.com.tr\/\"},{\"@type\":\"ListItem\",\"position\":2,\"name\":\"Deaerat\u00f6r\"}]}]}<\/script>\n<!-- \/ Yoast SEO plugin. -->","yoast_head_json":{"title":"Deaerator | Teknoproses","description":"Deaerator","robots":{"index":"index","follow":"follow","max-snippet":"max-snippet:-1","max-image-preview":"max-image-preview:large","max-video-preview":"max-video-preview:-1"},"canonical":"https:\/\/www.teknoproses.com.tr\/deoderizator","og_locale":"en_US","og_type":"article","og_title":"Deaerator | Teknoproses","og_description":"[:tr]Deaerat\u00f6r[:en]Deaerator[:de]Deaerator[:]","og_url":"https:\/\/www.teknoproses.com.tr\/deoderizator","og_site_name":"Teknoproses","article_modified_time":"2021-04-25T13:57:55+00:00","og_image":[{"url":"https:\/\/www.teknoproses.com.tr\/wp-content\/uploads\/2015\/03\/daerator-1-150x150.jpg?v=1644428599"}],"twitter_misc":{"Est. reading time":"1 minute"},"schema":{"@context":"https:\/\/schema.org","@graph":[{"@type":"WebSite","@id":"https:\/\/www.teknoproses.com.tr\/#website","url":"https:\/\/www.teknoproses.com.tr\/","name":"Teknoproses","description":"","potentialAction":[{"@type":"SearchAction","target":{"@type":"EntryPoint","urlTemplate":"https:\/\/www.teknoproses.com.tr\/?s={search_term_string}"},"query-input":"required name=search_term_string"}],"inLanguage":"en-US"},{"@type":"ImageObject","@id":"https:\/\/www.teknoproses.com.tr\/deoderizator#primaryimage","inLanguage":"en-US","url":"http:\/\/ugurtumer.com.tr\/teknoproses\/wp-content\/uploads\/2015\/03\/deaerat\u00f6r-196x300.jpg","contentUrl":"http:\/\/ugurtumer.com.tr\/teknoproses\/wp-content\/uploads\/2015\/03\/deaerat\u00f6r-196x300.jpg"},{"@type":"WebPage","@id":"https:\/\/www.teknoproses.com.tr\/deoderizator#webpage","url":"https:\/\/www.teknoproses.com.tr\/deoderizator","name":"Deaerator | Teknoproses","isPartOf":{"@id":"https:\/\/www.teknoproses.com.tr\/#website"},"primaryImageOfPage":{"@id":"https:\/\/www.teknoproses.com.tr\/deoderizator#primaryimage"},"datePublished":"2015-03-29T14:02:49+00:00","dateModified":"2021-04-25T13:57:55+00:00","description":"[:tr]Deaerat\u00f6r[:en]Deaerator[:de]Deaerator[:]","breadcrumb":{"@id":"https:\/\/www.teknoproses.com.tr\/deoderizator#breadcrumb"},"inLanguage":"en-US","potentialAction":[{"@type":"ReadAction","target":["https:\/\/www.teknoproses.com.tr\/deoderizator"]}]},{"@type":"BreadcrumbList","@id":"https:\/\/www.teknoproses.com.tr\/deoderizator#breadcrumb","itemListElement":[{"@type":"ListItem","position":1,"name":"Anasayfa","item":"https:\/\/www.teknoproses.com.tr\/"},{"@type":"ListItem","position":2,"name":"Deaerat\u00f6r"}]}]}},"_links":{"self":[{"href":"https:\/\/www.teknoproses.com.tr\/en\/wp-json\/wp\/v2\/pages\/21"}],"collection":[{"href":"https:\/\/www.teknoproses.com.tr\/en\/wp-json\/wp\/v2\/pages"}],"about":[{"href":"https:\/\/www.teknoproses.com.tr\/en\/wp-json\/wp\/v2\/types\/page"}],"author":[{"embeddable":true,"href":"https:\/\/www.teknoproses.com.tr\/en\/wp-json\/wp\/v2\/users\/1"}],"replies":[{"embeddable":true,"href":"https:\/\/www.teknoproses.com.tr\/en\/wp-json\/wp\/v2\/comments?post=21"}],"version-history":[{"count":14,"href":"https:\/\/www.teknoproses.com.tr\/en\/wp-json\/wp\/v2\/pages\/21\/revisions"}],"predecessor-version":[{"id":1300,"href":"https:\/\/www.teknoproses.com.tr\/en\/wp-json\/wp\/v2\/pages\/21\/revisions\/1300"}],"wp:attachment":[{"href":"https:\/\/www.teknoproses.com.tr\/en\/wp-json\/wp\/v2\/media?parent=21"}],"curies":[{"name":"wp","href":"https:\/\/api.w.org\/{rel}","templated":true}]}}