{"id":23,"date":"2015-03-29T17:05:22","date_gmt":"2015-03-29T14:05:22","guid":{"rendered":"http:\/\/ugurtumer.com.tr\/teknoproses\/?page_id=23"},"modified":"2021-04-26T21:42:24","modified_gmt":"2021-04-26T18:42:24","slug":"cip-unitesi","status":"publish","type":"page","link":"https:\/\/www.teknoproses.com.tr\/en\/cip-unitesi","title":{"rendered":"CIP Unit"},"content":{"rendered":"<p>CIP Unit\"><img width=\"150\" height=\"150\" src=\"https:\/\/www.teknoproses.com.tr\/wp-content\/uploads\/2015\/03\/CIP_unit1-150x150.jpg\" class=\"attachment-thumbnail size-thumbnail\" alt=\"CIP Unit\" decoding=\"async\" loading=\"lazy\" \/><\/a>\n\t\t\t<\/dt><\/dl><dl class='gallery-item'>\n\t\t\t<dt class='gallery-icon landscape'>\n\t\t\t\t<a class=\"grouped_elements\" rel=\"tc-fancybox-group\" href=\"https:\/\/www.teknoproses.com.tr\/wp-content\/uploads\/2015\/03\/CIP_unit2.jpg\" title=\"CIP Unit\"><img width=\"150\" height=\"150\" src=\"https:\/\/www.teknoproses.com.tr\/wp-content\/uploads\/2015\/03\/CIP_unit2-150x150.jpg\" class=\"attachment-thumbnail size-thumbnail\" alt=\"CIP Unit\" decoding=\"async\" loading=\"lazy\" \/><\/a>\n\t\t\t<\/dt><\/dl><dl class='gallery-item'>\n\t\t\t<dt class='gallery-icon landscape'>\n\t\t\t\t<a class=\"grouped_elements\" rel=\"tc-fancybox-group\" href=\"https:\/\/www.teknoproses.com.tr\/wp-content\/uploads\/2015\/03\/CIP_unit3.jpg\" title=\"CIP Unit\"><img width=\"150\" height=\"150\" src=\"https:\/\/www.teknoproses.com.tr\/wp-content\/uploads\/2015\/03\/CIP_unit3-150x150.jpg\" class=\"attachment-thumbnail size-thumbnail\" alt=\"CIP Unit\" decoding=\"async\" loading=\"lazy\" \/><\/a>\n\t\t\t<\/dt><\/dl><dl class='gallery-item'>\n\t\t\t<dt class='gallery-icon landscape'>\n\t\t\t\t<a class=\"grouped_elements\" rel=\"tc-fancybox-group\" href=\"https:\/\/www.teknoproses.com.tr\/wp-content\/uploads\/2015\/03\/cip-unitesi1.jpg\" title=\"CIP Unit\"><img width=\"150\" height=\"150\" src=\"https:\/\/www.teknoproses.com.tr\/wp-content\/uploads\/2015\/03\/cip-unitesi1-150x150.jpg\" class=\"attachment-thumbnail size-thumbnail\" alt=\"CIP Unit\" decoding=\"async\" loading=\"lazy\" \/><\/a>\n\t\t\t<\/dt><\/dl><dl class='gallery-item'>\n\t\t\t<dt class='gallery-icon landscape'>\n\t\t\t\t<a class=\"grouped_elements\" rel=\"tc-fancybox-group\" href=\"https:\/\/www.teknoproses.com.tr\/wp-content\/uploads\/2015\/03\/cip-unitesi2.jpg\" title=\"CIP Unit\"><img width=\"150\" height=\"150\" src=\"https:\/\/www.teknoproses.com.tr\/wp-content\/uploads\/2015\/03\/cip-unitesi2-150x150.jpg\" class=\"attachment-thumbnail size-thumbnail\" alt=\"CIP Unit\" decoding=\"async\" loading=\"lazy\" \/><\/a>\n\t\t\t<\/dt><\/dl><dl class='gallery-item'>\n\t\t\t<dt class='gallery-icon landscape'>\n\t\t\t\t<a class=\"grouped_elements\" rel=\"tc-fancybox-group\" href=\"https:\/\/www.teknoproses.com.tr\/wp-content\/uploads\/2015\/03\/cip-unitesi-1.jpg\" title=\"Installation Services\"><img width=\"150\" height=\"150\" src=\"https:\/\/www.teknoproses.com.tr\/wp-content\/uploads\/2015\/03\/cip-unitesi-1-150x150.jpg\" class=\"attachment-thumbnail size-thumbnail\" alt=\"Installation Services\" decoding=\"async\" loading=\"lazy\" \/><\/a>\n\t\t\t<\/dt><\/dl><br style=\"clear: both\" \/><dl class='gallery-item'>\n\t\t\t<dt class='gallery-icon portrait'>\n\t\t\t\t<a class=\"grouped_elements\" rel=\"tc-fancybox-group\" href=\"https:\/\/www.teknoproses.com.tr\/wp-content\/uploads\/2015\/03\/cip-unitesi-2.jpg\" title=\"CIP Unit\"><img width=\"150\" height=\"150\" src=\"https:\/\/www.teknoproses.com.tr\/wp-content\/uploads\/2015\/03\/cip-unitesi-2-150x150.jpg\" class=\"attachment-thumbnail size-thumbnail\" alt=\"CIP Unit\" decoding=\"async\" loading=\"lazy\" \/><\/a>\n\t\t\t<\/dt><\/dl><dl class='gallery-item'>\n\t\t\t<dt class='gallery-icon landscape'>\n\t\t\t\t<a class=\"grouped_elements\" rel=\"tc-fancybox-group\" href=\"https:\/\/www.teknoproses.com.tr\/wp-content\/uploads\/2015\/03\/cip-unitesi-3.jpg\" title=\"CIP Unit\"><img width=\"150\" height=\"150\" src=\"https:\/\/www.teknoproses.com.tr\/wp-content\/uploads\/2015\/03\/cip-unitesi-3-150x150.jpg\" class=\"attachment-thumbnail size-thumbnail\" alt=\"CIP Unit\" decoding=\"async\" loading=\"lazy\" \/><\/a>\n\t\t\t<\/dt><\/dl><dl class='gallery-item'>\n\t\t\t<dt class='gallery-icon landscape'>\n\t\t\t\t<a class=\"grouped_elements\" rel=\"tc-fancybox-group\" href=\"https:\/\/www.teknoproses.com.tr\/wp-content\/uploads\/2015\/03\/cip-unitesi-4.jpg\" title=\"CIP Unit\"><img width=\"150\" height=\"150\" src=\"https:\/\/www.teknoproses.com.tr\/wp-content\/uploads\/2015\/03\/cip-unitesi-4-150x150.jpg\" class=\"attachment-thumbnail size-thumbnail\" alt=\"CIP Unit\" decoding=\"async\" loading=\"lazy\" \/><\/a>\n\t\t\t<\/dt><\/dl><dl class='gallery-item'>\n\t\t\t<dt class='gallery-icon landscape'>\n\t\t\t\t<a class=\"grouped_elements\" rel=\"tc-fancybox-group\" href=\"https:\/\/www.teknoproses.com.tr\/wp-content\/uploads\/2015\/03\/cip-1.jpg\" title=\"CIP Unit\"><img width=\"150\" height=\"150\" src=\"https:\/\/www.teknoproses.com.tr\/wp-content\/uploads\/2015\/03\/cip-1-150x150.jpg\" class=\"attachment-thumbnail size-thumbnail\" alt=\"CIP Unit\" decoding=\"async\" loading=\"lazy\" \/><\/a>\n\t\t\t<\/dt><\/dl><dl class='gallery-item'>\n\t\t\t<dt class='gallery-icon portrait'>\n\t\t\t\t<a class=\"grouped_elements\" rel=\"tc-fancybox-group\" href=\"https:\/\/www.teknoproses.com.tr\/wp-content\/uploads\/2015\/03\/cip-2.jpg\" title=\"CIP Unit\"><img width=\"150\" height=\"150\" src=\"https:\/\/www.teknoproses.com.tr\/wp-content\/uploads\/2015\/03\/cip-2-150x150.jpg\" class=\"attachment-thumbnail size-thumbnail\" alt=\"CIP Unit\" decoding=\"async\" loading=\"lazy\" \/><\/a>\n\t\t\t<\/dt><\/dl><dl class='gallery-item'>\n\t\t\t<dt class='gallery-icon landscape'>\n\t\t\t\t<a class=\"grouped_elements\" rel=\"tc-fancybox-group\" href=\"https:\/\/www.teknoproses.com.tr\/wp-content\/uploads\/2015\/03\/cip-3.jpg\" title=\"CIP Unit\"><img width=\"150\" height=\"150\" src=\"https:\/\/www.teknoproses.com.tr\/wp-content\/uploads\/2015\/03\/cip-3-150x150.jpg\" class=\"attachment-thumbnail size-thumbnail\" alt=\"CIP Unit\" decoding=\"async\" loading=\"lazy\" \/><\/a>\n\t\t\t<\/dt><\/dl><br style=\"clear: both\" \/>\n\t\t<\/div>\n<\/p>\n<p style=\"text-align: justify;\">\u00dcretim band\u0131n\u0131n veya kapal\u0131 devrelerdeki alet ve ekipmanlar\u0131n s\u00f6k\u00fclmeye gerek duyulmadan \u00e7alkalama suyu ve deterjan \u00e7\u00f6zeltisinin \u00fcretim hatt\u0131nda sirk\u00fclasyonu ile yap\u0131larak temizlenebildi\u011fi otomasyonlu temizlik y\u00f6ntemine CIP (Cleaning In Place: Yerinde temizleme) denir.<\/p>\n<p style=\"text-align: justify;\">CIP temizleme sistemiyle i\u015fletme i\u00e7erisinde y\u00fcksek bir sanitasyon standard\u0131 yakalanabilmektedir.<\/p>\n<ul style=\"text-align: justify;\">\n<li>TEKNO-CIP\u00ae, G\u0131da i\u015fletmelerine hedefledikleri y\u00fcksek hijyenik ko\u015fullara ula\u015fmalar\u0131n\u0131 sa\u011flar,<\/li>\n<li>TEKNO-CIP\u00ae tanklar, pompalar, otomatik vanalar, \u0131s\u0131tma sistemleri ve i\u00e7 borulama ekipmanlar\u0131n\u0131 i\u00e7erir.<\/li>\n<li>TEKNO-CIP\u00ae, \u00fcr\u00fcnle temas eden t\u00fcm y\u00fczeylerin ve makine ekipman\u0131n temizlenmesini sa\u011flayacak \u015fekilde dizayn edilmi\u015ftir.<\/li>\n<li>TEKNO-CIP\u00ae, temizleme program\u0131, s\u00fcre, s\u0131cakl\u0131k, debi ve konsantrasyon parametrelerinin t\u00fcm\u00fcn\u00fc otomatik olarak kontrol eder.<\/li>\n<\/ul>\n<p style=\"text-align: justify;\">Temizlenecek her bir ekipman i\u00e7in, debi ayar\u0131 otomatik olarak, boru \u00e7aplar\u0131, tank ya da ekipman detaylar\u0131 ve \u0131s\u0131l i\u015flem uygulamalar\u0131 hesaplamalar\u0131na g\u00f6re yap\u0131l\u0131r.<\/p>\n<p>\n\t\t<style type=\"text\/css\">\n\t\t\t#gallery-2 {\n\t\t\t\tmargin: auto;\n\t\t\t}\n\t\t\t#gallery-2 .gallery-item {\n\t\t\t\tfloat: left;\n\t\t\t\tmargin-top: 10px;\n\t\t\t\ttext-align: center;\n\t\t\t\twidth: 16%;\n\t\t\t}\n\t\t\t#gallery-2 img {\n\t\t\t\tborder: 2px solid #cfcfcf;\n\t\t\t}\n\t\t\t#gallery-2 .gallery-caption {\n\t\t\t\tmargin-left: 0;\n\t\t\t}\n\t\t\t\/* see gallery_shortcode() in wp-includes\/media.php *\/\n\t\t<\/style>\n\t\t<div id='gallery-2' class='gallery galleryid-23 gallery-columns-6 gallery-size-thumbnail'><dl class='gallery-item'>\n\t\t\t<dt class='gallery-icon landscape'>\n\t\t\t\t<a class=\"grouped_elements\" rel=\"tc-fancybox-group\" href=\"https:\/\/www.teknoproses.com.tr\/wp-content\/uploads\/2015\/03\/CIP_unit1.jpg\" title=\"CIP Unit\"><img width=\"150\" height=\"150\" src=\"https:\/\/www.teknoproses.com.tr\/wp-content\/uploads\/2015\/03\/CIP_unit1-150x150.jpg\" class=\"attachment-thumbnail size-thumbnail\" alt=\"CIP Unit\" decoding=\"async\" loading=\"lazy\" \/><\/a>\n\t\t\t<\/dt><\/dl><dl class='gallery-item'>\n\t\t\t<dt class='gallery-icon landscape'>\n\t\t\t\t<a class=\"grouped_elements\" rel=\"tc-fancybox-group\" href=\"https:\/\/www.teknoproses.com.tr\/wp-content\/uploads\/2015\/03\/CIP_unit2.jpg\" title=\"CIP Unit\"><img width=\"150\" height=\"150\" src=\"https:\/\/www.teknoproses.com.tr\/wp-content\/uploads\/2015\/03\/CIP_unit2-150x150.jpg\" class=\"attachment-thumbnail size-thumbnail\" alt=\"CIP Unit\" decoding=\"async\" loading=\"lazy\" \/><\/a>\n\t\t\t<\/dt><\/dl><dl class='gallery-item'>\n\t\t\t<dt class='gallery-icon landscape'>\n\t\t\t\t<a class=\"grouped_elements\" rel=\"tc-fancybox-group\" href=\"https:\/\/www.teknoproses.com.tr\/wp-content\/uploads\/2015\/03\/CIP_unit3.jpg\" title=\"CIP Unit\"><img width=\"150\" height=\"150\" src=\"https:\/\/www.teknoproses.com.tr\/wp-content\/uploads\/2015\/03\/CIP_unit3-150x150.jpg\" class=\"attachment-thumbnail size-thumbnail\" alt=\"CIP Unit\" decoding=\"async\" loading=\"lazy\" \/><\/a>\n\t\t\t<\/dt><\/dl><dl class='gallery-item'>\n\t\t\t<dt class='gallery-icon landscape'>\n\t\t\t\t<a class=\"grouped_elements\" rel=\"tc-fancybox-group\" href=\"https:\/\/www.teknoproses.com.tr\/wp-content\/uploads\/2015\/03\/cip-unitesi1.jpg\" title=\"CIP Unit\"><img width=\"150\" height=\"150\" src=\"https:\/\/www.teknoproses.com.tr\/wp-content\/uploads\/2015\/03\/cip-unitesi1-150x150.jpg\" class=\"attachment-thumbnail size-thumbnail\" alt=\"CIP Unit\" decoding=\"async\" loading=\"lazy\" \/><\/a>\n\t\t\t<\/dt><\/dl><dl class='gallery-item'>\n\t\t\t<dt class='gallery-icon landscape'>\n\t\t\t\t<a class=\"grouped_elements\" rel=\"tc-fancybox-group\" href=\"https:\/\/www.teknoproses.com.tr\/wp-content\/uploads\/2015\/03\/cip-unitesi2.jpg\" title=\"CIP Unit\"><img width=\"150\" height=\"150\" src=\"https:\/\/www.teknoproses.com.tr\/wp-content\/uploads\/2015\/03\/cip-unitesi2-150x150.jpg\" class=\"attachment-thumbnail size-thumbnail\" alt=\"CIP Unit\" decoding=\"async\" loading=\"lazy\" \/><\/a>\n\t\t\t<\/dt><\/dl><dl class='gallery-item'>\n\t\t\t<dt class='gallery-icon landscape'>\n\t\t\t\t<a class=\"grouped_elements\" rel=\"tc-fancybox-group\" href=\"https:\/\/www.teknoproses.com.tr\/wp-content\/uploads\/2015\/03\/cip-unitesi-1.jpg\" title=\"Installation Services\"><img width=\"150\" height=\"150\" src=\"https:\/\/www.teknoproses.com.tr\/wp-content\/uploads\/2015\/03\/cip-unitesi-1-150x150.jpg\" class=\"attachment-thumbnail size-thumbnail\" alt=\"Installation Services\" decoding=\"async\" loading=\"lazy\" \/><\/a>\n\t\t\t<\/dt><\/dl><br style=\"clear: both\" \/><dl class='gallery-item'>\n\t\t\t<dt class='gallery-icon portrait'>\n\t\t\t\t<a class=\"grouped_elements\" rel=\"tc-fancybox-group\" href=\"https:\/\/www.teknoproses.com.tr\/wp-content\/uploads\/2015\/03\/cip-unitesi-2.jpg\" title=\"CIP Unit\"><img width=\"150\" height=\"150\" src=\"https:\/\/www.teknoproses.com.tr\/wp-content\/uploads\/2015\/03\/cip-unitesi-2-150x150.jpg\" class=\"attachment-thumbnail size-thumbnail\" alt=\"CIP Unit\" decoding=\"async\" loading=\"lazy\" \/><\/a>\n\t\t\t<\/dt><\/dl><dl class='gallery-item'>\n\t\t\t<dt class='gallery-icon landscape'>\n\t\t\t\t<a class=\"grouped_elements\" rel=\"tc-fancybox-group\" href=\"https:\/\/www.teknoproses.com.tr\/wp-content\/uploads\/2015\/03\/cip-unitesi-3.jpg\" title=\"CIP Unit\"><img width=\"150\" height=\"150\" src=\"https:\/\/www.teknoproses.com.tr\/wp-content\/uploads\/2015\/03\/cip-unitesi-3-150x150.jpg\" class=\"attachment-thumbnail size-thumbnail\" alt=\"CIP Unit\" decoding=\"async\" loading=\"lazy\" \/><\/a>\n\t\t\t<\/dt><\/dl><dl class='gallery-item'>\n\t\t\t<dt class='gallery-icon landscape'>\n\t\t\t\t<a class=\"grouped_elements\" rel=\"tc-fancybox-group\" href=\"https:\/\/www.teknoproses.com.tr\/wp-content\/uploads\/2015\/03\/cip-unitesi-4.jpg\" title=\"CIP Unit\"><img width=\"150\" height=\"150\" src=\"https:\/\/www.teknoproses.com.tr\/wp-content\/uploads\/2015\/03\/cip-unitesi-4-150x150.jpg\" class=\"attachment-thumbnail size-thumbnail\" alt=\"CIP Unit\" decoding=\"async\" loading=\"lazy\" \/><\/a>\n\t\t\t<\/dt><\/dl><dl class='gallery-item'>\n\t\t\t<dt class='gallery-icon landscape'>\n\t\t\t\t<a class=\"grouped_elements\" rel=\"tc-fancybox-group\" href=\"https:\/\/www.teknoproses.com.tr\/wp-content\/uploads\/2015\/03\/cip-1.jpg\" title=\"CIP Unit\"><img width=\"150\" height=\"150\" src=\"https:\/\/www.teknoproses.com.tr\/wp-content\/uploads\/2015\/03\/cip-1-150x150.jpg\" class=\"attachment-thumbnail size-thumbnail\" alt=\"CIP Unit\" decoding=\"async\" loading=\"lazy\" \/><\/a>\n\t\t\t<\/dt><\/dl><dl class='gallery-item'>\n\t\t\t<dt class='gallery-icon portrait'>\n\t\t\t\t<a class=\"grouped_elements\" rel=\"tc-fancybox-group\" href=\"https:\/\/www.teknoproses.com.tr\/wp-content\/uploads\/2015\/03\/cip-2.jpg\" title=\"CIP Unit\"><img width=\"150\" height=\"150\" src=\"https:\/\/www.teknoproses.com.tr\/wp-content\/uploads\/2015\/03\/cip-2-150x150.jpg\" class=\"attachment-thumbnail size-thumbnail\" alt=\"CIP Unit\" decoding=\"async\" loading=\"lazy\" \/><\/a>\n\t\t\t<\/dt><\/dl><dl class='gallery-item'>\n\t\t\t<dt class='gallery-icon landscape'>\n\t\t\t\t<a class=\"grouped_elements\" rel=\"tc-fancybox-group\" href=\"https:\/\/www.teknoproses.com.tr\/wp-content\/uploads\/2015\/03\/cip-3.jpg\" title=\"CIP Unit\"><img width=\"150\" height=\"150\" src=\"https:\/\/www.teknoproses.com.tr\/wp-content\/uploads\/2015\/03\/cip-3-150x150.jpg\" class=\"attachment-thumbnail size-thumbnail\" alt=\"CIP Unit\" decoding=\"async\" loading=\"lazy\" \/><\/a>\n\t\t\t<\/dt><\/dl><br style=\"clear: both\" \/>\n\t\t<\/div>\n<br \/>\nCIP (Cleaning-In-Place) is\u00a0use for cleaning\u00a0milk, fruit juice,\u00a0beverage\u00a0and\u00a0other\u00a0food\u00a0plants.<\/p>\n<ul style=\"text-align: justify;\">\n<li>TEKNO-CIP\u00ae, allows\u00a0food\u00a0manufacturers\u00a0to achieve\u00a0the targeted\u00a0high\u00a0hygienic\u00a0conditions<\/li>\n<li>TEKNO-CIP\u00ae consists\u00a0of\u00a0tanks, pumps,\u00a0automatic\u00a0valves, heating\u00a0systems\u00a0and\u00a0internal piping system.<\/li>\n<li>TEKNO-CIP\u00ae is designed to clean devices like tanks, pipes, pumps, heat exchangers or filling\u00a0machines which are in contact with the products.<\/li>\n<li>TEKNO-CIP\u00ae controls automatically the cleaning program, the duration (time), the heat, the flow rate and the concentration.<\/li>\n<li>For each equipment that is to be cleaned, the flow rate will determined considering the calculated values such as transfer pipe diameters, tank details, heat threatment applications.<\/li>\n<\/ul>\n<p style=\"text-align: justify;\">\n<p><\/p>","protected":false},"excerpt":{"rendered":"<p>CIP (Cleaning-In-Place) is\u00a0use for cleaning\u00a0milk, fruit juice,\u00a0beverage\u00a0and\u00a0other\u00a0food\u00a0plants. TEKNO-CIP\u00ae, allows\u00a0food\u00a0manufacturers\u00a0to achieve\u00a0the targeted\u00a0high\u00a0hygienic\u00a0conditions TEKNO-CIP\u00ae consists\u00a0of\u00a0tanks, pumps,\u00a0automatic\u00a0valves, heating\u00a0systems\u00a0and\u00a0internal piping system. TEKNO-CIP\u00ae is designed to clean devices like tanks, pipes, pumps, heat exchangers or filling\u00a0machines which are in contact with the products. TEKNO-CIP\u00ae controls automatically the cleaning program, the duration (time), the heat, the flow rate and the concentration. [&hellip;]<\/p>\n","protected":false},"author":1,"featured_media":0,"parent":0,"menu_order":0,"comment_status":"closed","ping_status":"closed","template":"","meta":[],"yoast_head":"<!-- This site is optimized with the Yoast SEO plugin v18.1 - https:\/\/yoast.com\/wordpress\/plugins\/seo\/ -->\n<title>CIP Unit | Teknoproses<\/title>\n<meta name=\"description\" content=\"CIP Unit\" \/>\n<meta name=\"robots\" content=\"index, follow, max-snippet:-1, max-image-preview:large, max-video-preview:-1\" \/>\n<link rel=\"canonical\" href=\"https:\/\/www.teknoproses.com.tr\/cip-unitesi\" \/>\n<meta property=\"og:locale\" content=\"en_US\" \/>\n<meta property=\"og:type\" content=\"article\" \/>\n<meta property=\"og:title\" content=\"CIP Unit | Teknoproses\" \/>\n<meta property=\"og:description\" content=\"[:en]CIP Unit[:de]CIP[:]\" \/>\n<meta property=\"og:url\" content=\"https:\/\/www.teknoproses.com.tr\/cip-unitesi\" \/>\n<meta property=\"og:site_name\" content=\"Teknoproses\" \/>\n<meta property=\"article:modified_time\" content=\"2021-04-26T18:42:24+00:00\" \/>\n<meta property=\"og:image\" content=\"https:\/\/www.teknoproses.com.tr\/wp-content\/uploads\/2015\/03\/CIP_unit1-150x150.jpg?v=1644428800\" \/>\n<meta name=\"twitter:label1\" content=\"Est. reading time\" \/>\n\t<meta name=\"twitter:data1\" content=\"1 minute\" \/>\n<script type=\"application\/ld+json\" class=\"yoast-schema-graph\">{\"@context\":\"https:\/\/schema.org\",\"@graph\":[{\"@type\":\"WebSite\",\"@id\":\"https:\/\/www.teknoproses.com.tr\/#website\",\"url\":\"https:\/\/www.teknoproses.com.tr\/\",\"name\":\"Teknoproses\",\"description\":\"\",\"potentialAction\":[{\"@type\":\"SearchAction\",\"target\":{\"@type\":\"EntryPoint\",\"urlTemplate\":\"https:\/\/www.teknoproses.com.tr\/?s={search_term_string}\"},\"query-input\":\"required name=search_term_string\"}],\"inLanguage\":\"en-US\"},{\"@type\":\"WebPage\",\"@id\":\"https:\/\/www.teknoproses.com.tr\/cip-unitesi#webpage\",\"url\":\"https:\/\/www.teknoproses.com.tr\/cip-unitesi\",\"name\":\"CIP Unit | Teknoproses\",\"isPartOf\":{\"@id\":\"https:\/\/www.teknoproses.com.tr\/#website\"},\"datePublished\":\"2015-03-29T14:05:22+00:00\",\"dateModified\":\"2021-04-26T18:42:24+00:00\",\"description\":\"[:en]CIP Unit[:de]CIP[:]\",\"breadcrumb\":{\"@id\":\"https:\/\/www.teknoproses.com.tr\/cip-unitesi#breadcrumb\"},\"inLanguage\":\"en-US\",\"potentialAction\":[{\"@type\":\"ReadAction\",\"target\":[\"https:\/\/www.teknoproses.com.tr\/cip-unitesi\"]}]},{\"@type\":\"BreadcrumbList\",\"@id\":\"https:\/\/www.teknoproses.com.tr\/cip-unitesi#breadcrumb\",\"itemListElement\":[{\"@type\":\"ListItem\",\"position\":1,\"name\":\"Anasayfa\",\"item\":\"https:\/\/www.teknoproses.com.tr\/\"},{\"@type\":\"ListItem\",\"position\":2,\"name\":\"CIP \u00dcnitesi\"}]}]}<\/script>\n<!-- \/ Yoast SEO plugin. -->","yoast_head_json":{"title":"CIP Unit | Teknoproses","description":"CIP Unit","robots":{"index":"index","follow":"follow","max-snippet":"max-snippet:-1","max-image-preview":"max-image-preview:large","max-video-preview":"max-video-preview:-1"},"canonical":"https:\/\/www.teknoproses.com.tr\/cip-unitesi","og_locale":"en_US","og_type":"article","og_title":"CIP Unit | Teknoproses","og_description":"[:en]CIP Unit[:de]CIP[:]","og_url":"https:\/\/www.teknoproses.com.tr\/cip-unitesi","og_site_name":"Teknoproses","article_modified_time":"2021-04-26T18:42:24+00:00","og_image":[{"url":"https:\/\/www.teknoproses.com.tr\/wp-content\/uploads\/2015\/03\/CIP_unit1-150x150.jpg?v=1644428800"}],"twitter_misc":{"Est. reading time":"1 minute"},"schema":{"@context":"https:\/\/schema.org","@graph":[{"@type":"WebSite","@id":"https:\/\/www.teknoproses.com.tr\/#website","url":"https:\/\/www.teknoproses.com.tr\/","name":"Teknoproses","description":"","potentialAction":[{"@type":"SearchAction","target":{"@type":"EntryPoint","urlTemplate":"https:\/\/www.teknoproses.com.tr\/?s={search_term_string}"},"query-input":"required name=search_term_string"}],"inLanguage":"en-US"},{"@type":"WebPage","@id":"https:\/\/www.teknoproses.com.tr\/cip-unitesi#webpage","url":"https:\/\/www.teknoproses.com.tr\/cip-unitesi","name":"CIP Unit | Teknoproses","isPartOf":{"@id":"https:\/\/www.teknoproses.com.tr\/#website"},"datePublished":"2015-03-29T14:05:22+00:00","dateModified":"2021-04-26T18:42:24+00:00","description":"[:en]CIP Unit[:de]CIP[:]","breadcrumb":{"@id":"https:\/\/www.teknoproses.com.tr\/cip-unitesi#breadcrumb"},"inLanguage":"en-US","potentialAction":[{"@type":"ReadAction","target":["https:\/\/www.teknoproses.com.tr\/cip-unitesi"]}]},{"@type":"BreadcrumbList","@id":"https:\/\/www.teknoproses.com.tr\/cip-unitesi#breadcrumb","itemListElement":[{"@type":"ListItem","position":1,"name":"Anasayfa","item":"https:\/\/www.teknoproses.com.tr\/"},{"@type":"ListItem","position":2,"name":"CIP \u00dcnitesi"}]}]}},"_links":{"self":[{"href":"https:\/\/www.teknoproses.com.tr\/en\/wp-json\/wp\/v2\/pages\/23"}],"collection":[{"href":"https:\/\/www.teknoproses.com.tr\/en\/wp-json\/wp\/v2\/pages"}],"about":[{"href":"https:\/\/www.teknoproses.com.tr\/en\/wp-json\/wp\/v2\/types\/page"}],"author":[{"embeddable":true,"href":"https:\/\/www.teknoproses.com.tr\/en\/wp-json\/wp\/v2\/users\/1"}],"replies":[{"embeddable":true,"href":"https:\/\/www.teknoproses.com.tr\/en\/wp-json\/wp\/v2\/comments?post=23"}],"version-history":[{"count":12,"href":"https:\/\/www.teknoproses.com.tr\/en\/wp-json\/wp\/v2\/pages\/23\/revisions"}],"predecessor-version":[{"id":1405,"href":"https:\/\/www.teknoproses.com.tr\/en\/wp-json\/wp\/v2\/pages\/23\/revisions\/1405"}],"wp:attachment":[{"href":"https:\/\/www.teknoproses.com.tr\/en\/wp-json\/wp\/v2\/media?parent=23"}],"curies":[{"name":"wp","href":"https:\/\/api.w.org\/{rel}","templated":true}]}}