{"id":25,"date":"2015-03-29T17:05:47","date_gmt":"2015-03-29T14:05:47","guid":{"rendered":"http:\/\/ugurtumer.com.tr\/teknoproses\/?page_id=25"},"modified":"2021-04-26T21:58:04","modified_gmt":"2021-04-26T18:58:04","slug":"depolama-proses-tanklari","status":"publish","type":"page","link":"https:\/\/www.teknoproses.com.tr\/en\/depolama-proses-tanklari","title":{"rendered":"Storage and Process Tanks"},"content":{"rendered":"<p>Bull Tank\"><img width=\"150\" height=\"150\" src=\"https:\/\/www.teknoproses.com.tr\/wp-content\/uploads\/2015\/03\/bull-tanki-150x150.jpg\" class=\"attachment-thumbnail size-thumbnail\" alt=\"Bull Tank\" decoding=\"async\" loading=\"lazy\" \/><\/a>\n\t\t\t<\/dt><\/dl><dl class='gallery-item'>\n\t\t\t<dt class='gallery-icon portrait'>\n\t\t\t\t<a class=\"grouped_elements\" rel=\"tc-fancybox-group\" href=\"https:\/\/www.teknoproses.com.tr\/wp-content\/uploads\/2015\/03\/depolama-tanki1.jpg\" title=\"Storage Tanks\"><img width=\"150\" height=\"150\" src=\"https:\/\/www.teknoproses.com.tr\/wp-content\/uploads\/2015\/03\/depolama-tanki1-150x150.jpg\" class=\"attachment-thumbnail size-thumbnail\" alt=\"Storage Tanks\" decoding=\"async\" loading=\"lazy\" srcset=\"https:\/\/www.teknoproses.com.tr\/wp-content\/uploads\/2015\/03\/depolama-tanki1-150x150.jpg 150w, https:\/\/www.teknoproses.com.tr\/wp-content\/uploads\/2015\/03\/depolama-tanki1-503x500.jpg 503w\" sizes=\"(max-width: 150px) 100vw, 150px\" \/><\/a>\n\t\t\t<\/dt><\/dl><dl class='gallery-item'>\n\t\t\t<dt class='gallery-icon landscape'>\n\t\t\t\t<a class=\"grouped_elements\" rel=\"tc-fancybox-group\" href=\"https:\/\/www.teknoproses.com.tr\/wp-content\/uploads\/2015\/03\/depolama-tanki2.jpg\" title=\"Storage Tanks\"><img width=\"150\" height=\"150\" src=\"https:\/\/www.teknoproses.com.tr\/wp-content\/uploads\/2015\/03\/depolama-tanki2-150x150.jpg\" class=\"attachment-thumbnail size-thumbnail\" alt=\"Storage Tanks\" decoding=\"async\" loading=\"lazy\" \/><\/a>\n\t\t\t<\/dt><\/dl><dl class='gallery-item'>\n\t\t\t<dt class='gallery-icon portrait'>\n\t\t\t\t<a class=\"grouped_elements\" rel=\"tc-fancybox-group\" href=\"https:\/\/www.teknoproses.com.tr\/wp-content\/uploads\/2015\/03\/lor-proses-tanki.jpg\" title=\"Process Tank\"><img width=\"150\" height=\"150\" src=\"https:\/\/www.teknoproses.com.tr\/wp-content\/uploads\/2015\/03\/lor-proses-tanki-150x150.jpg\" class=\"attachment-thumbnail size-thumbnail\" alt=\"Process Tank\" decoding=\"async\" loading=\"lazy\" \/><\/a>\n\t\t\t<\/dt><\/dl><dl class='gallery-item'>\n\t\t\t<dt class='gallery-icon landscape'>\n\t\t\t\t<a class=\"grouped_elements\" rel=\"tc-fancybox-group\" href=\"https:\/\/www.teknoproses.com.tr\/wp-content\/uploads\/2015\/03\/proses-tanklari1.jpg\" title=\"Process Tanks\"><img width=\"150\" height=\"150\" src=\"https:\/\/www.teknoproses.com.tr\/wp-content\/uploads\/2015\/03\/proses-tanklari1-150x150.jpg\" class=\"attachment-thumbnail size-thumbnail\" alt=\"Process Tanks\" decoding=\"async\" loading=\"lazy\" \/><\/a>\n\t\t\t<\/dt><\/dl><dl class='gallery-item'>\n\t\t\t<dt class='gallery-icon landscape'>\n\t\t\t\t<a class=\"grouped_elements\" rel=\"tc-fancybox-group\" href=\"https:\/\/www.teknoproses.com.tr\/wp-content\/uploads\/2015\/03\/proses-tanklari2.jpg\" title=\"Process Tanks\"><img width=\"150\" height=\"150\" src=\"https:\/\/www.teknoproses.com.tr\/wp-content\/uploads\/2015\/03\/proses-tanklari2-150x150.jpg\" class=\"attachment-thumbnail size-thumbnail\" alt=\"Process Tanks\" decoding=\"async\" loading=\"lazy\" \/><\/a>\n\t\t\t<\/dt><\/dl><br style=\"clear: both\" \/><dl class='gallery-item'>\n\t\t\t<dt class='gallery-icon landscape'>\n\t\t\t\t<a class=\"grouped_elements\" rel=\"tc-fancybox-group\" href=\"https:\/\/www.teknoproses.com.tr\/wp-content\/uploads\/2015\/03\/depolamaveprosestanklari.jpg\" title=\"Storage and Processes Tanks\"><img width=\"150\" height=\"150\" src=\"https:\/\/www.teknoproses.com.tr\/wp-content\/uploads\/2015\/03\/depolamaveprosestanklari-150x150.jpg\" class=\"attachment-thumbnail size-thumbnail\" alt=\"Storage and Processes Tanks\" decoding=\"async\" loading=\"lazy\" \/><\/a>\n\t\t\t<\/dt><\/dl><dl class='gallery-item'>\n\t\t\t<dt class='gallery-icon landscape'>\n\t\t\t\t<a class=\"grouped_elements\" rel=\"tc-fancybox-group\" href=\"https:\/\/www.teknoproses.com.tr\/wp-content\/uploads\/2015\/03\/depolama-proses-1.jpg\" title=\"Storage and Processes Tanks\"><img width=\"150\" height=\"150\" src=\"https:\/\/www.teknoproses.com.tr\/wp-content\/uploads\/2015\/03\/depolama-proses-1-150x150.jpg\" class=\"attachment-thumbnail size-thumbnail\" alt=\"Storage and Processes Tanks\" decoding=\"async\" loading=\"lazy\" \/><\/a>\n\t\t\t<\/dt><\/dl><dl class='gallery-item'>\n\t\t\t<dt class='gallery-icon landscape'>\n\t\t\t\t<a class=\"grouped_elements\" rel=\"tc-fancybox-group\" href=\"https:\/\/www.teknoproses.com.tr\/wp-content\/uploads\/2015\/03\/depo-1.jpg\" title=\"Storage Tanks\"><img width=\"150\" height=\"150\" src=\"https:\/\/www.teknoproses.com.tr\/wp-content\/uploads\/2015\/03\/depo-1-150x150.jpg\" class=\"attachment-thumbnail size-thumbnail\" alt=\"Storage Tanks\" decoding=\"async\" loading=\"lazy\" \/><\/a>\n\t\t\t<\/dt><\/dl><dl class='gallery-item'>\n\t\t\t<dt class='gallery-icon landscape'>\n\t\t\t\t<a class=\"grouped_elements\" rel=\"tc-fancybox-group\" href=\"https:\/\/www.teknoproses.com.tr\/wp-content\/uploads\/2015\/03\/depo-2.jpg\" title=\"Storage Tanks\"><img width=\"150\" height=\"150\" src=\"https:\/\/www.teknoproses.com.tr\/wp-content\/uploads\/2015\/03\/depo-2-150x150.jpg\" class=\"attachment-thumbnail size-thumbnail\" alt=\"Storage Tanks\" decoding=\"async\" loading=\"lazy\" \/><\/a>\n\t\t\t<\/dt><\/dl><dl class='gallery-item'>\n\t\t\t<dt class='gallery-icon landscape'>\n\t\t\t\t<a class=\"grouped_elements\" rel=\"tc-fancybox-group\" href=\"https:\/\/www.teknoproses.com.tr\/wp-content\/uploads\/2015\/03\/depo-3.jpg\" title=\"Process Tanks\"><img width=\"150\" height=\"150\" src=\"https:\/\/www.teknoproses.com.tr\/wp-content\/uploads\/2015\/03\/depo-3-150x150.jpg\" class=\"attachment-thumbnail size-thumbnail\" alt=\"Process Tanks\" decoding=\"async\" loading=\"lazy\" \/><\/a>\n\t\t\t<\/dt><\/dl><dl class='gallery-item'>\n\t\t\t<dt class='gallery-icon landscape'>\n\t\t\t\t<a class=\"grouped_elements\" rel=\"tc-fancybox-group\" href=\"https:\/\/www.teknoproses.com.tr\/wp-content\/uploads\/2015\/03\/depo-4.jpg\" title=\"Storage Tanks\"><img width=\"150\" height=\"150\" src=\"https:\/\/www.teknoproses.com.tr\/wp-content\/uploads\/2015\/03\/depo-4-150x150.jpg\" class=\"attachment-thumbnail size-thumbnail\" alt=\"Storage Tanks\" decoding=\"async\" loading=\"lazy\" \/><\/a>\n\t\t\t<\/dt><\/dl><br style=\"clear: both\" \/>\n\t\t<\/div>\n<\/p>\n<p>DEPOLAMA VE PROSES TANKLARI<\/p>\n<p>\u2022 AISI304 ve AISI316 kalite paslanmaz \u00e7elikten imal edilmektedir<br \/>\n\u2022 S\u00fct, meyve suyu, dondurma, re\u00e7el, krem \u015fanti, bal, pekmez, gazs\u0131z i\u00e7ecekler gibi g\u0131dalar\u0131n depolama ve proses ihtiya\u00e7lar\u0131na uygun olarak \u00fcretilmektedirler.<br \/>\n\u2022 Y\u00fczey p\u00fcr\u00fczl\u00fcl\u00fc\u011f\u00fc hijyenik ve g\u0131daya uygundur.<br \/>\n\u2022 TIG kaynak metodu ile \u00fcretilmektedir.<br \/>\n\u2022 Depolama ve proses tanklar\u0131 \u00fcr\u00fcne ve s\u0131cakl\u0131klara ba\u011fl\u0131 olarak poli\u00fcretan veya ta\u015f y\u00fcn\u00fc ile izole edilmektedir.<\/p>\n<p>OTOMASYON UNSURLARI<\/p>\n<p>\u2022 S\u0131cakl\u0131k transmitteri<br \/>\n\u2022 Bas\u0131n\u00e7 transmitteri<br \/>\n\u2022 H\u0131z kontroll\u00fc programlanabilir kar\u0131\u015ft\u0131r\u0131c\u0131lar\n\t\t<style type=\"text\/css\">\n\t\t\t#gallery-2 {\n\t\t\t\tmargin: auto;\n\t\t\t}\n\t\t\t#gallery-2 .gallery-item {\n\t\t\t\tfloat: left;\n\t\t\t\tmargin-top: 10px;\n\t\t\t\ttext-align: center;\n\t\t\t\twidth: 16%;\n\t\t\t}\n\t\t\t#gallery-2 img {\n\t\t\t\tborder: 2px solid #cfcfcf;\n\t\t\t}\n\t\t\t#gallery-2 .gallery-caption {\n\t\t\t\tmargin-left: 0;\n\t\t\t}\n\t\t\t\/* see gallery_shortcode() in wp-includes\/media.php *\/\n\t\t<\/style>\n\t\t<div id='gallery-2' class='gallery galleryid-25 gallery-columns-6 gallery-size-thumbnail'><dl class='gallery-item'>\n\t\t\t<dt class='gallery-icon portrait'>\n\t\t\t\t<a class=\"grouped_elements\" rel=\"tc-fancybox-group\" href=\"https:\/\/www.teknoproses.com.tr\/wp-content\/uploads\/2015\/03\/bull-tanki.jpg\" title=\"Bull Tank\"><img width=\"150\" height=\"150\" src=\"https:\/\/www.teknoproses.com.tr\/wp-content\/uploads\/2015\/03\/bull-tanki-150x150.jpg\" class=\"attachment-thumbnail size-thumbnail\" alt=\"Bull Tank\" decoding=\"async\" loading=\"lazy\" \/><\/a>\n\t\t\t<\/dt><\/dl><dl class='gallery-item'>\n\t\t\t<dt class='gallery-icon portrait'>\n\t\t\t\t<a class=\"grouped_elements\" rel=\"tc-fancybox-group\" href=\"https:\/\/www.teknoproses.com.tr\/wp-content\/uploads\/2015\/03\/depolama-tanki1.jpg\" title=\"Storage Tanks\"><img width=\"150\" height=\"150\" src=\"https:\/\/www.teknoproses.com.tr\/wp-content\/uploads\/2015\/03\/depolama-tanki1-150x150.jpg\" class=\"attachment-thumbnail size-thumbnail\" alt=\"Storage Tanks\" decoding=\"async\" loading=\"lazy\" srcset=\"https:\/\/www.teknoproses.com.tr\/wp-content\/uploads\/2015\/03\/depolama-tanki1-150x150.jpg 150w, https:\/\/www.teknoproses.com.tr\/wp-content\/uploads\/2015\/03\/depolama-tanki1-503x500.jpg 503w\" sizes=\"(max-width: 150px) 100vw, 150px\" \/><\/a>\n\t\t\t<\/dt><\/dl><dl class='gallery-item'>\n\t\t\t<dt class='gallery-icon landscape'>\n\t\t\t\t<a class=\"grouped_elements\" rel=\"tc-fancybox-group\" href=\"https:\/\/www.teknoproses.com.tr\/wp-content\/uploads\/2015\/03\/depolama-tanki2.jpg\" title=\"Storage Tanks\"><img width=\"150\" height=\"150\" src=\"https:\/\/www.teknoproses.com.tr\/wp-content\/uploads\/2015\/03\/depolama-tanki2-150x150.jpg\" class=\"attachment-thumbnail size-thumbnail\" alt=\"Storage Tanks\" decoding=\"async\" loading=\"lazy\" \/><\/a>\n\t\t\t<\/dt><\/dl><dl class='gallery-item'>\n\t\t\t<dt class='gallery-icon portrait'>\n\t\t\t\t<a class=\"grouped_elements\" rel=\"tc-fancybox-group\" href=\"https:\/\/www.teknoproses.com.tr\/wp-content\/uploads\/2015\/03\/lor-proses-tanki.jpg\" title=\"Process Tank\"><img width=\"150\" height=\"150\" src=\"https:\/\/www.teknoproses.com.tr\/wp-content\/uploads\/2015\/03\/lor-proses-tanki-150x150.jpg\" class=\"attachment-thumbnail size-thumbnail\" alt=\"Process Tank\" decoding=\"async\" loading=\"lazy\" \/><\/a>\n\t\t\t<\/dt><\/dl><dl class='gallery-item'>\n\t\t\t<dt class='gallery-icon landscape'>\n\t\t\t\t<a class=\"grouped_elements\" rel=\"tc-fancybox-group\" href=\"https:\/\/www.teknoproses.com.tr\/wp-content\/uploads\/2015\/03\/proses-tanklari1.jpg\" title=\"Process Tanks\"><img width=\"150\" height=\"150\" src=\"https:\/\/www.teknoproses.com.tr\/wp-content\/uploads\/2015\/03\/proses-tanklari1-150x150.jpg\" class=\"attachment-thumbnail size-thumbnail\" alt=\"Process Tanks\" decoding=\"async\" loading=\"lazy\" \/><\/a>\n\t\t\t<\/dt><\/dl><dl class='gallery-item'>\n\t\t\t<dt class='gallery-icon landscape'>\n\t\t\t\t<a class=\"grouped_elements\" rel=\"tc-fancybox-group\" href=\"https:\/\/www.teknoproses.com.tr\/wp-content\/uploads\/2015\/03\/proses-tanklari2.jpg\" title=\"Process Tanks\"><img width=\"150\" height=\"150\" src=\"https:\/\/www.teknoproses.com.tr\/wp-content\/uploads\/2015\/03\/proses-tanklari2-150x150.jpg\" class=\"attachment-thumbnail size-thumbnail\" alt=\"Process Tanks\" decoding=\"async\" loading=\"lazy\" \/><\/a>\n\t\t\t<\/dt><\/dl><br style=\"clear: both\" \/><dl class='gallery-item'>\n\t\t\t<dt class='gallery-icon landscape'>\n\t\t\t\t<a class=\"grouped_elements\" rel=\"tc-fancybox-group\" href=\"https:\/\/www.teknoproses.com.tr\/wp-content\/uploads\/2015\/03\/depolamaveprosestanklari.jpg\" title=\"Storage and Processes Tanks\"><img width=\"150\" height=\"150\" src=\"https:\/\/www.teknoproses.com.tr\/wp-content\/uploads\/2015\/03\/depolamaveprosestanklari-150x150.jpg\" class=\"attachment-thumbnail size-thumbnail\" alt=\"Storage and Processes Tanks\" decoding=\"async\" loading=\"lazy\" \/><\/a>\n\t\t\t<\/dt><\/dl><dl class='gallery-item'>\n\t\t\t<dt class='gallery-icon landscape'>\n\t\t\t\t<a class=\"grouped_elements\" rel=\"tc-fancybox-group\" href=\"https:\/\/www.teknoproses.com.tr\/wp-content\/uploads\/2015\/03\/depolama-proses-1.jpg\" title=\"Storage and Processes Tanks\"><img width=\"150\" height=\"150\" src=\"https:\/\/www.teknoproses.com.tr\/wp-content\/uploads\/2015\/03\/depolama-proses-1-150x150.jpg\" class=\"attachment-thumbnail size-thumbnail\" alt=\"Storage and Processes Tanks\" decoding=\"async\" loading=\"lazy\" \/><\/a>\n\t\t\t<\/dt><\/dl><dl class='gallery-item'>\n\t\t\t<dt class='gallery-icon landscape'>\n\t\t\t\t<a class=\"grouped_elements\" rel=\"tc-fancybox-group\" href=\"https:\/\/www.teknoproses.com.tr\/wp-content\/uploads\/2015\/03\/depo-1.jpg\" title=\"Storage Tanks\"><img width=\"150\" height=\"150\" src=\"https:\/\/www.teknoproses.com.tr\/wp-content\/uploads\/2015\/03\/depo-1-150x150.jpg\" class=\"attachment-thumbnail size-thumbnail\" alt=\"Storage Tanks\" decoding=\"async\" loading=\"lazy\" \/><\/a>\n\t\t\t<\/dt><\/dl><dl class='gallery-item'>\n\t\t\t<dt class='gallery-icon landscape'>\n\t\t\t\t<a class=\"grouped_elements\" rel=\"tc-fancybox-group\" href=\"https:\/\/www.teknoproses.com.tr\/wp-content\/uploads\/2015\/03\/depo-2.jpg\" title=\"Storage Tanks\"><img width=\"150\" height=\"150\" src=\"https:\/\/www.teknoproses.com.tr\/wp-content\/uploads\/2015\/03\/depo-2-150x150.jpg\" class=\"attachment-thumbnail size-thumbnail\" alt=\"Storage Tanks\" decoding=\"async\" loading=\"lazy\" \/><\/a>\n\t\t\t<\/dt><\/dl><dl class='gallery-item'>\n\t\t\t<dt class='gallery-icon landscape'>\n\t\t\t\t<a class=\"grouped_elements\" rel=\"tc-fancybox-group\" href=\"https:\/\/www.teknoproses.com.tr\/wp-content\/uploads\/2015\/03\/depo-3.jpg\" title=\"Process Tanks\"><img width=\"150\" height=\"150\" src=\"https:\/\/www.teknoproses.com.tr\/wp-content\/uploads\/2015\/03\/depo-3-150x150.jpg\" class=\"attachment-thumbnail size-thumbnail\" alt=\"Process Tanks\" decoding=\"async\" loading=\"lazy\" \/><\/a>\n\t\t\t<\/dt><\/dl><dl class='gallery-item'>\n\t\t\t<dt class='gallery-icon landscape'>\n\t\t\t\t<a class=\"grouped_elements\" rel=\"tc-fancybox-group\" href=\"https:\/\/www.teknoproses.com.tr\/wp-content\/uploads\/2015\/03\/depo-4.jpg\" title=\"Storage Tanks\"><img width=\"150\" height=\"150\" src=\"https:\/\/www.teknoproses.com.tr\/wp-content\/uploads\/2015\/03\/depo-4-150x150.jpg\" class=\"attachment-thumbnail size-thumbnail\" alt=\"Storage Tanks\" decoding=\"async\" loading=\"lazy\" \/><\/a>\n\t\t\t<\/dt><\/dl><br style=\"clear: both\" \/>\n\t\t<\/div>\n<\/p>\n<p>STORAGE AND PROCESS TANKS<\/p>\n<p>\u2022 Made of stainless steel (Quality: AISI304\u00a0and\u00a0AISI316)<br \/>\n\u2022 Tanks are produced in accordance with the storage\u00a0and\u00a0process needs of products like milk, juice, ice cream, jam,\u00a0whipped cream,\u00a0honey,\u00a0molasses, and\u00a0non-carbonated beverages.<br \/>\n\u2022 Surface\u00a0roughness\u00a0is suitable\u00a0for hygienic foods.<br \/>\n\u2022 Produced\u00a0by TIG\u00a0welding\u00a0method.<br \/>\n\u2022 Storage\u00a0and process\u00a0tanks\u00a0are insulated with polyurethane or\u00a0rock\u00a0wool depending on temperatures and the product.<\/p>\n<p>ELEMENTS OF\u00a0AUTOMATION<\/p>\n<p>\u2022 Temperature\u00a0transmitter<br \/>\n\u2022 Pressure\u00a0transmitter<br \/>\n\u2022 Programmable\u00a0mixer with speed-control<\/p>","protected":false},"excerpt":{"rendered":"<p>STORAGE AND PROCESS TANKS \u2022 Made of stainless steel (Quality: AISI304\u00a0and\u00a0AISI316) \u2022 Tanks are produced in accordance with the storage\u00a0and\u00a0process needs of products like milk, juice, ice cream, jam,\u00a0whipped cream,\u00a0honey,\u00a0molasses, and\u00a0non-carbonated beverages. \u2022 Surface\u00a0roughness\u00a0is suitable\u00a0for hygienic foods. \u2022 Produced\u00a0by TIG\u00a0welding\u00a0method. \u2022 Storage\u00a0and process\u00a0tanks\u00a0are insulated with polyurethane or\u00a0rock\u00a0wool depending on temperatures and the product. ELEMENTS OF\u00a0AUTOMATION [&hellip;]<\/p>\n","protected":false},"author":1,"featured_media":0,"parent":0,"menu_order":0,"comment_status":"open","ping_status":"closed","template":"","meta":[],"yoast_head":"<!-- This site is optimized with the Yoast SEO plugin v18.1 - https:\/\/yoast.com\/wordpress\/plugins\/seo\/ -->\n<title>Storage and Process Tanks | Teknoproses<\/title>\n<meta name=\"description\" content=\"depolama ve proses tanklar\u0131\" \/>\n<meta name=\"robots\" content=\"index, follow, max-snippet:-1, max-image-preview:large, max-video-preview:-1\" \/>\n<link rel=\"canonical\" href=\"https:\/\/www.teknoproses.com.tr\/depolama-proses-tanklari\" \/>\n<meta property=\"og:locale\" content=\"en_US\" \/>\n<meta property=\"og:type\" content=\"article\" \/>\n<meta property=\"og:title\" content=\"Storage and Process Tanks | Teknoproses\" \/>\n<meta property=\"og:description\" content=\"depolama ve proses tanklar\u0131\" \/>\n<meta property=\"og:url\" content=\"https:\/\/www.teknoproses.com.tr\/depolama-proses-tanklari\" \/>\n<meta property=\"og:site_name\" content=\"Teknoproses\" \/>\n<meta property=\"article:modified_time\" content=\"2021-04-26T18:58:04+00:00\" \/>\n<meta property=\"og:image\" content=\"https:\/\/www.teknoproses.com.tr\/wp-content\/uploads\/2015\/03\/bull-tanki-150x150.jpg\" \/>\n<meta name=\"twitter:label1\" content=\"Est. reading time\" \/>\n\t<meta name=\"twitter:data1\" content=\"1 minute\" \/>\n<script type=\"application\/ld+json\" class=\"yoast-schema-graph\">{\"@context\":\"https:\/\/schema.org\",\"@graph\":[{\"@type\":\"WebSite\",\"@id\":\"https:\/\/www.teknoproses.com.tr\/#website\",\"url\":\"https:\/\/www.teknoproses.com.tr\/\",\"name\":\"Teknoproses\",\"description\":\"\",\"potentialAction\":[{\"@type\":\"SearchAction\",\"target\":{\"@type\":\"EntryPoint\",\"urlTemplate\":\"https:\/\/www.teknoproses.com.tr\/?s={search_term_string}\"},\"query-input\":\"required name=search_term_string\"}],\"inLanguage\":\"en-US\"},{\"@type\":\"ImageObject\",\"@id\":\"https:\/\/www.teknoproses.com.tr\/depolama-proses-tanklari#primaryimage\",\"inLanguage\":\"en-US\",\"url\":\"http:\/\/ugurtumer.com.tr\/teknoproses\/wp-content\/uploads\/2015\/03\/depolamaveprosestanklari-300x202.jpg\",\"contentUrl\":\"http:\/\/ugurtumer.com.tr\/teknoproses\/wp-content\/uploads\/2015\/03\/depolamaveprosestanklari-300x202.jpg\"},{\"@type\":\"WebPage\",\"@id\":\"https:\/\/www.teknoproses.com.tr\/depolama-proses-tanklari#webpage\",\"url\":\"https:\/\/www.teknoproses.com.tr\/depolama-proses-tanklari\",\"name\":\"Storage and Process Tanks | Teknoproses\",\"isPartOf\":{\"@id\":\"https:\/\/www.teknoproses.com.tr\/#website\"},\"primaryImageOfPage\":{\"@id\":\"https:\/\/www.teknoproses.com.tr\/depolama-proses-tanklari#primaryimage\"},\"datePublished\":\"2015-03-29T14:05:47+00:00\",\"dateModified\":\"2021-04-26T18:58:04+00:00\",\"description\":\"depolama ve proses tanklar\u0131\",\"breadcrumb\":{\"@id\":\"https:\/\/www.teknoproses.com.tr\/depolama-proses-tanklari#breadcrumb\"},\"inLanguage\":\"en-US\",\"potentialAction\":[{\"@type\":\"ReadAction\",\"target\":[\"https:\/\/www.teknoproses.com.tr\/depolama-proses-tanklari\"]}]},{\"@type\":\"BreadcrumbList\",\"@id\":\"https:\/\/www.teknoproses.com.tr\/depolama-proses-tanklari#breadcrumb\",\"itemListElement\":[{\"@type\":\"ListItem\",\"position\":1,\"name\":\"Anasayfa\",\"item\":\"https:\/\/www.teknoproses.com.tr\/\"},{\"@type\":\"ListItem\",\"position\":2,\"name\":\"Depolama ve Proses Tanklar\u0131\"}]}]}<\/script>\n<!-- \/ Yoast SEO plugin. -->","yoast_head_json":{"title":"Storage and Process Tanks | Teknoproses","description":"depolama ve proses tanklar\u0131","robots":{"index":"index","follow":"follow","max-snippet":"max-snippet:-1","max-image-preview":"max-image-preview:large","max-video-preview":"max-video-preview:-1"},"canonical":"https:\/\/www.teknoproses.com.tr\/depolama-proses-tanklari","og_locale":"en_US","og_type":"article","og_title":"Storage and Process Tanks | Teknoproses","og_description":"depolama ve proses tanklar\u0131","og_url":"https:\/\/www.teknoproses.com.tr\/depolama-proses-tanklari","og_site_name":"Teknoproses","article_modified_time":"2021-04-26T18:58:04+00:00","og_image":[{"url":"https:\/\/www.teknoproses.com.tr\/wp-content\/uploads\/2015\/03\/bull-tanki-150x150.jpg"}],"twitter_misc":{"Est. reading time":"1 minute"},"schema":{"@context":"https:\/\/schema.org","@graph":[{"@type":"WebSite","@id":"https:\/\/www.teknoproses.com.tr\/#website","url":"https:\/\/www.teknoproses.com.tr\/","name":"Teknoproses","description":"","potentialAction":[{"@type":"SearchAction","target":{"@type":"EntryPoint","urlTemplate":"https:\/\/www.teknoproses.com.tr\/?s={search_term_string}"},"query-input":"required name=search_term_string"}],"inLanguage":"en-US"},{"@type":"ImageObject","@id":"https:\/\/www.teknoproses.com.tr\/depolama-proses-tanklari#primaryimage","inLanguage":"en-US","url":"http:\/\/ugurtumer.com.tr\/teknoproses\/wp-content\/uploads\/2015\/03\/depolamaveprosestanklari-300x202.jpg","contentUrl":"http:\/\/ugurtumer.com.tr\/teknoproses\/wp-content\/uploads\/2015\/03\/depolamaveprosestanklari-300x202.jpg"},{"@type":"WebPage","@id":"https:\/\/www.teknoproses.com.tr\/depolama-proses-tanklari#webpage","url":"https:\/\/www.teknoproses.com.tr\/depolama-proses-tanklari","name":"Storage and Process Tanks | Teknoproses","isPartOf":{"@id":"https:\/\/www.teknoproses.com.tr\/#website"},"primaryImageOfPage":{"@id":"https:\/\/www.teknoproses.com.tr\/depolama-proses-tanklari#primaryimage"},"datePublished":"2015-03-29T14:05:47+00:00","dateModified":"2021-04-26T18:58:04+00:00","description":"depolama ve proses tanklar\u0131","breadcrumb":{"@id":"https:\/\/www.teknoproses.com.tr\/depolama-proses-tanklari#breadcrumb"},"inLanguage":"en-US","potentialAction":[{"@type":"ReadAction","target":["https:\/\/www.teknoproses.com.tr\/depolama-proses-tanklari"]}]},{"@type":"BreadcrumbList","@id":"https:\/\/www.teknoproses.com.tr\/depolama-proses-tanklari#breadcrumb","itemListElement":[{"@type":"ListItem","position":1,"name":"Anasayfa","item":"https:\/\/www.teknoproses.com.tr\/"},{"@type":"ListItem","position":2,"name":"Depolama ve Proses Tanklar\u0131"}]}]}},"_links":{"self":[{"href":"https:\/\/www.teknoproses.com.tr\/en\/wp-json\/wp\/v2\/pages\/25"}],"collection":[{"href":"https:\/\/www.teknoproses.com.tr\/en\/wp-json\/wp\/v2\/pages"}],"about":[{"href":"https:\/\/www.teknoproses.com.tr\/en\/wp-json\/wp\/v2\/types\/page"}],"author":[{"embeddable":true,"href":"https:\/\/www.teknoproses.com.tr\/en\/wp-json\/wp\/v2\/users\/1"}],"replies":[{"embeddable":true,"href":"https:\/\/www.teknoproses.com.tr\/en\/wp-json\/wp\/v2\/comments?post=25"}],"version-history":[{"count":22,"href":"https:\/\/www.teknoproses.com.tr\/en\/wp-json\/wp\/v2\/pages\/25\/revisions"}],"predecessor-version":[{"id":1410,"href":"https:\/\/www.teknoproses.com.tr\/en\/wp-json\/wp\/v2\/pages\/25\/revisions\/1410"}],"wp:attachment":[{"href":"https:\/\/www.teknoproses.com.tr\/en\/wp-json\/wp\/v2\/media?parent=25"}],"curies":[{"name":"wp","href":"https:\/\/api.w.org\/{rel}","templated":true}]}}