{"id":33,"date":"2015-03-29T17:08:04","date_gmt":"2015-03-29T17:08:04","guid":{"rendered":"http:\/\/ugurtumer.com.tr\/teknoproses\/?page_id=33"},"modified":"2022-02-09T23:47:44","modified_gmt":"2022-02-09T20:47:44","slug":"atik-su-sistemleri","status":"publish","type":"page","link":"https:\/\/www.teknoproses.com.tr\/en\/atik-su-sistemleri","title":{"rendered":"Wastewater Drainage System"},"content":{"rendered":"<p>Wastewater Drainage System\"><img width=\"150\" height=\"150\" src=\"https:\/\/www.teknoproses.com.tr\/wp-content\/uploads\/2015\/03\/atik-su-gider-sistemi1-150x150.jpg\" class=\"attachment-thumbnail size-thumbnail\" alt=\"Wastewater Drainage System\" decoding=\"async\" loading=\"lazy\" srcset=\"https:\/\/www.teknoproses.com.tr\/wp-content\/uploads\/2015\/03\/atik-su-gider-sistemi1-150x150.jpg 150w, https:\/\/www.teknoproses.com.tr\/wp-content\/uploads\/2015\/03\/atik-su-gider-sistemi1.jpg 225w\" sizes=\"(max-width: 150px) 100vw, 150px\" \/><\/a>\n\t\t\t<\/dt><\/dl><dl class='gallery-item'>\n\t\t\t<dt class='gallery-icon landscape'>\n\t\t\t\t<a class=\"grouped_elements\" rel=\"tc-fancybox-group\" href=\"https:\/\/www.teknoproses.com.tr\/wp-content\/uploads\/2015\/03\/atik-su-gider-sistemi2.jpg\" title=\"Wastewater Drainage System\"><img width=\"150\" height=\"150\" src=\"https:\/\/www.teknoproses.com.tr\/wp-content\/uploads\/2015\/03\/atik-su-gider-sistemi2-150x150.jpg\" class=\"attachment-thumbnail size-thumbnail\" alt=\"Wastewater Drainage System\" decoding=\"async\" loading=\"lazy\" \/><\/a>\n\t\t\t<\/dt><\/dl>\n\t\t\t<br style='clear: both' \/>\n\t\t<\/div>\n<\/p>\n<p>ATIK SU G\u0130DER S\u0130STEMLER\u0130<br \/>\n\u2022 A\u011f\u0131r y\u00fck ta\u015f\u0131yabilecek mukavemetli yap\u0131dad\u0131r.<br \/>\n\u2022 Sifon \u00f6zelli\u011fi ile istenmeyen kokular\u0131 \u00f6nler.<br \/>\n\u2022 320 x 320 mm \u00f6l\u00e7\u00fclerindedir<br \/>\n\u2022 110 x 1,5 mm \u00e7\u0131k\u0131\u015f boruludur.<br \/>\n\u2022 \u0130\u00e7 sepeti temizlemeye uygundur.<\/p>\n<p>ATIK SU KANALLARI<br \/>\nAISI 304 kalite paslanmaz \u00e7elikten imal edilmi\u015ftir. G\u0131da tesisleri i\u00e7in tasarlanm\u0131\u015ft\u0131r. Hijyeniktirler ve kolayl\u0131kla temizlenebilirler. Sistemden uzakla\u015ft\u0131r\u0131lacak su miktar\u0131 ve niteli\u011fi do\u011frultusunda projelendirilmektedirler.<br \/>\nS\u00fct i\u015fletmeleri, meyve suyu i\u015fletmeleri, ila\u00e7 sanayi gibi end\u00fcstriyel tesisler i\u00e7in dizayn edilmi\u015ftir.<\/p>\n<p>&nbsp;\n\t\t<style type=\"text\/css\">\n\t\t\t#gallery-2 {\n\t\t\t\tmargin: auto;\n\t\t\t}\n\t\t\t#gallery-2 .gallery-item {\n\t\t\t\tfloat: left;\n\t\t\t\tmargin-top: 10px;\n\t\t\t\ttext-align: center;\n\t\t\t\twidth: 16%;\n\t\t\t}\n\t\t\t#gallery-2 img {\n\t\t\t\tborder: 2px solid #cfcfcf;\n\t\t\t}\n\t\t\t#gallery-2 .gallery-caption {\n\t\t\t\tmargin-left: 0;\n\t\t\t}\n\t\t\t\/* see gallery_shortcode() in wp-includes\/media.php *\/\n\t\t<\/style>\n\t\t<div id='gallery-2' class='gallery galleryid-33 gallery-columns-6 gallery-size-thumbnail'><dl class='gallery-item'>\n\t\t\t<dt class='gallery-icon landscape'>\n\t\t\t\t<a class=\"grouped_elements\" rel=\"tc-fancybox-group\" href=\"https:\/\/www.teknoproses.com.tr\/wp-content\/uploads\/2015\/03\/atik-su-gider-sistemi1.jpg\" title=\"Wastewater Drainage System\"><img width=\"150\" height=\"150\" src=\"https:\/\/www.teknoproses.com.tr\/wp-content\/uploads\/2015\/03\/atik-su-gider-sistemi1-150x150.jpg\" class=\"attachment-thumbnail size-thumbnail\" alt=\"Wastewater Drainage System\" decoding=\"async\" loading=\"lazy\" srcset=\"https:\/\/www.teknoproses.com.tr\/wp-content\/uploads\/2015\/03\/atik-su-gider-sistemi1-150x150.jpg 150w, https:\/\/www.teknoproses.com.tr\/wp-content\/uploads\/2015\/03\/atik-su-gider-sistemi1.jpg 225w\" sizes=\"(max-width: 150px) 100vw, 150px\" \/><\/a>\n\t\t\t<\/dt><\/dl><dl class='gallery-item'>\n\t\t\t<dt class='gallery-icon landscape'>\n\t\t\t\t<a class=\"grouped_elements\" rel=\"tc-fancybox-group\" href=\"https:\/\/www.teknoproses.com.tr\/wp-content\/uploads\/2015\/03\/atik-su-gider-sistemi2.jpg\" title=\"Wastewater Drainage System\"><img width=\"150\" height=\"150\" src=\"https:\/\/www.teknoproses.com.tr\/wp-content\/uploads\/2015\/03\/atik-su-gider-sistemi2-150x150.jpg\" class=\"attachment-thumbnail size-thumbnail\" alt=\"Wastewater Drainage System\" decoding=\"async\" loading=\"lazy\" \/><\/a>\n\t\t\t<\/dt><\/dl>\n\t\t\t<br style='clear: both' \/>\n\t\t<\/div>\n<\/p>\n<p>WASTEWATER DRAINAGE SYSTEM<br \/>\n\u2022 Strong structure to carry heavy loads.<br \/>\n\u2022 Siphon feature prevents unwanted smells.<br \/>\n\u2022 Size: 320mm x 320mm.<br \/>\n\u2022 Output-pipe size: \u00d8 110mm x 1,5mm.<br \/>\n\u2022 Suitable for cleaning the inner basket.<\/p>\n<p>WASTEWATER DRAINS<br \/>\nMade of\u00a0stainless\u00a0steel with AISI304 quality. Designed according to\u00a0the flow and quality of the water for food facilities. Hygienic\u00a0and easy to clean.<br \/>\nDesigned for industrial plants such as dairy plants, fruit juice plants and pharmaceutical industry.<\/p>","protected":false},"excerpt":{"rendered":"<p>WASTEWATER DRAINAGE SYSTEM \u2022 Strong structure to carry heavy loads. \u2022 Siphon feature prevents unwanted smells. \u2022 Size: 320mm x 320mm. \u2022 Output-pipe size: \u00d8 110mm x 1,5mm. \u2022 Suitable for cleaning the inner basket. WASTEWATER DRAINS Made of\u00a0stainless\u00a0steel with AISI304 quality. Designed according to\u00a0the flow and quality of the water for food facilities. Hygienic\u00a0and [&hellip;]<\/p>\n","protected":false},"author":1,"featured_media":0,"parent":0,"menu_order":0,"comment_status":"closed","ping_status":"open","template":"","meta":[],"yoast_head":"<!-- This site is optimized with the Yoast SEO plugin v18.1 - https:\/\/yoast.com\/wordpress\/plugins\/seo\/ -->\n<title>Wastewater Drainage System | Teknoproses<\/title>\n<meta name=\"description\" content=\"Wastewater Floor Gutters\" \/>\n<meta name=\"robots\" content=\"index, follow, max-snippet:-1, max-image-preview:large, max-video-preview:-1\" \/>\n<link rel=\"canonical\" href=\"https:\/\/www.teknoproses.com.tr\/atik-su-sistemleri\" \/>\n<meta property=\"og:locale\" content=\"en_US\" \/>\n<meta property=\"og:type\" content=\"article\" \/>\n<meta property=\"og:title\" content=\"Wastewater Drainage System | Teknoproses\" \/>\n<meta property=\"og:description\" content=\"[:tr]At\u0131k Su Sistemleri[:en]Wastewater Floor Gutters[:de]ABWASSER FLOOR RINNEN[:]\" \/>\n<meta property=\"og:url\" content=\"https:\/\/www.teknoproses.com.tr\/atik-su-sistemleri\" \/>\n<meta property=\"og:site_name\" content=\"Teknoproses\" \/>\n<meta property=\"article:modified_time\" content=\"2022-02-09T20:47:44+00:00\" \/>\n<meta property=\"og:image\" content=\"https:\/\/www.teknoproses.com.tr\/wp-content\/uploads\/2015\/03\/atik-su-gider-sistemi1-150x150.jpg\" \/>\n<meta name=\"twitter:label1\" content=\"Est. reading time\" \/>\n\t<meta name=\"twitter:data1\" content=\"1 minute\" \/>\n<script type=\"application\/ld+json\" class=\"yoast-schema-graph\">{\"@context\":\"https:\/\/schema.org\",\"@graph\":[{\"@type\":\"WebSite\",\"@id\":\"https:\/\/www.teknoproses.com.tr\/#website\",\"url\":\"https:\/\/www.teknoproses.com.tr\/\",\"name\":\"Teknoproses\",\"description\":\"\",\"potentialAction\":[{\"@type\":\"SearchAction\",\"target\":{\"@type\":\"EntryPoint\",\"urlTemplate\":\"https:\/\/www.teknoproses.com.tr\/?s={search_term_string}\"},\"query-input\":\"required name=search_term_string\"}],\"inLanguage\":\"en-US\"},{\"@type\":\"WebPage\",\"@id\":\"https:\/\/www.teknoproses.com.tr\/atik-su-sistemleri#webpage\",\"url\":\"https:\/\/www.teknoproses.com.tr\/atik-su-sistemleri\",\"name\":\"Wastewater Drainage System | Teknoproses\",\"isPartOf\":{\"@id\":\"https:\/\/www.teknoproses.com.tr\/#website\"},\"datePublished\":\"2015-03-29T17:08:04+00:00\",\"dateModified\":\"2022-02-09T20:47:44+00:00\",\"description\":\"[:tr]At\u0131k Su Sistemleri[:en]Wastewater Floor Gutters[:de]ABWASSER FLOOR RINNEN[:]\",\"breadcrumb\":{\"@id\":\"https:\/\/www.teknoproses.com.tr\/atik-su-sistemleri#breadcrumb\"},\"inLanguage\":\"en-US\",\"potentialAction\":[{\"@type\":\"ReadAction\",\"target\":[\"https:\/\/www.teknoproses.com.tr\/atik-su-sistemleri\"]}]},{\"@type\":\"BreadcrumbList\",\"@id\":\"https:\/\/www.teknoproses.com.tr\/atik-su-sistemleri#breadcrumb\",\"itemListElement\":[{\"@type\":\"ListItem\",\"position\":1,\"name\":\"Anasayfa\",\"item\":\"https:\/\/www.teknoproses.com.tr\/\"},{\"@type\":\"ListItem\",\"position\":2,\"name\":\"At\u0131k Su Gider Sistemleri\"}]}]}<\/script>\n<!-- \/ Yoast SEO plugin. -->","yoast_head_json":{"title":"Wastewater Drainage System | Teknoproses","description":"Wastewater Floor Gutters","robots":{"index":"index","follow":"follow","max-snippet":"max-snippet:-1","max-image-preview":"max-image-preview:large","max-video-preview":"max-video-preview:-1"},"canonical":"https:\/\/www.teknoproses.com.tr\/atik-su-sistemleri","og_locale":"en_US","og_type":"article","og_title":"Wastewater Drainage System | Teknoproses","og_description":"[:tr]At\u0131k Su Sistemleri[:en]Wastewater Floor Gutters[:de]ABWASSER FLOOR RINNEN[:]","og_url":"https:\/\/www.teknoproses.com.tr\/atik-su-sistemleri","og_site_name":"Teknoproses","article_modified_time":"2022-02-09T20:47:44+00:00","og_image":[{"url":"https:\/\/www.teknoproses.com.tr\/wp-content\/uploads\/2015\/03\/atik-su-gider-sistemi1-150x150.jpg"}],"twitter_misc":{"Est. reading time":"1 minute"},"schema":{"@context":"https:\/\/schema.org","@graph":[{"@type":"WebSite","@id":"https:\/\/www.teknoproses.com.tr\/#website","url":"https:\/\/www.teknoproses.com.tr\/","name":"Teknoproses","description":"","potentialAction":[{"@type":"SearchAction","target":{"@type":"EntryPoint","urlTemplate":"https:\/\/www.teknoproses.com.tr\/?s={search_term_string}"},"query-input":"required name=search_term_string"}],"inLanguage":"en-US"},{"@type":"WebPage","@id":"https:\/\/www.teknoproses.com.tr\/atik-su-sistemleri#webpage","url":"https:\/\/www.teknoproses.com.tr\/atik-su-sistemleri","name":"Wastewater Drainage System | Teknoproses","isPartOf":{"@id":"https:\/\/www.teknoproses.com.tr\/#website"},"datePublished":"2015-03-29T17:08:04+00:00","dateModified":"2022-02-09T20:47:44+00:00","description":"[:tr]At\u0131k Su Sistemleri[:en]Wastewater Floor Gutters[:de]ABWASSER FLOOR RINNEN[:]","breadcrumb":{"@id":"https:\/\/www.teknoproses.com.tr\/atik-su-sistemleri#breadcrumb"},"inLanguage":"en-US","potentialAction":[{"@type":"ReadAction","target":["https:\/\/www.teknoproses.com.tr\/atik-su-sistemleri"]}]},{"@type":"BreadcrumbList","@id":"https:\/\/www.teknoproses.com.tr\/atik-su-sistemleri#breadcrumb","itemListElement":[{"@type":"ListItem","position":1,"name":"Anasayfa","item":"https:\/\/www.teknoproses.com.tr\/"},{"@type":"ListItem","position":2,"name":"At\u0131k Su Gider Sistemleri"}]}]}},"_links":{"self":[{"href":"https:\/\/www.teknoproses.com.tr\/en\/wp-json\/wp\/v2\/pages\/33"}],"collection":[{"href":"https:\/\/www.teknoproses.com.tr\/en\/wp-json\/wp\/v2\/pages"}],"about":[{"href":"https:\/\/www.teknoproses.com.tr\/en\/wp-json\/wp\/v2\/types\/page"}],"author":[{"embeddable":true,"href":"https:\/\/www.teknoproses.com.tr\/en\/wp-json\/wp\/v2\/users\/1"}],"replies":[{"embeddable":true,"href":"https:\/\/www.teknoproses.com.tr\/en\/wp-json\/wp\/v2\/comments?post=33"}],"version-history":[{"count":39,"href":"https:\/\/www.teknoproses.com.tr\/en\/wp-json\/wp\/v2\/pages\/33\/revisions"}],"predecessor-version":[{"id":1490,"href":"https:\/\/www.teknoproses.com.tr\/en\/wp-json\/wp\/v2\/pages\/33\/revisions\/1490"}],"wp:attachment":[{"href":"https:\/\/www.teknoproses.com.tr\/en\/wp-json\/wp\/v2\/media?parent=33"}],"curies":[{"name":"wp","href":"https:\/\/api.w.org\/{rel}","templated":true}]}}