{"id":35,"date":"2015-03-29T17:08:35","date_gmt":"2015-03-29T17:08:35","guid":{"rendered":"http:\/\/ugurtumer.com.tr\/teknoproses\/?page_id=35"},"modified":"2021-04-27T00:32:13","modified_gmt":"2021-04-26T21:32:13","slug":"sut-alim-unitesi","status":"publish","type":"page","link":"https:\/\/www.teknoproses.com.tr\/en\/sut-alim-unitesi","title":{"rendered":"Milk Reception Unit"},"content":{"rendered":"<p>Milk Reception Unit\"><img width=\"150\" height=\"150\" src=\"https:\/\/www.teknoproses.com.tr\/wp-content\/uploads\/2015\/03\/milk1-150x150.jpg\" class=\"attachment-thumbnail size-thumbnail\" alt=\"Milk Reception Unit\" decoding=\"async\" loading=\"lazy\" \/><\/a>\n\t\t\t<\/dt><\/dl><dl class='gallery-item'>\n\t\t\t<dt class='gallery-icon landscape'>\n\t\t\t\t<a class=\"grouped_elements\" rel=\"tc-fancybox-group\" href=\"https:\/\/www.teknoproses.com.tr\/wp-content\/uploads\/2015\/03\/milk2.jpg\" title=\"Milk Reception Unit\"><img width=\"150\" height=\"150\" src=\"https:\/\/www.teknoproses.com.tr\/wp-content\/uploads\/2015\/03\/milk2-150x150.jpg\" class=\"attachment-thumbnail size-thumbnail\" alt=\"Milk Reception Unit\" decoding=\"async\" loading=\"lazy\" \/><\/a>\n\t\t\t<\/dt><\/dl><dl class='gallery-item'>\n\t\t\t<dt class='gallery-icon landscape'>\n\t\t\t\t<a class=\"grouped_elements\" rel=\"tc-fancybox-group\" href=\"https:\/\/www.teknoproses.com.tr\/wp-content\/uploads\/2015\/03\/milk3.jpg\" title=\"Milk Reception Unit\"><img width=\"150\" height=\"150\" src=\"https:\/\/www.teknoproses.com.tr\/wp-content\/uploads\/2015\/03\/milk3-150x150.jpg\" class=\"attachment-thumbnail size-thumbnail\" alt=\"Milk Reception Unit\" decoding=\"async\" loading=\"lazy\" \/><\/a>\n\t\t\t<\/dt><\/dl><dl class='gallery-item'>\n\t\t\t<dt class='gallery-icon landscape'>\n\t\t\t\t<a class=\"grouped_elements\" rel=\"tc-fancybox-group\" href=\"https:\/\/www.teknoproses.com.tr\/wp-content\/uploads\/2015\/03\/milk4.jpg\" title=\"Milk Reception Unit\"><img width=\"150\" height=\"150\" src=\"https:\/\/www.teknoproses.com.tr\/wp-content\/uploads\/2015\/03\/milk4-150x150.jpg\" class=\"attachment-thumbnail size-thumbnail\" alt=\"Milk Reception Unit\" decoding=\"async\" loading=\"lazy\" \/><\/a>\n\t\t\t<\/dt><\/dl><dl class='gallery-item'>\n\t\t\t<dt class='gallery-icon landscape'>\n\t\t\t\t<a class=\"grouped_elements\" rel=\"tc-fancybox-group\" href=\"https:\/\/www.teknoproses.com.tr\/wp-content\/uploads\/2015\/03\/milk5.jpg\" title=\"Milk Reception Unit\"><img width=\"150\" height=\"150\" src=\"https:\/\/www.teknoproses.com.tr\/wp-content\/uploads\/2015\/03\/milk5-150x150.jpg\" class=\"attachment-thumbnail size-thumbnail\" alt=\"Milk Reception Unit\" decoding=\"async\" loading=\"lazy\" \/><\/a>\n\t\t\t<\/dt><\/dl><dl class='gallery-item'>\n\t\t\t<dt class='gallery-icon landscape'>\n\t\t\t\t<a class=\"grouped_elements\" rel=\"tc-fancybox-group\" href=\"https:\/\/www.teknoproses.com.tr\/wp-content\/uploads\/2015\/03\/milk6.jpg\" title=\"Milk Reception Unit\"><img width=\"150\" height=\"150\" src=\"https:\/\/www.teknoproses.com.tr\/wp-content\/uploads\/2015\/03\/milk6-150x150.jpg\" class=\"attachment-thumbnail size-thumbnail\" alt=\"Milk Reception Unit\" decoding=\"async\" loading=\"lazy\" \/><\/a>\n\t\t\t<\/dt><\/dl><br style=\"clear: both\" \/><dl class='gallery-item'>\n\t\t\t<dt class='gallery-icon landscape'>\n\t\t\t\t<a class=\"grouped_elements\" rel=\"tc-fancybox-group\" href=\"https:\/\/www.teknoproses.com.tr\/wp-content\/uploads\/2015\/03\/milk7.jpg\" title=\"Milk Reception Unit\"><img width=\"150\" height=\"150\" src=\"https:\/\/www.teknoproses.com.tr\/wp-content\/uploads\/2015\/03\/milk7-150x150.jpg\" class=\"attachment-thumbnail size-thumbnail\" alt=\"Milk Reception Unit\" decoding=\"async\" loading=\"lazy\" \/><\/a>\n\t\t\t<\/dt><\/dl><dl class='gallery-item'>\n\t\t\t<dt class='gallery-icon landscape'>\n\t\t\t\t<a class=\"grouped_elements\" rel=\"tc-fancybox-group\" href=\"https:\/\/www.teknoproses.com.tr\/wp-content\/uploads\/2015\/03\/milk8.jpg\" title=\"Milk Reception Unit\"><img width=\"150\" height=\"150\" src=\"https:\/\/www.teknoproses.com.tr\/wp-content\/uploads\/2015\/03\/milk8-150x150.jpg\" class=\"attachment-thumbnail size-thumbnail\" alt=\"Milk Reception Unit\" decoding=\"async\" loading=\"lazy\" \/><\/a>\n\t\t\t<\/dt><\/dl><dl class='gallery-item'>\n\t\t\t<dt class='gallery-icon landscape'>\n\t\t\t\t<a class=\"grouped_elements\" rel=\"tc-fancybox-group\" href=\"https:\/\/www.teknoproses.com.tr\/wp-content\/uploads\/2015\/03\/milk9.jpg\" title=\"Milk Reception Unit\"><img width=\"150\" height=\"150\" src=\"https:\/\/www.teknoproses.com.tr\/wp-content\/uploads\/2015\/03\/milk9-150x150.jpg\" class=\"attachment-thumbnail size-thumbnail\" alt=\"Milk Reception Unit\" decoding=\"async\" loading=\"lazy\" \/><\/a>\n\t\t\t<\/dt><\/dl><dl class='gallery-item'>\n\t\t\t<dt class='gallery-icon landscape'>\n\t\t\t\t<a class=\"grouped_elements\" rel=\"tc-fancybox-group\" href=\"https:\/\/www.teknoproses.com.tr\/wp-content\/uploads\/2015\/03\/sut-alim-unitesi-1.jpg\" title=\"Milk Reception Unit\"><img width=\"150\" height=\"150\" src=\"https:\/\/www.teknoproses.com.tr\/wp-content\/uploads\/2015\/03\/sut-alim-unitesi-1-150x150.jpg\" class=\"attachment-thumbnail size-thumbnail\" alt=\"Milk Reception Unit\" decoding=\"async\" loading=\"lazy\" \/><\/a>\n\t\t\t<\/dt><\/dl><dl class='gallery-item'>\n\t\t\t<dt class='gallery-icon landscape'>\n\t\t\t\t<a class=\"grouped_elements\" rel=\"tc-fancybox-group\" href=\"https:\/\/www.teknoproses.com.tr\/wp-content\/uploads\/2015\/03\/sut-alim-unitesi-3.jpg\" title=\"Milk Reception Unit\"><img width=\"150\" height=\"150\" src=\"https:\/\/www.teknoproses.com.tr\/wp-content\/uploads\/2015\/03\/sut-alim-unitesi-3-150x150.jpg\" class=\"attachment-thumbnail size-thumbnail\" alt=\"Milk Reception Unit\" decoding=\"async\" loading=\"lazy\" \/><\/a>\n\t\t\t<\/dt><\/dl><dl class='gallery-item'>\n\t\t\t<dt class='gallery-icon landscape'>\n\t\t\t\t<a class=\"grouped_elements\" rel=\"tc-fancybox-group\" href=\"https:\/\/www.teknoproses.com.tr\/wp-content\/uploads\/2015\/03\/sut-alim-unitesi.jpg\" title=\"Milk Reception Unit\"><img width=\"150\" height=\"150\" src=\"https:\/\/www.teknoproses.com.tr\/wp-content\/uploads\/2015\/03\/sut-alim-unitesi-150x150.jpg\" class=\"attachment-thumbnail size-thumbnail\" alt=\"Milk Reception Unit\" decoding=\"async\" loading=\"lazy\" \/><\/a>\n\t\t\t<\/dt><\/dl><br style=\"clear: both\" \/>\n\t\t<\/div>\n<\/p>\n<p>S\u00fct Al\u0131m \u00dcnitesi Standart Ekipmanlar\u0131;<\/p>\n<ul>\n<li>S\u00fct Say\u0131m ve Tart\u0131m\u0131 Amac\u0131yla Kullan\u0131lan Flowmetreli Otomatik S\u00fct Al\u0131m \u00dcnitesi ve\/veya<\/li>\n<li>Load Cell\u2019li S\u00fct Kantar ve Kantar Alt\u0131 Havuzu<\/li>\n<li>Kaba Temizlik \u0130\u00e7in Hat Filtresi<\/li>\n<li>S\u00fct\u00fcn Temizlenmesi \u0130\u00e7in Temizleme Seperat\u00f6r\u00fc (Klerifikat\u00f6r)<\/li>\n<li>So\u011futma \u0130\u00e7in Plakal\u0131 \u00c7i\u011f S\u00fct So\u011futma E\u015fanj\u00f6r\u00fc<\/li>\n<li>Depolama Tank\u0131 ve<\/li>\n<li>Santrif\u00fcj Pompalar<\/li>\n<\/ul>\n<p>\n\t\t<style type=\"text\/css\">\n\t\t\t#gallery-2 {\n\t\t\t\tmargin: auto;\n\t\t\t}\n\t\t\t#gallery-2 .gallery-item {\n\t\t\t\tfloat: left;\n\t\t\t\tmargin-top: 10px;\n\t\t\t\ttext-align: center;\n\t\t\t\twidth: 16%;\n\t\t\t}\n\t\t\t#gallery-2 img {\n\t\t\t\tborder: 2px solid #cfcfcf;\n\t\t\t}\n\t\t\t#gallery-2 .gallery-caption {\n\t\t\t\tmargin-left: 0;\n\t\t\t}\n\t\t\t\/* see gallery_shortcode() in wp-includes\/media.php *\/\n\t\t<\/style>\n\t\t<div id='gallery-2' class='gallery galleryid-35 gallery-columns-6 gallery-size-thumbnail'><dl class='gallery-item'>\n\t\t\t<dt class='gallery-icon landscape'>\n\t\t\t\t<a class=\"grouped_elements\" rel=\"tc-fancybox-group\" href=\"https:\/\/www.teknoproses.com.tr\/wp-content\/uploads\/2015\/03\/milk1.jpg\" title=\"Milk Reception Unit\"><img width=\"150\" height=\"150\" src=\"https:\/\/www.teknoproses.com.tr\/wp-content\/uploads\/2015\/03\/milk1-150x150.jpg\" class=\"attachment-thumbnail size-thumbnail\" alt=\"Milk Reception Unit\" decoding=\"async\" loading=\"lazy\" \/><\/a>\n\t\t\t<\/dt><\/dl><dl class='gallery-item'>\n\t\t\t<dt class='gallery-icon landscape'>\n\t\t\t\t<a class=\"grouped_elements\" rel=\"tc-fancybox-group\" href=\"https:\/\/www.teknoproses.com.tr\/wp-content\/uploads\/2015\/03\/milk2.jpg\" title=\"Milk Reception Unit\"><img width=\"150\" height=\"150\" src=\"https:\/\/www.teknoproses.com.tr\/wp-content\/uploads\/2015\/03\/milk2-150x150.jpg\" class=\"attachment-thumbnail size-thumbnail\" alt=\"Milk Reception Unit\" decoding=\"async\" loading=\"lazy\" \/><\/a>\n\t\t\t<\/dt><\/dl><dl class='gallery-item'>\n\t\t\t<dt class='gallery-icon landscape'>\n\t\t\t\t<a class=\"grouped_elements\" rel=\"tc-fancybox-group\" href=\"https:\/\/www.teknoproses.com.tr\/wp-content\/uploads\/2015\/03\/milk3.jpg\" title=\"Milk Reception Unit\"><img width=\"150\" height=\"150\" src=\"https:\/\/www.teknoproses.com.tr\/wp-content\/uploads\/2015\/03\/milk3-150x150.jpg\" class=\"attachment-thumbnail size-thumbnail\" alt=\"Milk Reception Unit\" decoding=\"async\" loading=\"lazy\" \/><\/a>\n\t\t\t<\/dt><\/dl><dl class='gallery-item'>\n\t\t\t<dt class='gallery-icon landscape'>\n\t\t\t\t<a class=\"grouped_elements\" rel=\"tc-fancybox-group\" href=\"https:\/\/www.teknoproses.com.tr\/wp-content\/uploads\/2015\/03\/milk4.jpg\" title=\"Milk Reception Unit\"><img width=\"150\" height=\"150\" src=\"https:\/\/www.teknoproses.com.tr\/wp-content\/uploads\/2015\/03\/milk4-150x150.jpg\" class=\"attachment-thumbnail size-thumbnail\" alt=\"Milk Reception Unit\" decoding=\"async\" loading=\"lazy\" \/><\/a>\n\t\t\t<\/dt><\/dl><dl class='gallery-item'>\n\t\t\t<dt class='gallery-icon landscape'>\n\t\t\t\t<a class=\"grouped_elements\" rel=\"tc-fancybox-group\" href=\"https:\/\/www.teknoproses.com.tr\/wp-content\/uploads\/2015\/03\/milk5.jpg\" title=\"Milk Reception Unit\"><img width=\"150\" height=\"150\" src=\"https:\/\/www.teknoproses.com.tr\/wp-content\/uploads\/2015\/03\/milk5-150x150.jpg\" class=\"attachment-thumbnail size-thumbnail\" alt=\"Milk Reception Unit\" decoding=\"async\" loading=\"lazy\" \/><\/a>\n\t\t\t<\/dt><\/dl><dl class='gallery-item'>\n\t\t\t<dt class='gallery-icon landscape'>\n\t\t\t\t<a class=\"grouped_elements\" rel=\"tc-fancybox-group\" href=\"https:\/\/www.teknoproses.com.tr\/wp-content\/uploads\/2015\/03\/milk6.jpg\" title=\"Milk Reception Unit\"><img width=\"150\" height=\"150\" src=\"https:\/\/www.teknoproses.com.tr\/wp-content\/uploads\/2015\/03\/milk6-150x150.jpg\" class=\"attachment-thumbnail size-thumbnail\" alt=\"Milk Reception Unit\" decoding=\"async\" loading=\"lazy\" \/><\/a>\n\t\t\t<\/dt><\/dl><br style=\"clear: both\" \/><dl class='gallery-item'>\n\t\t\t<dt class='gallery-icon landscape'>\n\t\t\t\t<a class=\"grouped_elements\" rel=\"tc-fancybox-group\" href=\"https:\/\/www.teknoproses.com.tr\/wp-content\/uploads\/2015\/03\/milk7.jpg\" title=\"Milk Reception Unit\"><img width=\"150\" height=\"150\" src=\"https:\/\/www.teknoproses.com.tr\/wp-content\/uploads\/2015\/03\/milk7-150x150.jpg\" class=\"attachment-thumbnail size-thumbnail\" alt=\"Milk Reception Unit\" decoding=\"async\" loading=\"lazy\" \/><\/a>\n\t\t\t<\/dt><\/dl><dl class='gallery-item'>\n\t\t\t<dt class='gallery-icon landscape'>\n\t\t\t\t<a class=\"grouped_elements\" rel=\"tc-fancybox-group\" href=\"https:\/\/www.teknoproses.com.tr\/wp-content\/uploads\/2015\/03\/milk8.jpg\" title=\"Milk Reception Unit\"><img width=\"150\" height=\"150\" src=\"https:\/\/www.teknoproses.com.tr\/wp-content\/uploads\/2015\/03\/milk8-150x150.jpg\" class=\"attachment-thumbnail size-thumbnail\" alt=\"Milk Reception Unit\" decoding=\"async\" loading=\"lazy\" \/><\/a>\n\t\t\t<\/dt><\/dl><dl class='gallery-item'>\n\t\t\t<dt class='gallery-icon landscape'>\n\t\t\t\t<a class=\"grouped_elements\" rel=\"tc-fancybox-group\" href=\"https:\/\/www.teknoproses.com.tr\/wp-content\/uploads\/2015\/03\/milk9.jpg\" title=\"Milk Reception Unit\"><img width=\"150\" height=\"150\" src=\"https:\/\/www.teknoproses.com.tr\/wp-content\/uploads\/2015\/03\/milk9-150x150.jpg\" class=\"attachment-thumbnail size-thumbnail\" alt=\"Milk Reception Unit\" decoding=\"async\" loading=\"lazy\" \/><\/a>\n\t\t\t<\/dt><\/dl><dl class='gallery-item'>\n\t\t\t<dt class='gallery-icon landscape'>\n\t\t\t\t<a class=\"grouped_elements\" rel=\"tc-fancybox-group\" href=\"https:\/\/www.teknoproses.com.tr\/wp-content\/uploads\/2015\/03\/sut-alim-unitesi-1.jpg\" title=\"Milk Reception Unit\"><img width=\"150\" height=\"150\" src=\"https:\/\/www.teknoproses.com.tr\/wp-content\/uploads\/2015\/03\/sut-alim-unitesi-1-150x150.jpg\" class=\"attachment-thumbnail size-thumbnail\" alt=\"Milk Reception Unit\" decoding=\"async\" loading=\"lazy\" \/><\/a>\n\t\t\t<\/dt><\/dl><dl class='gallery-item'>\n\t\t\t<dt class='gallery-icon landscape'>\n\t\t\t\t<a class=\"grouped_elements\" rel=\"tc-fancybox-group\" href=\"https:\/\/www.teknoproses.com.tr\/wp-content\/uploads\/2015\/03\/sut-alim-unitesi-3.jpg\" title=\"Milk Reception Unit\"><img width=\"150\" height=\"150\" src=\"https:\/\/www.teknoproses.com.tr\/wp-content\/uploads\/2015\/03\/sut-alim-unitesi-3-150x150.jpg\" class=\"attachment-thumbnail size-thumbnail\" alt=\"Milk Reception Unit\" decoding=\"async\" loading=\"lazy\" \/><\/a>\n\t\t\t<\/dt><\/dl><dl class='gallery-item'>\n\t\t\t<dt class='gallery-icon landscape'>\n\t\t\t\t<a class=\"grouped_elements\" rel=\"tc-fancybox-group\" href=\"https:\/\/www.teknoproses.com.tr\/wp-content\/uploads\/2015\/03\/sut-alim-unitesi.jpg\" title=\"Milk Reception Unit\"><img width=\"150\" height=\"150\" src=\"https:\/\/www.teknoproses.com.tr\/wp-content\/uploads\/2015\/03\/sut-alim-unitesi-150x150.jpg\" class=\"attachment-thumbnail size-thumbnail\" alt=\"Milk Reception Unit\" decoding=\"async\" loading=\"lazy\" \/><\/a>\n\t\t\t<\/dt><\/dl><br style=\"clear: both\" \/>\n\t\t<\/div>\n<\/p>\n<p>Milk Reception Unit standard equipments are;<\/p>\n<ul>\n<li>Automatic Milk Reception Unit with flowmeter to count the milk which is accepted to the plant and\/or,<\/li>\n<li>Milk Scale and Milk Discharge Vat,<\/li>\n<li>Line Filters,<\/li>\n<li>Raw Milk Seperator \/ Clarificator,<\/li>\n<li>Plate Milk Cooler, (Plate Heat Exchanger),<\/li>\n<li>Milk Storage Tank and,<\/li>\n<li>Centrifugal Pomps<\/li>\n<\/ul>\n<p><\/p>","protected":false},"excerpt":{"rendered":"<p>Milk Reception Unit standard equipments are; Automatic Milk Reception Unit with flowmeter to count the milk which is accepted to the plant and\/or, Milk Scale and Milk Discharge Vat, Line Filters, Raw Milk Seperator \/ Clarificator, Plate Milk Cooler, (Plate Heat Exchanger), Milk Storage Tank and, Centrifugal Pomps<\/p>\n","protected":false},"author":1,"featured_media":0,"parent":0,"menu_order":0,"comment_status":"open","ping_status":"open","template":"","meta":[],"yoast_head":"<!-- This site is optimized with the Yoast SEO plugin v18.1 - https:\/\/yoast.com\/wordpress\/plugins\/seo\/ -->\n<title>Milk Reception Unit | Teknoproses<\/title>\n<meta name=\"robots\" content=\"index, follow, max-snippet:-1, max-image-preview:large, max-video-preview:-1\" \/>\n<link rel=\"canonical\" href=\"https:\/\/www.teknoproses.com.tr\/sut-alim-unitesi\" \/>\n<meta property=\"og:locale\" content=\"en_US\" \/>\n<meta property=\"og:type\" content=\"article\" \/>\n<meta property=\"og:title\" content=\"Milk Reception Unit | Teknoproses\" \/>\n<meta property=\"og:description\" content=\"Milk Reception Unit standard equipments are; Automatic Milk Reception Unit with flowmeter to count the milk which is accepted to the plant and\/or, Milk Scale and Milk Discharge Vat, Line Filters, Raw Milk Seperator \/ Clarificator, Plate Milk Cooler, (Plate Heat Exchanger), Milk Storage Tank and, Centrifugal Pomps\" \/>\n<meta property=\"og:url\" content=\"https:\/\/www.teknoproses.com.tr\/sut-alim-unitesi\" \/>\n<meta property=\"og:site_name\" content=\"Teknoproses\" \/>\n<meta property=\"article:modified_time\" content=\"2021-04-26T21:32:13+00:00\" \/>\n<meta property=\"og:image\" content=\"https:\/\/www.teknoproses.com.tr\/wp-content\/uploads\/2015\/03\/milk1-150x150.jpg\" \/>\n<meta name=\"twitter:label1\" content=\"Est. reading time\" \/>\n\t<meta name=\"twitter:data1\" content=\"1 minute\" \/>\n<script type=\"application\/ld+json\" class=\"yoast-schema-graph\">{\"@context\":\"https:\/\/schema.org\",\"@graph\":[{\"@type\":\"WebSite\",\"@id\":\"https:\/\/www.teknoproses.com.tr\/#website\",\"url\":\"https:\/\/www.teknoproses.com.tr\/\",\"name\":\"Teknoproses\",\"description\":\"\",\"potentialAction\":[{\"@type\":\"SearchAction\",\"target\":{\"@type\":\"EntryPoint\",\"urlTemplate\":\"https:\/\/www.teknoproses.com.tr\/?s={search_term_string}\"},\"query-input\":\"required name=search_term_string\"}],\"inLanguage\":\"en-US\"},{\"@type\":\"WebPage\",\"@id\":\"https:\/\/www.teknoproses.com.tr\/sut-alim-unitesi#webpage\",\"url\":\"https:\/\/www.teknoproses.com.tr\/sut-alim-unitesi\",\"name\":\"Milk Reception Unit | Teknoproses\",\"isPartOf\":{\"@id\":\"https:\/\/www.teknoproses.com.tr\/#website\"},\"datePublished\":\"2015-03-29T17:08:35+00:00\",\"dateModified\":\"2021-04-26T21:32:13+00:00\",\"breadcrumb\":{\"@id\":\"https:\/\/www.teknoproses.com.tr\/sut-alim-unitesi#breadcrumb\"},\"inLanguage\":\"en-US\",\"potentialAction\":[{\"@type\":\"ReadAction\",\"target\":[\"https:\/\/www.teknoproses.com.tr\/sut-alim-unitesi\"]}]},{\"@type\":\"BreadcrumbList\",\"@id\":\"https:\/\/www.teknoproses.com.tr\/sut-alim-unitesi#breadcrumb\",\"itemListElement\":[{\"@type\":\"ListItem\",\"position\":1,\"name\":\"Anasayfa\",\"item\":\"https:\/\/www.teknoproses.com.tr\/\"},{\"@type\":\"ListItem\",\"position\":2,\"name\":\"S\u00fct Al\u0131m \u00dcnitesi\"}]}]}<\/script>\n<!-- \/ Yoast SEO plugin. -->","yoast_head_json":{"title":"Milk Reception Unit | Teknoproses","robots":{"index":"index","follow":"follow","max-snippet":"max-snippet:-1","max-image-preview":"max-image-preview:large","max-video-preview":"max-video-preview:-1"},"canonical":"https:\/\/www.teknoproses.com.tr\/sut-alim-unitesi","og_locale":"en_US","og_type":"article","og_title":"Milk Reception Unit | Teknoproses","og_description":"Milk Reception Unit standard equipments are; Automatic Milk Reception Unit with flowmeter to count the milk which is accepted to the plant and\/or, Milk Scale and Milk Discharge Vat, Line Filters, Raw Milk Seperator \/ Clarificator, Plate Milk Cooler, (Plate Heat Exchanger), Milk Storage Tank and, Centrifugal Pomps","og_url":"https:\/\/www.teknoproses.com.tr\/sut-alim-unitesi","og_site_name":"Teknoproses","article_modified_time":"2021-04-26T21:32:13+00:00","og_image":[{"url":"https:\/\/www.teknoproses.com.tr\/wp-content\/uploads\/2015\/03\/milk1-150x150.jpg"}],"twitter_misc":{"Est. reading time":"1 minute"},"schema":{"@context":"https:\/\/schema.org","@graph":[{"@type":"WebSite","@id":"https:\/\/www.teknoproses.com.tr\/#website","url":"https:\/\/www.teknoproses.com.tr\/","name":"Teknoproses","description":"","potentialAction":[{"@type":"SearchAction","target":{"@type":"EntryPoint","urlTemplate":"https:\/\/www.teknoproses.com.tr\/?s={search_term_string}"},"query-input":"required name=search_term_string"}],"inLanguage":"en-US"},{"@type":"WebPage","@id":"https:\/\/www.teknoproses.com.tr\/sut-alim-unitesi#webpage","url":"https:\/\/www.teknoproses.com.tr\/sut-alim-unitesi","name":"Milk Reception Unit | Teknoproses","isPartOf":{"@id":"https:\/\/www.teknoproses.com.tr\/#website"},"datePublished":"2015-03-29T17:08:35+00:00","dateModified":"2021-04-26T21:32:13+00:00","breadcrumb":{"@id":"https:\/\/www.teknoproses.com.tr\/sut-alim-unitesi#breadcrumb"},"inLanguage":"en-US","potentialAction":[{"@type":"ReadAction","target":["https:\/\/www.teknoproses.com.tr\/sut-alim-unitesi"]}]},{"@type":"BreadcrumbList","@id":"https:\/\/www.teknoproses.com.tr\/sut-alim-unitesi#breadcrumb","itemListElement":[{"@type":"ListItem","position":1,"name":"Anasayfa","item":"https:\/\/www.teknoproses.com.tr\/"},{"@type":"ListItem","position":2,"name":"S\u00fct Al\u0131m \u00dcnitesi"}]}]}},"_links":{"self":[{"href":"https:\/\/www.teknoproses.com.tr\/en\/wp-json\/wp\/v2\/pages\/35"}],"collection":[{"href":"https:\/\/www.teknoproses.com.tr\/en\/wp-json\/wp\/v2\/pages"}],"about":[{"href":"https:\/\/www.teknoproses.com.tr\/en\/wp-json\/wp\/v2\/types\/page"}],"author":[{"embeddable":true,"href":"https:\/\/www.teknoproses.com.tr\/en\/wp-json\/wp\/v2\/users\/1"}],"replies":[{"embeddable":true,"href":"https:\/\/www.teknoproses.com.tr\/en\/wp-json\/wp\/v2\/comments?post=35"}],"version-history":[{"count":7,"href":"https:\/\/www.teknoproses.com.tr\/en\/wp-json\/wp\/v2\/pages\/35\/revisions"}],"predecessor-version":[{"id":1434,"href":"https:\/\/www.teknoproses.com.tr\/en\/wp-json\/wp\/v2\/pages\/35\/revisions\/1434"}],"wp:attachment":[{"href":"https:\/\/www.teknoproses.com.tr\/en\/wp-json\/wp\/v2\/media?parent=35"}],"curies":[{"name":"wp","href":"https:\/\/api.w.org\/{rel}","templated":true}]}}