{"id":39,"date":"2015-03-29T17:10:34","date_gmt":"2015-03-29T17:10:34","guid":{"rendered":"http:\/\/ugurtumer.com.tr\/teknoproses\/?page_id=39"},"modified":"2021-04-25T20:36:02","modified_gmt":"2021-04-25T17:36:02","slug":"muhendislik-ve-proje-hizmetleri","status":"publish","type":"page","link":"https:\/\/www.teknoproses.com.tr\/en\/hizmetler\/muhendislik-ve-proje-hizmetleri","title":{"rendered":"Engineering and Project Services"},"content":{"rendered":"<p>Engineering and Project Services\"><img width=\"150\" height=\"148\" src=\"https:\/\/www.teknoproses.com.tr\/wp-content\/uploads\/2015\/03\/engineer-150x148.jpg\" class=\"attachment-thumbnail size-thumbnail\" alt=\"Engineering and Project Services\" decoding=\"async\" loading=\"lazy\" \/><\/a>\n\t\t\t<\/dt><\/dl><dl class='gallery-item'>\n\t\t\t<dt class='gallery-icon landscape'>\n\t\t\t\t<a class=\"grouped_elements\" rel=\"tc-fancybox-group\" href=\"https:\/\/www.teknoproses.com.tr\/wp-content\/uploads\/2015\/03\/aa.jpg\" title=\"P &amp; ID Drawing\"><img width=\"150\" height=\"150\" src=\"https:\/\/www.teknoproses.com.tr\/wp-content\/uploads\/2015\/03\/aa-150x150.jpg\" class=\"attachment-thumbnail size-thumbnail\" alt=\"P &amp; ID Drawing\" decoding=\"async\" loading=\"lazy\" \/><\/a>\n\t\t\t<\/dt><\/dl><dl class='gallery-item'>\n\t\t\t<dt class='gallery-icon portrait'>\n\t\t\t\t<a class=\"grouped_elements\" rel=\"tc-fancybox-group\" href=\"https:\/\/www.teknoproses.com.tr\/wp-content\/uploads\/2015\/03\/bb.jpg\" title=\"Factory Layout\"><img width=\"150\" height=\"150\" src=\"https:\/\/www.teknoproses.com.tr\/wp-content\/uploads\/2015\/03\/bb-150x150.jpg\" class=\"attachment-thumbnail size-thumbnail\" alt=\"Factory Layout\" decoding=\"async\" loading=\"lazy\" srcset=\"https:\/\/www.teknoproses.com.tr\/wp-content\/uploads\/2015\/03\/bb-150x150.jpg 150w, https:\/\/www.teknoproses.com.tr\/wp-content\/uploads\/2015\/03\/bb-500x500.jpg 500w\" sizes=\"(max-width: 150px) 100vw, 150px\" \/><\/a>\n\t\t\t<\/dt><\/dl><dl class='gallery-item'>\n\t\t\t<dt class='gallery-icon landscape'>\n\t\t\t\t<a class=\"grouped_elements\" rel=\"tc-fancybox-group\" href=\"https:\/\/www.teknoproses.com.tr\/wp-content\/uploads\/2015\/03\/muhendislik-proje-1.jpg\" title=\"Engineering and Project Services\"><img width=\"150\" height=\"150\" src=\"https:\/\/www.teknoproses.com.tr\/wp-content\/uploads\/2015\/03\/muhendislik-proje-1-150x150.jpg\" class=\"attachment-thumbnail size-thumbnail\" alt=\"Engineering and Project Services\" decoding=\"async\" loading=\"lazy\" \/><\/a>\n\t\t\t<\/dt><\/dl><dl class='gallery-item'>\n\t\t\t<dt class='gallery-icon landscape'>\n\t\t\t\t<a class=\"grouped_elements\" rel=\"tc-fancybox-group\" href=\"https:\/\/www.teknoproses.com.tr\/wp-content\/uploads\/2015\/03\/muhendislik-proje-2.jpg\" title=\"Engineering and Project Services\"><img width=\"150\" height=\"150\" src=\"https:\/\/www.teknoproses.com.tr\/wp-content\/uploads\/2015\/03\/muhendislik-proje-2-150x150.jpg\" class=\"attachment-thumbnail size-thumbnail\" alt=\"Engineering and Project Services\" decoding=\"async\" loading=\"lazy\" srcset=\"https:\/\/www.teknoproses.com.tr\/wp-content\/uploads\/2015\/03\/muhendislik-proje-2-150x150.jpg 150w, https:\/\/www.teknoproses.com.tr\/wp-content\/uploads\/2015\/03\/muhendislik-proje-2.jpg 215w\" sizes=\"(max-width: 150px) 100vw, 150px\" \/><\/a>\n\t\t\t<\/dt><\/dl><dl class='gallery-item'>\n\t\t\t<dt class='gallery-icon landscape'>\n\t\t\t\t<a class=\"grouped_elements\" rel=\"tc-fancybox-group\" href=\"https:\/\/www.teknoproses.com.tr\/wp-content\/uploads\/2015\/03\/muhendislik-proje-3.jpg\" title=\"Engineering and Project Services\"><img width=\"150\" height=\"150\" src=\"https:\/\/www.teknoproses.com.tr\/wp-content\/uploads\/2015\/03\/muhendislik-proje-3-150x150.jpg\" class=\"attachment-thumbnail size-thumbnail\" alt=\"Engineering and Project Services\" decoding=\"async\" loading=\"lazy\" \/><\/a>\n\t\t\t<\/dt><\/dl><br style=\"clear: both\" \/>\n\t\t<\/div>\n<\/p>\n<p style=\"text-align: justify;\">Teknoproses M\u00fchendislik olarak 20 y\u0131ll\u0131k bir tecr\u00fcbe ve uzman m\u00fchendis kadromuz ile proses \u00e7\u00f6z\u00fcmleri, sistem projelendirme, enerji geri kazan\u0131m uygulamalar\u0131, proses \u0131s\u0131tma ve so\u011futma uygulamalar\u0131, yard\u0131mc\u0131 \u00fcnitelerin projelendirilmesi konusunda hizmet vermekteyiz.<br \/>\nT\u00fcm s\u0131v\u0131 g\u0131da proseslerinde m\u00fc\u015fteri ihtiya\u00e7lar\u0131 do\u011frultusunda fizibilite \u00e7al\u0131\u015fmalar\u0131, proses P &amp; ID \u00e7izimleri, fabrika yerle\u015fim planlar\u0131 konular\u0131nda m\u00fc\u015fterilerimize uzman m\u00fchendis kadromuz ile hizmet vermekteyiz.<\/p>\n<p>\n\t\t<style type=\"text\/css\">\n\t\t\t#gallery-2 {\n\t\t\t\tmargin: auto;\n\t\t\t}\n\t\t\t#gallery-2 .gallery-item {\n\t\t\t\tfloat: left;\n\t\t\t\tmargin-top: 10px;\n\t\t\t\ttext-align: center;\n\t\t\t\twidth: 16%;\n\t\t\t}\n\t\t\t#gallery-2 img {\n\t\t\t\tborder: 2px solid #cfcfcf;\n\t\t\t}\n\t\t\t#gallery-2 .gallery-caption {\n\t\t\t\tmargin-left: 0;\n\t\t\t}\n\t\t\t\/* see gallery_shortcode() in wp-includes\/media.php *\/\n\t\t<\/style>\n\t\t<div id='gallery-2' class='gallery galleryid-39 gallery-columns-6 gallery-size-thumbnail'><dl class='gallery-item'>\n\t\t\t<dt class='gallery-icon landscape'>\n\t\t\t\t<a class=\"grouped_elements\" rel=\"tc-fancybox-group\" href=\"https:\/\/www.teknoproses.com.tr\/wp-content\/uploads\/2015\/03\/engineer.jpg\" title=\"Engineering and Project Services\"><img width=\"150\" height=\"148\" src=\"https:\/\/www.teknoproses.com.tr\/wp-content\/uploads\/2015\/03\/engineer-150x148.jpg\" class=\"attachment-thumbnail size-thumbnail\" alt=\"Engineering and Project Services\" decoding=\"async\" loading=\"lazy\" \/><\/a>\n\t\t\t<\/dt><\/dl><dl class='gallery-item'>\n\t\t\t<dt class='gallery-icon landscape'>\n\t\t\t\t<a class=\"grouped_elements\" rel=\"tc-fancybox-group\" href=\"https:\/\/www.teknoproses.com.tr\/wp-content\/uploads\/2015\/03\/aa.jpg\" title=\"P &amp; ID Drawing\"><img width=\"150\" height=\"150\" src=\"https:\/\/www.teknoproses.com.tr\/wp-content\/uploads\/2015\/03\/aa-150x150.jpg\" class=\"attachment-thumbnail size-thumbnail\" alt=\"P &amp; ID Drawing\" decoding=\"async\" loading=\"lazy\" \/><\/a>\n\t\t\t<\/dt><\/dl><dl class='gallery-item'>\n\t\t\t<dt class='gallery-icon portrait'>\n\t\t\t\t<a class=\"grouped_elements\" rel=\"tc-fancybox-group\" href=\"https:\/\/www.teknoproses.com.tr\/wp-content\/uploads\/2015\/03\/bb.jpg\" title=\"Factory Layout\"><img width=\"150\" height=\"150\" src=\"https:\/\/www.teknoproses.com.tr\/wp-content\/uploads\/2015\/03\/bb-150x150.jpg\" class=\"attachment-thumbnail size-thumbnail\" alt=\"Factory Layout\" decoding=\"async\" loading=\"lazy\" srcset=\"https:\/\/www.teknoproses.com.tr\/wp-content\/uploads\/2015\/03\/bb-150x150.jpg 150w, https:\/\/www.teknoproses.com.tr\/wp-content\/uploads\/2015\/03\/bb-500x500.jpg 500w\" sizes=\"(max-width: 150px) 100vw, 150px\" \/><\/a>\n\t\t\t<\/dt><\/dl><dl class='gallery-item'>\n\t\t\t<dt class='gallery-icon landscape'>\n\t\t\t\t<a class=\"grouped_elements\" rel=\"tc-fancybox-group\" href=\"https:\/\/www.teknoproses.com.tr\/wp-content\/uploads\/2015\/03\/muhendislik-proje-1.jpg\" title=\"Engineering and Project Services\"><img width=\"150\" height=\"150\" src=\"https:\/\/www.teknoproses.com.tr\/wp-content\/uploads\/2015\/03\/muhendislik-proje-1-150x150.jpg\" class=\"attachment-thumbnail size-thumbnail\" alt=\"Engineering and Project Services\" decoding=\"async\" loading=\"lazy\" \/><\/a>\n\t\t\t<\/dt><\/dl><dl class='gallery-item'>\n\t\t\t<dt class='gallery-icon landscape'>\n\t\t\t\t<a class=\"grouped_elements\" rel=\"tc-fancybox-group\" href=\"https:\/\/www.teknoproses.com.tr\/wp-content\/uploads\/2015\/03\/muhendislik-proje-2.jpg\" title=\"Engineering and Project Services\"><img width=\"150\" height=\"150\" src=\"https:\/\/www.teknoproses.com.tr\/wp-content\/uploads\/2015\/03\/muhendislik-proje-2-150x150.jpg\" class=\"attachment-thumbnail size-thumbnail\" alt=\"Engineering and Project Services\" decoding=\"async\" loading=\"lazy\" srcset=\"https:\/\/www.teknoproses.com.tr\/wp-content\/uploads\/2015\/03\/muhendislik-proje-2-150x150.jpg 150w, https:\/\/www.teknoproses.com.tr\/wp-content\/uploads\/2015\/03\/muhendislik-proje-2.jpg 215w\" sizes=\"(max-width: 150px) 100vw, 150px\" \/><\/a>\n\t\t\t<\/dt><\/dl><dl class='gallery-item'>\n\t\t\t<dt class='gallery-icon landscape'>\n\t\t\t\t<a class=\"grouped_elements\" rel=\"tc-fancybox-group\" href=\"https:\/\/www.teknoproses.com.tr\/wp-content\/uploads\/2015\/03\/muhendislik-proje-3.jpg\" title=\"Engineering and Project Services\"><img width=\"150\" height=\"150\" src=\"https:\/\/www.teknoproses.com.tr\/wp-content\/uploads\/2015\/03\/muhendislik-proje-3-150x150.jpg\" class=\"attachment-thumbnail size-thumbnail\" alt=\"Engineering and Project Services\" decoding=\"async\" loading=\"lazy\" \/><\/a>\n\t\t\t<\/dt><\/dl><br style=\"clear: both\" \/>\n\t\t<\/div>\n<\/p>\n<p style=\"text-align: justify;\">As Teknoproses Engineering, with 20 years of experience and our expert engineer staff, we provide service in process solutions, system design, energy recovery applications, process heating and cooling applications, and project design of auxiliary units.<br \/>\nIn all liquid food processes, we serve our customers with our expert engineers in the fields of feasibility studies, process P&amp;ID drawings, factory layout plans in line with customer needs.<\/p>\n<p><\/p>","protected":false},"excerpt":{"rendered":"<p>As Teknoproses Engineering, with 20 years of experience and our expert engineer staff, we provide service in process solutions, system design, energy recovery applications, process heating and cooling applications, and project design of auxiliary units. In all liquid food processes, we serve our customers with our expert engineers in the fields of feasibility studies, process [&hellip;]<\/p>\n","protected":false},"author":1,"featured_media":0,"parent":37,"menu_order":0,"comment_status":"open","ping_status":"open","template":"","meta":[],"yoast_head":"<!-- This site is optimized with the Yoast SEO plugin v18.1 - https:\/\/yoast.com\/wordpress\/plugins\/seo\/ -->\n<title>Engineering and Project Services | Teknoproses<\/title>\n<meta name=\"description\" content=\"(Turkish) M\u00fchendislik ve Proje Hizmetleri\" \/>\n<meta name=\"robots\" content=\"index, follow, max-snippet:-1, max-image-preview:large, max-video-preview:-1\" \/>\n<link rel=\"canonical\" href=\"https:\/\/www.teknoproses.com.tr\/hizmetler\/muhendislik-ve-proje-hizmetleri\" \/>\n<meta property=\"og:locale\" content=\"en_US\" \/>\n<meta property=\"og:type\" content=\"article\" \/>\n<meta property=\"og:title\" content=\"Engineering and Project Services | Teknoproses\" \/>\n<meta property=\"og:description\" content=\"[:tr]M\u00fchendislik ve Proje Hizmetleri[:]\" \/>\n<meta property=\"og:url\" content=\"https:\/\/www.teknoproses.com.tr\/hizmetler\/muhendislik-ve-proje-hizmetleri\" \/>\n<meta property=\"og:site_name\" content=\"Teknoproses\" \/>\n<meta property=\"article:modified_time\" content=\"2021-04-25T17:36:02+00:00\" \/>\n<meta property=\"og:image\" content=\"https:\/\/www.teknoproses.com.tr\/wp-content\/uploads\/2015\/03\/engineer-150x148.jpg?v=1644428747\" \/>\n<meta name=\"twitter:label1\" content=\"Est. reading time\" \/>\n\t<meta name=\"twitter:data1\" content=\"1 minute\" \/>\n<script type=\"application\/ld+json\" class=\"yoast-schema-graph\">{\"@context\":\"https:\/\/schema.org\",\"@graph\":[{\"@type\":\"WebSite\",\"@id\":\"https:\/\/www.teknoproses.com.tr\/#website\",\"url\":\"https:\/\/www.teknoproses.com.tr\/\",\"name\":\"Teknoproses\",\"description\":\"\",\"potentialAction\":[{\"@type\":\"SearchAction\",\"target\":{\"@type\":\"EntryPoint\",\"urlTemplate\":\"https:\/\/www.teknoproses.com.tr\/?s={search_term_string}\"},\"query-input\":\"required name=search_term_string\"}],\"inLanguage\":\"en-US\"},{\"@type\":\"WebPage\",\"@id\":\"https:\/\/www.teknoproses.com.tr\/hizmetler\/muhendislik-ve-proje-hizmetleri#webpage\",\"url\":\"https:\/\/www.teknoproses.com.tr\/hizmetler\/muhendislik-ve-proje-hizmetleri\",\"name\":\"Engineering and Project Services | Teknoproses\",\"isPartOf\":{\"@id\":\"https:\/\/www.teknoproses.com.tr\/#website\"},\"datePublished\":\"2015-03-29T17:10:34+00:00\",\"dateModified\":\"2021-04-25T17:36:02+00:00\",\"description\":\"[:tr]M\u00fchendislik ve Proje Hizmetleri[:]\",\"breadcrumb\":{\"@id\":\"https:\/\/www.teknoproses.com.tr\/hizmetler\/muhendislik-ve-proje-hizmetleri#breadcrumb\"},\"inLanguage\":\"en-US\",\"potentialAction\":[{\"@type\":\"ReadAction\",\"target\":[\"https:\/\/www.teknoproses.com.tr\/hizmetler\/muhendislik-ve-proje-hizmetleri\"]}]},{\"@type\":\"BreadcrumbList\",\"@id\":\"https:\/\/www.teknoproses.com.tr\/hizmetler\/muhendislik-ve-proje-hizmetleri#breadcrumb\",\"itemListElement\":[{\"@type\":\"ListItem\",\"position\":1,\"name\":\"Anasayfa\",\"item\":\"https:\/\/www.teknoproses.com.tr\/\"},{\"@type\":\"ListItem\",\"position\":2,\"name\":\"Hizmetler\",\"item\":\"https:\/\/www.teknoproses.com.tr\/hizmetler\"},{\"@type\":\"ListItem\",\"position\":3,\"name\":\"M\u00fchendislik ve Proje Hizmetleri\"}]}]}<\/script>\n<!-- \/ Yoast SEO plugin. -->","yoast_head_json":{"title":"Engineering and Project Services | Teknoproses","description":"(Turkish) M\u00fchendislik ve Proje Hizmetleri","robots":{"index":"index","follow":"follow","max-snippet":"max-snippet:-1","max-image-preview":"max-image-preview:large","max-video-preview":"max-video-preview:-1"},"canonical":"https:\/\/www.teknoproses.com.tr\/hizmetler\/muhendislik-ve-proje-hizmetleri","og_locale":"en_US","og_type":"article","og_title":"Engineering and Project Services | Teknoproses","og_description":"[:tr]M\u00fchendislik ve Proje Hizmetleri[:]","og_url":"https:\/\/www.teknoproses.com.tr\/hizmetler\/muhendislik-ve-proje-hizmetleri","og_site_name":"Teknoproses","article_modified_time":"2021-04-25T17:36:02+00:00","og_image":[{"url":"https:\/\/www.teknoproses.com.tr\/wp-content\/uploads\/2015\/03\/engineer-150x148.jpg?v=1644428747"}],"twitter_misc":{"Est. reading time":"1 minute"},"schema":{"@context":"https:\/\/schema.org","@graph":[{"@type":"WebSite","@id":"https:\/\/www.teknoproses.com.tr\/#website","url":"https:\/\/www.teknoproses.com.tr\/","name":"Teknoproses","description":"","potentialAction":[{"@type":"SearchAction","target":{"@type":"EntryPoint","urlTemplate":"https:\/\/www.teknoproses.com.tr\/?s={search_term_string}"},"query-input":"required name=search_term_string"}],"inLanguage":"en-US"},{"@type":"WebPage","@id":"https:\/\/www.teknoproses.com.tr\/hizmetler\/muhendislik-ve-proje-hizmetleri#webpage","url":"https:\/\/www.teknoproses.com.tr\/hizmetler\/muhendislik-ve-proje-hizmetleri","name":"Engineering and Project Services | Teknoproses","isPartOf":{"@id":"https:\/\/www.teknoproses.com.tr\/#website"},"datePublished":"2015-03-29T17:10:34+00:00","dateModified":"2021-04-25T17:36:02+00:00","description":"[:tr]M\u00fchendislik ve Proje Hizmetleri[:]","breadcrumb":{"@id":"https:\/\/www.teknoproses.com.tr\/hizmetler\/muhendislik-ve-proje-hizmetleri#breadcrumb"},"inLanguage":"en-US","potentialAction":[{"@type":"ReadAction","target":["https:\/\/www.teknoproses.com.tr\/hizmetler\/muhendislik-ve-proje-hizmetleri"]}]},{"@type":"BreadcrumbList","@id":"https:\/\/www.teknoproses.com.tr\/hizmetler\/muhendislik-ve-proje-hizmetleri#breadcrumb","itemListElement":[{"@type":"ListItem","position":1,"name":"Anasayfa","item":"https:\/\/www.teknoproses.com.tr\/"},{"@type":"ListItem","position":2,"name":"Hizmetler","item":"https:\/\/www.teknoproses.com.tr\/hizmetler"},{"@type":"ListItem","position":3,"name":"M\u00fchendislik ve Proje Hizmetleri"}]}]}},"_links":{"self":[{"href":"https:\/\/www.teknoproses.com.tr\/en\/wp-json\/wp\/v2\/pages\/39"}],"collection":[{"href":"https:\/\/www.teknoproses.com.tr\/en\/wp-json\/wp\/v2\/pages"}],"about":[{"href":"https:\/\/www.teknoproses.com.tr\/en\/wp-json\/wp\/v2\/types\/page"}],"author":[{"embeddable":true,"href":"https:\/\/www.teknoproses.com.tr\/en\/wp-json\/wp\/v2\/users\/1"}],"replies":[{"embeddable":true,"href":"https:\/\/www.teknoproses.com.tr\/en\/wp-json\/wp\/v2\/comments?post=39"}],"version-history":[{"count":14,"href":"https:\/\/www.teknoproses.com.tr\/en\/wp-json\/wp\/v2\/pages\/39\/revisions"}],"predecessor-version":[{"id":1342,"href":"https:\/\/www.teknoproses.com.tr\/en\/wp-json\/wp\/v2\/pages\/39\/revisions\/1342"}],"up":[{"embeddable":true,"href":"https:\/\/www.teknoproses.com.tr\/en\/wp-json\/wp\/v2\/pages\/37"}],"wp:attachment":[{"href":"https:\/\/www.teknoproses.com.tr\/en\/wp-json\/wp\/v2\/media?parent=39"}],"curies":[{"name":"wp","href":"https:\/\/api.w.org\/{rel}","templated":true}]}}