{"id":41,"date":"2015-03-29T17:10:57","date_gmt":"2015-03-29T17:10:57","guid":{"rendered":"http:\/\/ugurtumer.com.tr\/teknoproses\/?page_id=41"},"modified":"2022-02-27T12:10:42","modified_gmt":"2022-02-27T09:10:42","slug":"montaj-hizmetleri","status":"publish","type":"page","link":"https:\/\/www.teknoproses.com.tr\/en\/hizmetler\/montaj-hizmetleri","title":{"rendered":"Installation Services"},"content":{"rendered":"<p>Installation Services\"><img width=\"150\" height=\"150\" src=\"https:\/\/www.teknoproses.com.tr\/wp-content\/uploads\/2015\/03\/montaj-hizmetleri-2-150x150.jpg\" class=\"attachment-thumbnail size-thumbnail\" alt=\"Installation Services\" decoding=\"async\" loading=\"lazy\" \/><\/a>\n\t\t\t<\/dt><\/dl><dl class='gallery-item'>\n\t\t\t<dt class='gallery-icon landscape'>\n\t\t\t\t<a class=\"grouped_elements\" rel=\"tc-fancybox-group\" href=\"https:\/\/www.teknoproses.com.tr\/wp-content\/uploads\/2015\/03\/montaj-hizmetleri-4.jpg\" title=\"Installation Services\"><img width=\"150\" height=\"150\" src=\"https:\/\/www.teknoproses.com.tr\/wp-content\/uploads\/2015\/03\/montaj-hizmetleri-4-150x150.jpg\" class=\"attachment-thumbnail size-thumbnail\" alt=\"Installation Services\" decoding=\"async\" loading=\"lazy\" \/><\/a>\n\t\t\t<\/dt><\/dl><dl class='gallery-item'>\n\t\t\t<dt class='gallery-icon landscape'>\n\t\t\t\t<a class=\"grouped_elements\" rel=\"tc-fancybox-group\" href=\"https:\/\/www.teknoproses.com.tr\/wp-content\/uploads\/2015\/03\/montaj-hizmetleri-5.jpg\" title=\"Installation Services\"><img width=\"150\" height=\"150\" src=\"https:\/\/www.teknoproses.com.tr\/wp-content\/uploads\/2015\/03\/montaj-hizmetleri-5-150x150.jpg\" class=\"attachment-thumbnail size-thumbnail\" alt=\"Installation Services\" decoding=\"async\" loading=\"lazy\" \/><\/a>\n\t\t\t<\/dt><\/dl><dl class='gallery-item'>\n\t\t\t<dt class='gallery-icon landscape'>\n\t\t\t\t<a class=\"grouped_elements\" rel=\"tc-fancybox-group\" href=\"https:\/\/www.teknoproses.com.tr\/wp-content\/uploads\/2015\/03\/anahtar-teslim-gida-6.jpg\" title=\"Turnkey Food Plants\"><img width=\"150\" height=\"150\" src=\"https:\/\/www.teknoproses.com.tr\/wp-content\/uploads\/2015\/03\/anahtar-teslim-gida-6-150x150.jpg\" class=\"attachment-thumbnail size-thumbnail\" alt=\"Turnkey Food Plants\" decoding=\"async\" loading=\"lazy\" \/><\/a>\n\t\t\t<\/dt><\/dl><dl class='gallery-item'>\n\t\t\t<dt class='gallery-icon portrait'>\n\t\t\t\t<a class=\"grouped_elements\" rel=\"tc-fancybox-group\" href=\"https:\/\/www.teknoproses.com.tr\/wp-content\/uploads\/2020\/06\/vana-4.jpg\" title=\"Installation Services\"><img width=\"150\" height=\"150\" src=\"https:\/\/www.teknoproses.com.tr\/wp-content\/uploads\/2020\/06\/vana-4-150x150.jpg\" class=\"attachment-thumbnail size-thumbnail\" alt=\"Installation Services\" decoding=\"async\" loading=\"lazy\" \/><\/a>\n\t\t\t<\/dt><\/dl><dl class='gallery-item'>\n\t\t\t<dt class='gallery-icon portrait'>\n\t\t\t\t<a class=\"grouped_elements\" rel=\"tc-fancybox-group\" href=\"https:\/\/www.teknoproses.com.tr\/wp-content\/uploads\/2020\/06\/vana-tarlasi-2-1.jpg\" title=\"Installation Services\"><img width=\"150\" height=\"150\" src=\"https:\/\/www.teknoproses.com.tr\/wp-content\/uploads\/2020\/06\/vana-tarlasi-2-1-150x150.jpg\" class=\"attachment-thumbnail size-thumbnail\" alt=\"Installation Services\" decoding=\"async\" loading=\"lazy\" \/><\/a>\n\t\t\t<\/dt><\/dl><br style=\"clear: both\" \/><dl class='gallery-item'>\n\t\t\t<dt class='gallery-icon landscape'>\n\t\t\t\t<a class=\"grouped_elements\" rel=\"tc-fancybox-group\" href=\"https:\/\/www.teknoproses.com.tr\/wp-content\/uploads\/2015\/03\/cip-unitesi-1.jpg\" title=\"Installation Services\"><img width=\"150\" height=\"150\" src=\"https:\/\/www.teknoproses.com.tr\/wp-content\/uploads\/2015\/03\/cip-unitesi-1-150x150.jpg\" class=\"attachment-thumbnail size-thumbnail\" alt=\"Installation Services\" decoding=\"async\" loading=\"lazy\" \/><\/a>\n\t\t\t<\/dt><\/dl><dl class='gallery-item'>\n\t\t\t<dt class='gallery-icon landscape'>\n\t\t\t\t<a class=\"grouped_elements\" rel=\"tc-fancybox-group\" href=\"https:\/\/www.teknoproses.com.tr\/wp-content\/uploads\/2015\/03\/montaj-1.jpg\" title=\"Installation Services\"><img width=\"150\" height=\"150\" src=\"https:\/\/www.teknoproses.com.tr\/wp-content\/uploads\/2015\/03\/montaj-1-150x150.jpg\" class=\"attachment-thumbnail size-thumbnail\" alt=\"Installation Services\" decoding=\"async\" loading=\"lazy\" \/><\/a>\n\t\t\t<\/dt><\/dl><dl class='gallery-item'>\n\t\t\t<dt class='gallery-icon landscape'>\n\t\t\t\t<a class=\"grouped_elements\" rel=\"tc-fancybox-group\" href=\"https:\/\/www.teknoproses.com.tr\/wp-content\/uploads\/2015\/03\/montaj-2.jpg\" title=\"Installation Services\"><img width=\"150\" height=\"150\" src=\"https:\/\/www.teknoproses.com.tr\/wp-content\/uploads\/2015\/03\/montaj-2-150x150.jpg\" class=\"attachment-thumbnail size-thumbnail\" alt=\"Installation Services\" decoding=\"async\" loading=\"lazy\" \/><\/a>\n\t\t\t<\/dt><\/dl><dl class='gallery-item'>\n\t\t\t<dt class='gallery-icon landscape'>\n\t\t\t\t<a class=\"grouped_elements\" rel=\"tc-fancybox-group\" href=\"https:\/\/www.teknoproses.com.tr\/wp-content\/uploads\/2015\/03\/montaj-3.jpg\" title=\"Installation Services\"><img width=\"150\" height=\"150\" src=\"https:\/\/www.teknoproses.com.tr\/wp-content\/uploads\/2015\/03\/montaj-3-150x150.jpg\" class=\"attachment-thumbnail size-thumbnail\" alt=\"Installation Services\" decoding=\"async\" loading=\"lazy\" \/><\/a>\n\t\t\t<\/dt><\/dl><dl class='gallery-item'>\n\t\t\t<dt class='gallery-icon landscape'>\n\t\t\t\t<a class=\"grouped_elements\" rel=\"tc-fancybox-group\" href=\"https:\/\/www.teknoproses.com.tr\/wp-content\/uploads\/2022\/02\/imalat1.jpg\" title=\"Installation Services\"><img width=\"150\" height=\"150\" src=\"https:\/\/www.teknoproses.com.tr\/wp-content\/uploads\/2022\/02\/imalat1-150x150.jpg\" class=\"attachment-thumbnail size-thumbnail\" alt=\"Installation Services\" decoding=\"async\" loading=\"lazy\" \/><\/a>\n\t\t\t<\/dt><\/dl><dl class='gallery-item'>\n\t\t\t<dt class='gallery-icon landscape'>\n\t\t\t\t<a class=\"grouped_elements\" rel=\"tc-fancybox-group\" href=\"https:\/\/www.teknoproses.com.tr\/wp-content\/uploads\/2022\/02\/imalat2.jpg\" title=\"Installation Services\"><img width=\"150\" height=\"150\" src=\"https:\/\/www.teknoproses.com.tr\/wp-content\/uploads\/2022\/02\/imalat2-150x150.jpg\" class=\"attachment-thumbnail size-thumbnail\" alt=\"Installation Services\" decoding=\"async\" loading=\"lazy\" \/><\/a>\n\t\t\t<\/dt><\/dl><br style=\"clear: both\" \/>\n\t\t<\/div>\n<\/p>\n<p style=\"text-align: justify;\">Uzman m\u00fchendis kadromuz ve y\u00fcksek standartlardaki i\u015f\u00e7ilik kalitemizle d\u00fcnyada kendisini kan\u0131tlam\u0131\u015f montaj ekipmanlar\u0131n\u0131 kullanarak uluslararas\u0131 standartlarda yurti\u00e7i ve yurtd\u0131\u015f\u0131nda,<\/p>\n<ul style=\"text-align: justify;\">\n<li>Anahtar teslimi tesis montaj\u0131<\/li>\n<li>\u00dcr\u00fcn hatlar\u0131<\/li>\n<li>CIP hatlar\u0131<\/li>\n<li>Buzlu su hatlar\u0131<\/li>\n<li>Yumu\u015fak su hatlar\u0131<\/li>\n<li>Buhar hatlar\u0131<\/li>\n<li>Kondens hatlar\u0131<\/li>\n<li>ve hat izolasyonlar\u0131<\/li>\n<\/ul>\n<p style=\"text-align: justify;\">hizmetlerini vermekteyiz.<\/p>\n<p>\n\t\t<style type=\"text\/css\">\n\t\t\t#gallery-2 {\n\t\t\t\tmargin: auto;\n\t\t\t}\n\t\t\t#gallery-2 .gallery-item {\n\t\t\t\tfloat: left;\n\t\t\t\tmargin-top: 10px;\n\t\t\t\ttext-align: center;\n\t\t\t\twidth: 16%;\n\t\t\t}\n\t\t\t#gallery-2 img {\n\t\t\t\tborder: 2px solid #cfcfcf;\n\t\t\t}\n\t\t\t#gallery-2 .gallery-caption {\n\t\t\t\tmargin-left: 0;\n\t\t\t}\n\t\t\t\/* see gallery_shortcode() in wp-includes\/media.php *\/\n\t\t<\/style>\n\t\t<div id='gallery-2' class='gallery galleryid-41 gallery-columns-6 gallery-size-thumbnail'><dl class='gallery-item'>\n\t\t\t<dt class='gallery-icon portrait'>\n\t\t\t\t<a class=\"grouped_elements\" rel=\"tc-fancybox-group\" href=\"https:\/\/www.teknoproses.com.tr\/wp-content\/uploads\/2015\/03\/montaj-hizmetleri-2.jpg\" title=\"Installation Services\"><img width=\"150\" height=\"150\" src=\"https:\/\/www.teknoproses.com.tr\/wp-content\/uploads\/2015\/03\/montaj-hizmetleri-2-150x150.jpg\" class=\"attachment-thumbnail size-thumbnail\" alt=\"Installation Services\" decoding=\"async\" loading=\"lazy\" \/><\/a>\n\t\t\t<\/dt><\/dl><dl class='gallery-item'>\n\t\t\t<dt class='gallery-icon landscape'>\n\t\t\t\t<a class=\"grouped_elements\" rel=\"tc-fancybox-group\" href=\"https:\/\/www.teknoproses.com.tr\/wp-content\/uploads\/2015\/03\/montaj-hizmetleri-4.jpg\" title=\"Installation Services\"><img width=\"150\" height=\"150\" src=\"https:\/\/www.teknoproses.com.tr\/wp-content\/uploads\/2015\/03\/montaj-hizmetleri-4-150x150.jpg\" class=\"attachment-thumbnail size-thumbnail\" alt=\"Installation Services\" decoding=\"async\" loading=\"lazy\" \/><\/a>\n\t\t\t<\/dt><\/dl><dl class='gallery-item'>\n\t\t\t<dt class='gallery-icon landscape'>\n\t\t\t\t<a class=\"grouped_elements\" rel=\"tc-fancybox-group\" href=\"https:\/\/www.teknoproses.com.tr\/wp-content\/uploads\/2015\/03\/montaj-hizmetleri-5.jpg\" title=\"Installation Services\"><img width=\"150\" height=\"150\" src=\"https:\/\/www.teknoproses.com.tr\/wp-content\/uploads\/2015\/03\/montaj-hizmetleri-5-150x150.jpg\" class=\"attachment-thumbnail size-thumbnail\" alt=\"Installation Services\" decoding=\"async\" loading=\"lazy\" \/><\/a>\n\t\t\t<\/dt><\/dl><dl class='gallery-item'>\n\t\t\t<dt class='gallery-icon landscape'>\n\t\t\t\t<a class=\"grouped_elements\" rel=\"tc-fancybox-group\" href=\"https:\/\/www.teknoproses.com.tr\/wp-content\/uploads\/2015\/03\/anahtar-teslim-gida-6.jpg\" title=\"Turnkey Food Plants\"><img width=\"150\" height=\"150\" src=\"https:\/\/www.teknoproses.com.tr\/wp-content\/uploads\/2015\/03\/anahtar-teslim-gida-6-150x150.jpg\" class=\"attachment-thumbnail size-thumbnail\" alt=\"Turnkey Food Plants\" decoding=\"async\" loading=\"lazy\" \/><\/a>\n\t\t\t<\/dt><\/dl><dl class='gallery-item'>\n\t\t\t<dt class='gallery-icon portrait'>\n\t\t\t\t<a class=\"grouped_elements\" rel=\"tc-fancybox-group\" href=\"https:\/\/www.teknoproses.com.tr\/wp-content\/uploads\/2020\/06\/vana-4.jpg\" title=\"Installation Services\"><img width=\"150\" height=\"150\" src=\"https:\/\/www.teknoproses.com.tr\/wp-content\/uploads\/2020\/06\/vana-4-150x150.jpg\" class=\"attachment-thumbnail size-thumbnail\" alt=\"Installation Services\" decoding=\"async\" loading=\"lazy\" \/><\/a>\n\t\t\t<\/dt><\/dl><dl class='gallery-item'>\n\t\t\t<dt class='gallery-icon portrait'>\n\t\t\t\t<a class=\"grouped_elements\" rel=\"tc-fancybox-group\" href=\"https:\/\/www.teknoproses.com.tr\/wp-content\/uploads\/2020\/06\/vana-tarlasi-2-1.jpg\" title=\"Installation Services\"><img width=\"150\" height=\"150\" src=\"https:\/\/www.teknoproses.com.tr\/wp-content\/uploads\/2020\/06\/vana-tarlasi-2-1-150x150.jpg\" class=\"attachment-thumbnail size-thumbnail\" alt=\"Installation Services\" decoding=\"async\" loading=\"lazy\" \/><\/a>\n\t\t\t<\/dt><\/dl><br style=\"clear: both\" \/><dl class='gallery-item'>\n\t\t\t<dt class='gallery-icon landscape'>\n\t\t\t\t<a class=\"grouped_elements\" rel=\"tc-fancybox-group\" href=\"https:\/\/www.teknoproses.com.tr\/wp-content\/uploads\/2015\/03\/cip-unitesi-1.jpg\" title=\"Installation Services\"><img width=\"150\" height=\"150\" src=\"https:\/\/www.teknoproses.com.tr\/wp-content\/uploads\/2015\/03\/cip-unitesi-1-150x150.jpg\" class=\"attachment-thumbnail size-thumbnail\" alt=\"Installation Services\" decoding=\"async\" loading=\"lazy\" \/><\/a>\n\t\t\t<\/dt><\/dl><dl class='gallery-item'>\n\t\t\t<dt class='gallery-icon landscape'>\n\t\t\t\t<a class=\"grouped_elements\" rel=\"tc-fancybox-group\" href=\"https:\/\/www.teknoproses.com.tr\/wp-content\/uploads\/2015\/03\/montaj-1.jpg\" title=\"Installation Services\"><img width=\"150\" height=\"150\" src=\"https:\/\/www.teknoproses.com.tr\/wp-content\/uploads\/2015\/03\/montaj-1-150x150.jpg\" class=\"attachment-thumbnail size-thumbnail\" alt=\"Installation Services\" decoding=\"async\" loading=\"lazy\" \/><\/a>\n\t\t\t<\/dt><\/dl><dl class='gallery-item'>\n\t\t\t<dt class='gallery-icon landscape'>\n\t\t\t\t<a class=\"grouped_elements\" rel=\"tc-fancybox-group\" href=\"https:\/\/www.teknoproses.com.tr\/wp-content\/uploads\/2015\/03\/montaj-2.jpg\" title=\"Installation Services\"><img width=\"150\" height=\"150\" src=\"https:\/\/www.teknoproses.com.tr\/wp-content\/uploads\/2015\/03\/montaj-2-150x150.jpg\" class=\"attachment-thumbnail size-thumbnail\" alt=\"Installation Services\" decoding=\"async\" loading=\"lazy\" \/><\/a>\n\t\t\t<\/dt><\/dl><dl class='gallery-item'>\n\t\t\t<dt class='gallery-icon landscape'>\n\t\t\t\t<a class=\"grouped_elements\" rel=\"tc-fancybox-group\" href=\"https:\/\/www.teknoproses.com.tr\/wp-content\/uploads\/2015\/03\/montaj-3.jpg\" title=\"Installation Services\"><img width=\"150\" height=\"150\" src=\"https:\/\/www.teknoproses.com.tr\/wp-content\/uploads\/2015\/03\/montaj-3-150x150.jpg\" class=\"attachment-thumbnail size-thumbnail\" alt=\"Installation Services\" decoding=\"async\" loading=\"lazy\" \/><\/a>\n\t\t\t<\/dt><\/dl><dl class='gallery-item'>\n\t\t\t<dt class='gallery-icon landscape'>\n\t\t\t\t<a class=\"grouped_elements\" rel=\"tc-fancybox-group\" href=\"https:\/\/www.teknoproses.com.tr\/wp-content\/uploads\/2022\/02\/imalat1.jpg\" title=\"Installation Services\"><img width=\"150\" height=\"150\" src=\"https:\/\/www.teknoproses.com.tr\/wp-content\/uploads\/2022\/02\/imalat1-150x150.jpg\" class=\"attachment-thumbnail size-thumbnail\" alt=\"Installation Services\" decoding=\"async\" loading=\"lazy\" \/><\/a>\n\t\t\t<\/dt><\/dl><dl class='gallery-item'>\n\t\t\t<dt class='gallery-icon landscape'>\n\t\t\t\t<a class=\"grouped_elements\" rel=\"tc-fancybox-group\" href=\"https:\/\/www.teknoproses.com.tr\/wp-content\/uploads\/2022\/02\/imalat2.jpg\" title=\"Installation Services\"><img width=\"150\" height=\"150\" src=\"https:\/\/www.teknoproses.com.tr\/wp-content\/uploads\/2022\/02\/imalat2-150x150.jpg\" class=\"attachment-thumbnail size-thumbnail\" alt=\"Installation Services\" decoding=\"async\" loading=\"lazy\" \/><\/a>\n\t\t\t<\/dt><\/dl><br style=\"clear: both\" \/>\n\t\t<\/div>\n<\/p>\n<p>Installation Services<\/p>\n<p>We give installation services at the international standards with our specialized staff by using the best quality installation equipments;<\/p>\n<ul>\n<li>Turnkey plant installation<\/li>\n<li>Product lines<\/li>\n<li>CIP lines<\/li>\n<li>Ice water lines<\/li>\n<li>Soft water lines<\/li>\n<li>Steam lines<\/li>\n<li>Condense lines, and<\/li>\n<li>Isolation of lines<\/li>\n<\/ul>\n<p><\/p>","protected":false},"excerpt":{"rendered":"<p>Installation Services We give installation services at the international standards with our specialized staff by using the best quality installation equipments; Turnkey plant installation Product lines CIP lines Ice water lines Soft water lines Steam lines Condense lines, and Isolation of lines<\/p>\n","protected":false},"author":1,"featured_media":0,"parent":37,"menu_order":0,"comment_status":"open","ping_status":"open","template":"","meta":[],"yoast_head":"<!-- This site is optimized with the Yoast SEO plugin v18.1 - https:\/\/yoast.com\/wordpress\/plugins\/seo\/ -->\n<title>Installation Services | Teknoproses<\/title>\n<meta name=\"description\" content=\"(Turkish) Montaj Hizmetleri\" \/>\n<meta name=\"robots\" content=\"index, follow, max-snippet:-1, max-image-preview:large, max-video-preview:-1\" \/>\n<link rel=\"canonical\" href=\"https:\/\/www.teknoproses.com.tr\/hizmetler\/montaj-hizmetleri\" \/>\n<meta property=\"og:locale\" content=\"en_US\" \/>\n<meta property=\"og:type\" content=\"article\" \/>\n<meta property=\"og:title\" content=\"Installation Services | Teknoproses\" \/>\n<meta property=\"og:description\" content=\"[:tr]Montaj Hizmetleri[:]\" \/>\n<meta property=\"og:url\" content=\"https:\/\/www.teknoproses.com.tr\/hizmetler\/montaj-hizmetleri\" \/>\n<meta property=\"og:site_name\" content=\"Teknoproses\" \/>\n<meta property=\"article:modified_time\" content=\"2022-02-27T09:10:42+00:00\" \/>\n<meta property=\"og:image\" content=\"https:\/\/www.teknoproses.com.tr\/wp-content\/uploads\/2015\/03\/montaj-hizmetleri-2-150x150.jpg\" \/>\n<meta name=\"twitter:label1\" content=\"Est. reading time\" \/>\n\t<meta name=\"twitter:data1\" content=\"1 minute\" \/>\n<script type=\"application\/ld+json\" class=\"yoast-schema-graph\">{\"@context\":\"https:\/\/schema.org\",\"@graph\":[{\"@type\":\"WebSite\",\"@id\":\"https:\/\/www.teknoproses.com.tr\/#website\",\"url\":\"https:\/\/www.teknoproses.com.tr\/\",\"name\":\"Teknoproses\",\"description\":\"\",\"potentialAction\":[{\"@type\":\"SearchAction\",\"target\":{\"@type\":\"EntryPoint\",\"urlTemplate\":\"https:\/\/www.teknoproses.com.tr\/?s={search_term_string}\"},\"query-input\":\"required name=search_term_string\"}],\"inLanguage\":\"en-US\"},{\"@type\":\"WebPage\",\"@id\":\"https:\/\/www.teknoproses.com.tr\/hizmetler\/montaj-hizmetleri#webpage\",\"url\":\"https:\/\/www.teknoproses.com.tr\/hizmetler\/montaj-hizmetleri\",\"name\":\"Installation Services | Teknoproses\",\"isPartOf\":{\"@id\":\"https:\/\/www.teknoproses.com.tr\/#website\"},\"datePublished\":\"2015-03-29T17:10:57+00:00\",\"dateModified\":\"2022-02-27T09:10:42+00:00\",\"description\":\"[:tr]Montaj Hizmetleri[:]\",\"breadcrumb\":{\"@id\":\"https:\/\/www.teknoproses.com.tr\/hizmetler\/montaj-hizmetleri#breadcrumb\"},\"inLanguage\":\"en-US\",\"potentialAction\":[{\"@type\":\"ReadAction\",\"target\":[\"https:\/\/www.teknoproses.com.tr\/hizmetler\/montaj-hizmetleri\"]}]},{\"@type\":\"BreadcrumbList\",\"@id\":\"https:\/\/www.teknoproses.com.tr\/hizmetler\/montaj-hizmetleri#breadcrumb\",\"itemListElement\":[{\"@type\":\"ListItem\",\"position\":1,\"name\":\"Anasayfa\",\"item\":\"https:\/\/www.teknoproses.com.tr\/\"},{\"@type\":\"ListItem\",\"position\":2,\"name\":\"Hizmetler\",\"item\":\"https:\/\/www.teknoproses.com.tr\/hizmetler\"},{\"@type\":\"ListItem\",\"position\":3,\"name\":\"Montaj Hizmetleri\"}]}]}<\/script>\n<!-- \/ Yoast SEO plugin. -->","yoast_head_json":{"title":"Installation Services | Teknoproses","description":"(Turkish) Montaj Hizmetleri","robots":{"index":"index","follow":"follow","max-snippet":"max-snippet:-1","max-image-preview":"max-image-preview:large","max-video-preview":"max-video-preview:-1"},"canonical":"https:\/\/www.teknoproses.com.tr\/hizmetler\/montaj-hizmetleri","og_locale":"en_US","og_type":"article","og_title":"Installation Services | Teknoproses","og_description":"[:tr]Montaj Hizmetleri[:]","og_url":"https:\/\/www.teknoproses.com.tr\/hizmetler\/montaj-hizmetleri","og_site_name":"Teknoproses","article_modified_time":"2022-02-27T09:10:42+00:00","og_image":[{"url":"https:\/\/www.teknoproses.com.tr\/wp-content\/uploads\/2015\/03\/montaj-hizmetleri-2-150x150.jpg"}],"twitter_misc":{"Est. reading time":"1 minute"},"schema":{"@context":"https:\/\/schema.org","@graph":[{"@type":"WebSite","@id":"https:\/\/www.teknoproses.com.tr\/#website","url":"https:\/\/www.teknoproses.com.tr\/","name":"Teknoproses","description":"","potentialAction":[{"@type":"SearchAction","target":{"@type":"EntryPoint","urlTemplate":"https:\/\/www.teknoproses.com.tr\/?s={search_term_string}"},"query-input":"required name=search_term_string"}],"inLanguage":"en-US"},{"@type":"WebPage","@id":"https:\/\/www.teknoproses.com.tr\/hizmetler\/montaj-hizmetleri#webpage","url":"https:\/\/www.teknoproses.com.tr\/hizmetler\/montaj-hizmetleri","name":"Installation Services | Teknoproses","isPartOf":{"@id":"https:\/\/www.teknoproses.com.tr\/#website"},"datePublished":"2015-03-29T17:10:57+00:00","dateModified":"2022-02-27T09:10:42+00:00","description":"[:tr]Montaj Hizmetleri[:]","breadcrumb":{"@id":"https:\/\/www.teknoproses.com.tr\/hizmetler\/montaj-hizmetleri#breadcrumb"},"inLanguage":"en-US","potentialAction":[{"@type":"ReadAction","target":["https:\/\/www.teknoproses.com.tr\/hizmetler\/montaj-hizmetleri"]}]},{"@type":"BreadcrumbList","@id":"https:\/\/www.teknoproses.com.tr\/hizmetler\/montaj-hizmetleri#breadcrumb","itemListElement":[{"@type":"ListItem","position":1,"name":"Anasayfa","item":"https:\/\/www.teknoproses.com.tr\/"},{"@type":"ListItem","position":2,"name":"Hizmetler","item":"https:\/\/www.teknoproses.com.tr\/hizmetler"},{"@type":"ListItem","position":3,"name":"Montaj Hizmetleri"}]}]}},"_links":{"self":[{"href":"https:\/\/www.teknoproses.com.tr\/en\/wp-json\/wp\/v2\/pages\/41"}],"collection":[{"href":"https:\/\/www.teknoproses.com.tr\/en\/wp-json\/wp\/v2\/pages"}],"about":[{"href":"https:\/\/www.teknoproses.com.tr\/en\/wp-json\/wp\/v2\/types\/page"}],"author":[{"embeddable":true,"href":"https:\/\/www.teknoproses.com.tr\/en\/wp-json\/wp\/v2\/users\/1"}],"replies":[{"embeddable":true,"href":"https:\/\/www.teknoproses.com.tr\/en\/wp-json\/wp\/v2\/comments?post=41"}],"version-history":[{"count":11,"href":"https:\/\/www.teknoproses.com.tr\/en\/wp-json\/wp\/v2\/pages\/41\/revisions"}],"predecessor-version":[{"id":1502,"href":"https:\/\/www.teknoproses.com.tr\/en\/wp-json\/wp\/v2\/pages\/41\/revisions\/1502"}],"up":[{"embeddable":true,"href":"https:\/\/www.teknoproses.com.tr\/en\/wp-json\/wp\/v2\/pages\/37"}],"wp:attachment":[{"href":"https:\/\/www.teknoproses.com.tr\/en\/wp-json\/wp\/v2\/media?parent=41"}],"curies":[{"name":"wp","href":"https:\/\/api.w.org\/{rel}","templated":true}]}}