{"id":43,"date":"2015-03-29T17:20:25","date_gmt":"2015-03-29T17:20:25","guid":{"rendered":"http:\/\/ugurtumer.com.tr\/teknoproses\/?page_id=43"},"modified":"2021-04-26T23:13:41","modified_gmt":"2021-04-26T20:13:41","slug":"otomasyon-cozumleri","status":"publish","type":"page","link":"https:\/\/www.teknoproses.com.tr\/en\/hizmetler\/otomasyon-cozumleri","title":{"rendered":"Automation Solutions"},"content":{"rendered":"<p>\n\t\t<style type=\"text\/css\">\n\t\t\t#gallery-2 {\n\t\t\t\tmargin: auto;\n\t\t\t}\n\t\t\t#gallery-2 .gallery-item {\n\t\t\t\tfloat: left;\n\t\t\t\tmargin-top: 10px;\n\t\t\t\ttext-align: center;\n\t\t\t\twidth: 33%;\n\t\t\t}\n\t\t\t#gallery-2 img {\n\t\t\t\tborder: 2px solid #cfcfcf;\n\t\t\t}\n\t\t\t#gallery-2 .gallery-caption {\n\t\t\t\tmargin-left: 0;\n\t\t\t}\n\t\t\t\/* see gallery_shortcode() in wp-includes\/media.php *\/\n\t\t<\/style>\n\t\t<div id='gallery-2' class='gallery galleryid-43 gallery-columns-3 gallery-size-medium'><dl class='gallery-item'>\n\t\t\t<dt class='gallery-icon landscape'>\n\t\t\t\t<img width=\"300\" height=\"167\" src=\"https:\/\/www.teknoproses.com.tr\/wp-content\/uploads\/2015\/03\/sema2-300x167.jpg\" class=\"attachment-medium size-medium\" alt=\"Automation Solutions\" decoding=\"async\" loading=\"lazy\" srcset=\"https:\/\/www.teknoproses.com.tr\/wp-content\/uploads\/2015\/03\/sema2-300x167.jpg 300w, https:\/\/www.teknoproses.com.tr\/wp-content\/uploads\/2015\/03\/sema2-768x428.jpg 768w, https:\/\/www.teknoproses.com.tr\/wp-content\/uploads\/2015\/03\/sema2.jpg 960w\" sizes=\"(max-width: 300px) 100vw, 300px\" \/>\n\t\t\t<\/dt><\/dl><dl class='gallery-item'>\n\t\t\t<dt class='gallery-icon landscape'>\n\t\t\t\t<img width=\"300\" height=\"168\" src=\"https:\/\/www.teknoproses.com.tr\/wp-content\/uploads\/2015\/03\/sema1-300x168.jpg\" class=\"attachment-medium size-medium\" alt=\"Automation Solutions\" decoding=\"async\" loading=\"lazy\" srcset=\"https:\/\/www.teknoproses.com.tr\/wp-content\/uploads\/2015\/03\/sema1-300x168.jpg 300w, https:\/\/www.teknoproses.com.tr\/wp-content\/uploads\/2015\/03\/sema1-768x429.jpg 768w, https:\/\/www.teknoproses.com.tr\/wp-content\/uploads\/2015\/03\/sema1.jpg 960w\" sizes=\"(max-width: 300px) 100vw, 300px\" \/>\n\t\t\t<\/dt><\/dl><dl class='gallery-item'>\n\t\t\t<dt class='gallery-icon landscape'>\n\t\t\t\t<img width=\"300\" height=\"169\" src=\"https:\/\/www.teknoproses.com.tr\/wp-content\/uploads\/2015\/03\/otomasyon-cozumleri-1-300x169.jpg\" class=\"attachment-medium size-medium\" alt=\"Automation Solutions\" decoding=\"async\" loading=\"lazy\" srcset=\"https:\/\/www.teknoproses.com.tr\/wp-content\/uploads\/2015\/03\/otomasyon-cozumleri-1-300x169.jpg 300w, https:\/\/www.teknoproses.com.tr\/wp-content\/uploads\/2015\/03\/otomasyon-cozumleri-1-768x432.jpg 768w, https:\/\/www.teknoproses.com.tr\/wp-content\/uploads\/2015\/03\/otomasyon-cozumleri-1.jpg 889w\" sizes=\"(max-width: 300px) 100vw, 300px\" \/>\n\t\t\t<\/dt><\/dl><br style=\"clear: both\" \/><dl class='gallery-item'>\n\t\t\t<dt class='gallery-icon landscape'>\n\t\t\t\t<img width=\"300\" height=\"169\" src=\"https:\/\/www.teknoproses.com.tr\/wp-content\/uploads\/2015\/03\/otomasyon-cozumleri-2-300x169.jpg\" class=\"attachment-medium size-medium\" alt=\"Automation Solutions\" decoding=\"async\" loading=\"lazy\" srcset=\"https:\/\/www.teknoproses.com.tr\/wp-content\/uploads\/2015\/03\/otomasyon-cozumleri-2-300x169.jpg 300w, https:\/\/www.teknoproses.com.tr\/wp-content\/uploads\/2015\/03\/otomasyon-cozumleri-2-768x432.jpg 768w, https:\/\/www.teknoproses.com.tr\/wp-content\/uploads\/2015\/03\/otomasyon-cozumleri-2.jpg 889w\" sizes=\"(max-width: 300px) 100vw, 300px\" \/>\n\t\t\t<\/dt><\/dl><dl class='gallery-item'>\n\t\t\t<dt class='gallery-icon landscape'>\n\t\t\t\t<img width=\"300\" height=\"169\" src=\"https:\/\/www.teknoproses.com.tr\/wp-content\/uploads\/2015\/03\/otomasyon-cozumleri-3-300x169.jpg\" class=\"attachment-medium size-medium\" alt=\"Automation Solutions\" decoding=\"async\" loading=\"lazy\" srcset=\"https:\/\/www.teknoproses.com.tr\/wp-content\/uploads\/2015\/03\/otomasyon-cozumleri-3-300x169.jpg 300w, https:\/\/www.teknoproses.com.tr\/wp-content\/uploads\/2015\/03\/otomasyon-cozumleri-3-768x432.jpg 768w, https:\/\/www.teknoproses.com.tr\/wp-content\/uploads\/2015\/03\/otomasyon-cozumleri-3.jpg 889w\" sizes=\"(max-width: 300px) 100vw, 300px\" \/>\n\t\t\t<\/dt><\/dl><dl class='gallery-item'>\n\t\t\t<dt class='gallery-icon landscape'>\n\t\t\t\t<img width=\"300\" height=\"169\" src=\"https:\/\/www.teknoproses.com.tr\/wp-content\/uploads\/2015\/03\/otomasyon-300x169.jpg\" class=\"attachment-medium size-medium\" alt=\"Automation Solutions\" decoding=\"async\" loading=\"lazy\" srcset=\"https:\/\/www.teknoproses.com.tr\/wp-content\/uploads\/2015\/03\/otomasyon-300x169.jpg 300w, https:\/\/www.teknoproses.com.tr\/wp-content\/uploads\/2015\/03\/otomasyon-768x432.jpg 768w, https:\/\/www.teknoproses.com.tr\/wp-content\/uploads\/2015\/03\/otomasyon.jpg 889w\" sizes=\"(max-width: 300px) 100vw, 300px\" \/>\n\t\t\t<\/dt><\/dl><br style=\"clear: both\" \/>\n\t\t<\/div>\n<\/p>\n<p>Automation reduces the human factors in the processes and ensures the reduction of errors and working overhead expenses. As well as it allows you to improve the quality of standard products. This is an important factor that positively impact the competitiveness of companies.<\/p>","protected":false},"excerpt":{"rendered":"<p>Automation reduces the human factors in the processes and ensures the reduction of errors and working overhead expenses. As well as it allows you to improve the quality of standard products. This is an important factor that positively impact the competitiveness of companies.<\/p>\n","protected":false},"author":1,"featured_media":0,"parent":37,"menu_order":0,"comment_status":"open","ping_status":"open","template":"","meta":[],"yoast_head":"<!-- This site is optimized with the Yoast SEO plugin v18.1 - https:\/\/yoast.com\/wordpress\/plugins\/seo\/ -->\n<title>Automation Solutions | Teknoproses<\/title>\n<meta name=\"description\" content=\"(Turkish) Otomasyon \u00c7\u00f6z\u00fcmleri\" \/>\n<meta name=\"robots\" content=\"index, follow, max-snippet:-1, max-image-preview:large, max-video-preview:-1\" \/>\n<link rel=\"canonical\" href=\"https:\/\/www.teknoproses.com.tr\/hizmetler\/otomasyon-cozumleri\" \/>\n<meta property=\"og:locale\" content=\"en_US\" \/>\n<meta property=\"og:type\" content=\"article\" \/>\n<meta property=\"og:title\" content=\"Automation Solutions | Teknoproses\" \/>\n<meta property=\"og:description\" content=\"[:tr]Otomasyon \u00c7\u00f6z\u00fcmleri[:]\" \/>\n<meta property=\"og:url\" content=\"https:\/\/www.teknoproses.com.tr\/hizmetler\/otomasyon-cozumleri\" \/>\n<meta property=\"og:site_name\" content=\"Teknoproses\" \/>\n<meta property=\"article:modified_time\" content=\"2021-04-26T20:13:41+00:00\" \/>\n<meta property=\"og:image\" content=\"https:\/\/www.teknoproses.com.tr\/wp-content\/uploads\/2015\/03\/sema2-300x167.jpg?v=1644428745\" \/>\n<meta name=\"twitter:label1\" content=\"Est. reading time\" \/>\n\t<meta name=\"twitter:data1\" content=\"1 minute\" \/>\n<script type=\"application\/ld+json\" class=\"yoast-schema-graph\">{\"@context\":\"https:\/\/schema.org\",\"@graph\":[{\"@type\":\"WebSite\",\"@id\":\"https:\/\/www.teknoproses.com.tr\/#website\",\"url\":\"https:\/\/www.teknoproses.com.tr\/\",\"name\":\"Teknoproses\",\"description\":\"\",\"potentialAction\":[{\"@type\":\"SearchAction\",\"target\":{\"@type\":\"EntryPoint\",\"urlTemplate\":\"https:\/\/www.teknoproses.com.tr\/?s={search_term_string}\"},\"query-input\":\"required name=search_term_string\"}],\"inLanguage\":\"en-US\"},{\"@type\":\"WebPage\",\"@id\":\"https:\/\/www.teknoproses.com.tr\/hizmetler\/otomasyon-cozumleri#webpage\",\"url\":\"https:\/\/www.teknoproses.com.tr\/hizmetler\/otomasyon-cozumleri\",\"name\":\"Automation Solutions | Teknoproses\",\"isPartOf\":{\"@id\":\"https:\/\/www.teknoproses.com.tr\/#website\"},\"datePublished\":\"2015-03-29T17:20:25+00:00\",\"dateModified\":\"2021-04-26T20:13:41+00:00\",\"description\":\"[:tr]Otomasyon \u00c7\u00f6z\u00fcmleri[:]\",\"breadcrumb\":{\"@id\":\"https:\/\/www.teknoproses.com.tr\/hizmetler\/otomasyon-cozumleri#breadcrumb\"},\"inLanguage\":\"en-US\",\"potentialAction\":[{\"@type\":\"ReadAction\",\"target\":[\"https:\/\/www.teknoproses.com.tr\/hizmetler\/otomasyon-cozumleri\"]}]},{\"@type\":\"BreadcrumbList\",\"@id\":\"https:\/\/www.teknoproses.com.tr\/hizmetler\/otomasyon-cozumleri#breadcrumb\",\"itemListElement\":[{\"@type\":\"ListItem\",\"position\":1,\"name\":\"Anasayfa\",\"item\":\"https:\/\/www.teknoproses.com.tr\/\"},{\"@type\":\"ListItem\",\"position\":2,\"name\":\"Hizmetler\",\"item\":\"https:\/\/www.teknoproses.com.tr\/hizmetler\"},{\"@type\":\"ListItem\",\"position\":3,\"name\":\"Otomasyon \u00c7\u00f6z\u00fcmleri\"}]}]}<\/script>\n<!-- \/ Yoast SEO plugin. -->","yoast_head_json":{"title":"Automation Solutions | Teknoproses","description":"(Turkish) Otomasyon \u00c7\u00f6z\u00fcmleri","robots":{"index":"index","follow":"follow","max-snippet":"max-snippet:-1","max-image-preview":"max-image-preview:large","max-video-preview":"max-video-preview:-1"},"canonical":"https:\/\/www.teknoproses.com.tr\/hizmetler\/otomasyon-cozumleri","og_locale":"en_US","og_type":"article","og_title":"Automation Solutions | Teknoproses","og_description":"[:tr]Otomasyon \u00c7\u00f6z\u00fcmleri[:]","og_url":"https:\/\/www.teknoproses.com.tr\/hizmetler\/otomasyon-cozumleri","og_site_name":"Teknoproses","article_modified_time":"2021-04-26T20:13:41+00:00","og_image":[{"url":"https:\/\/www.teknoproses.com.tr\/wp-content\/uploads\/2015\/03\/sema2-300x167.jpg?v=1644428745"}],"twitter_misc":{"Est. reading time":"1 minute"},"schema":{"@context":"https:\/\/schema.org","@graph":[{"@type":"WebSite","@id":"https:\/\/www.teknoproses.com.tr\/#website","url":"https:\/\/www.teknoproses.com.tr\/","name":"Teknoproses","description":"","potentialAction":[{"@type":"SearchAction","target":{"@type":"EntryPoint","urlTemplate":"https:\/\/www.teknoproses.com.tr\/?s={search_term_string}"},"query-input":"required name=search_term_string"}],"inLanguage":"en-US"},{"@type":"WebPage","@id":"https:\/\/www.teknoproses.com.tr\/hizmetler\/otomasyon-cozumleri#webpage","url":"https:\/\/www.teknoproses.com.tr\/hizmetler\/otomasyon-cozumleri","name":"Automation Solutions | Teknoproses","isPartOf":{"@id":"https:\/\/www.teknoproses.com.tr\/#website"},"datePublished":"2015-03-29T17:20:25+00:00","dateModified":"2021-04-26T20:13:41+00:00","description":"[:tr]Otomasyon \u00c7\u00f6z\u00fcmleri[:]","breadcrumb":{"@id":"https:\/\/www.teknoproses.com.tr\/hizmetler\/otomasyon-cozumleri#breadcrumb"},"inLanguage":"en-US","potentialAction":[{"@type":"ReadAction","target":["https:\/\/www.teknoproses.com.tr\/hizmetler\/otomasyon-cozumleri"]}]},{"@type":"BreadcrumbList","@id":"https:\/\/www.teknoproses.com.tr\/hizmetler\/otomasyon-cozumleri#breadcrumb","itemListElement":[{"@type":"ListItem","position":1,"name":"Anasayfa","item":"https:\/\/www.teknoproses.com.tr\/"},{"@type":"ListItem","position":2,"name":"Hizmetler","item":"https:\/\/www.teknoproses.com.tr\/hizmetler"},{"@type":"ListItem","position":3,"name":"Otomasyon \u00c7\u00f6z\u00fcmleri"}]}]}},"_links":{"self":[{"href":"https:\/\/www.teknoproses.com.tr\/en\/wp-json\/wp\/v2\/pages\/43"}],"collection":[{"href":"https:\/\/www.teknoproses.com.tr\/en\/wp-json\/wp\/v2\/pages"}],"about":[{"href":"https:\/\/www.teknoproses.com.tr\/en\/wp-json\/wp\/v2\/types\/page"}],"author":[{"embeddable":true,"href":"https:\/\/www.teknoproses.com.tr\/en\/wp-json\/wp\/v2\/users\/1"}],"replies":[{"embeddable":true,"href":"https:\/\/www.teknoproses.com.tr\/en\/wp-json\/wp\/v2\/comments?post=43"}],"version-history":[{"count":49,"href":"https:\/\/www.teknoproses.com.tr\/en\/wp-json\/wp\/v2\/pages\/43\/revisions"}],"predecessor-version":[{"id":1433,"href":"https:\/\/www.teknoproses.com.tr\/en\/wp-json\/wp\/v2\/pages\/43\/revisions\/1433"}],"up":[{"embeddable":true,"href":"https:\/\/www.teknoproses.com.tr\/en\/wp-json\/wp\/v2\/pages\/37"}],"wp:attachment":[{"href":"https:\/\/www.teknoproses.com.tr\/en\/wp-json\/wp\/v2\/media?parent=43"}],"curies":[{"name":"wp","href":"https:\/\/api.w.org\/{rel}","templated":true}]}}