{"id":45,"date":"2015-03-29T17:22:29","date_gmt":"2015-03-29T17:22:29","guid":{"rendered":"http:\/\/ugurtumer.com.tr\/teknoproses\/?page_id=45"},"modified":"2021-04-25T21:53:45","modified_gmt":"2021-04-25T18:53:45","slug":"satis-sonrasi-hizmetler","status":"publish","type":"page","link":"https:\/\/www.teknoproses.com.tr\/en\/hizmetler\/satis-sonrasi-hizmetler","title":{"rendered":"After Sale Services"},"content":{"rendered":"<p>After Sale Services\"><img width=\"150\" height=\"150\" src=\"https:\/\/www.teknoproses.com.tr\/wp-content\/uploads\/2015\/03\/satis-sonrasi-1-150x150.jpg\" class=\"attachment-thumbnail size-thumbnail\" alt=\"After Sale Services\" decoding=\"async\" loading=\"lazy\" \/><\/a>\n\t\t\t<\/dt><\/dl><dl class='gallery-item'>\n\t\t\t<dt class='gallery-icon landscape'>\n\t\t\t\t<a class=\"grouped_elements\" rel=\"tc-fancybox-group\" href=\"https:\/\/www.teknoproses.com.tr\/wp-content\/uploads\/2015\/03\/satis-sonrasi-2.jpg\" title=\"After Sale Services\"><img width=\"150\" height=\"150\" src=\"https:\/\/www.teknoproses.com.tr\/wp-content\/uploads\/2015\/03\/satis-sonrasi-2-150x150.jpg\" class=\"attachment-thumbnail size-thumbnail\" alt=\"After Sale Services\" decoding=\"async\" loading=\"lazy\" \/><\/a>\n\t\t\t<\/dt><\/dl><dl class='gallery-item'>\n\t\t\t<dt class='gallery-icon landscape'>\n\t\t\t\t<a class=\"grouped_elements\" rel=\"tc-fancybox-group\" href=\"https:\/\/www.teknoproses.com.tr\/wp-content\/uploads\/2015\/03\/satis-sonrasi.jpg\" title=\"After Sale Services\"><img width=\"150\" height=\"150\" src=\"https:\/\/www.teknoproses.com.tr\/wp-content\/uploads\/2015\/03\/satis-sonrasi-150x150.jpg\" class=\"attachment-thumbnail size-thumbnail\" alt=\"After Sale Services\" decoding=\"async\" loading=\"lazy\" \/><\/a>\n\t\t\t<\/dt><\/dl><dl class='gallery-item'>\n\t\t\t<dt class='gallery-icon landscape'>\n\t\t\t\t<a class=\"grouped_elements\" rel=\"tc-fancybox-group\" href=\"https:\/\/www.teknoproses.com.tr\/wp-content\/uploads\/2015\/03\/satis-sonrasi-3.jpg\" title=\"After Sale Services\"><img width=\"150\" height=\"150\" src=\"https:\/\/www.teknoproses.com.tr\/wp-content\/uploads\/2015\/03\/satis-sonrasi-3-150x150.jpg\" class=\"attachment-thumbnail size-thumbnail\" alt=\"After Sale Services\" decoding=\"async\" loading=\"lazy\" srcset=\"https:\/\/www.teknoproses.com.tr\/wp-content\/uploads\/2015\/03\/satis-sonrasi-3-150x150.jpg 150w, https:\/\/www.teknoproses.com.tr\/wp-content\/uploads\/2015\/03\/satis-sonrasi-3-300x300.jpg 300w, https:\/\/www.teknoproses.com.tr\/wp-content\/uploads\/2015\/03\/satis-sonrasi-3.jpg 350w\" sizes=\"(max-width: 150px) 100vw, 150px\" \/><\/a>\n\t\t\t<\/dt><\/dl><dl class='gallery-item'>\n\t\t\t<dt class='gallery-icon landscape'>\n\t\t\t\t<a class=\"grouped_elements\" rel=\"tc-fancybox-group\" href=\"https:\/\/www.teknoproses.com.tr\/wp-content\/uploads\/2015\/03\/satis-sonrasi-4.jpg\" title=\"After Sale Services\"><img width=\"150\" height=\"150\" src=\"https:\/\/www.teknoproses.com.tr\/wp-content\/uploads\/2015\/03\/satis-sonrasi-4-150x150.jpg\" class=\"attachment-thumbnail size-thumbnail\" alt=\"After Sale Services\" decoding=\"async\" loading=\"lazy\" srcset=\"https:\/\/www.teknoproses.com.tr\/wp-content\/uploads\/2015\/03\/satis-sonrasi-4-150x150.jpg 150w, https:\/\/www.teknoproses.com.tr\/wp-content\/uploads\/2015\/03\/satis-sonrasi-4-300x300.jpg 300w, https:\/\/www.teknoproses.com.tr\/wp-content\/uploads\/2015\/03\/satis-sonrasi-4.jpg 350w\" sizes=\"(max-width: 150px) 100vw, 150px\" \/><\/a>\n\t\t\t<\/dt><\/dl>\n\t\t\t<br style='clear: both' \/>\n\t\t<\/div>\n<br \/>\nMakine ve ekipmanlar\u0131n\u0131z\u0131n ilk g\u00fcnk\u00fc performanslar\u0131nda \u00e7al\u0131\u015fmas\u0131, \u00fcretimin devaml\u0131l\u0131\u011f\u0131, standart kalitede \u00fcretim yapmalar\u0131 ve k\u00e2rl\u0131l\u0131\u011f\u0131n\u0131z\u0131n devam\u0131n\u0131 sa\u011flamak amac\u0131 ile Teknoproses m\u00fc\u015fteri memnuniyeti odakl\u0131:<\/p>\n<ul>\n<li>Yedek par\u00e7a temini<\/li>\n<li>Personel e\u011fitimi<\/li>\n<li>Periyodik bak\u0131m ve<\/li>\n<li>Servis hizmetleri vermektedir.<\/li>\n<\/ul>\n<p>\n\t\t<style type=\"text\/css\">\n\t\t\t#gallery-2 {\n\t\t\t\tmargin: auto;\n\t\t\t}\n\t\t\t#gallery-2 .gallery-item {\n\t\t\t\tfloat: left;\n\t\t\t\tmargin-top: 10px;\n\t\t\t\ttext-align: center;\n\t\t\t\twidth: 16%;\n\t\t\t}\n\t\t\t#gallery-2 img {\n\t\t\t\tborder: 2px solid #cfcfcf;\n\t\t\t}\n\t\t\t#gallery-2 .gallery-caption {\n\t\t\t\tmargin-left: 0;\n\t\t\t}\n\t\t\t\/* see gallery_shortcode() in wp-includes\/media.php *\/\n\t\t<\/style>\n\t\t<div id='gallery-2' class='gallery galleryid-45 gallery-columns-6 gallery-size-thumbnail'><dl class='gallery-item'>\n\t\t\t<dt class='gallery-icon landscape'>\n\t\t\t\t<a class=\"grouped_elements\" rel=\"tc-fancybox-group\" href=\"https:\/\/www.teknoproses.com.tr\/wp-content\/uploads\/2015\/03\/satis-sonrasi-1.jpg\" title=\"After Sale Services\"><img width=\"150\" height=\"150\" src=\"https:\/\/www.teknoproses.com.tr\/wp-content\/uploads\/2015\/03\/satis-sonrasi-1-150x150.jpg\" class=\"attachment-thumbnail size-thumbnail\" alt=\"After Sale Services\" decoding=\"async\" loading=\"lazy\" \/><\/a>\n\t\t\t<\/dt><\/dl><dl class='gallery-item'>\n\t\t\t<dt class='gallery-icon landscape'>\n\t\t\t\t<a class=\"grouped_elements\" rel=\"tc-fancybox-group\" href=\"https:\/\/www.teknoproses.com.tr\/wp-content\/uploads\/2015\/03\/satis-sonrasi-2.jpg\" title=\"After Sale Services\"><img width=\"150\" height=\"150\" src=\"https:\/\/www.teknoproses.com.tr\/wp-content\/uploads\/2015\/03\/satis-sonrasi-2-150x150.jpg\" class=\"attachment-thumbnail size-thumbnail\" alt=\"After Sale Services\" decoding=\"async\" loading=\"lazy\" \/><\/a>\n\t\t\t<\/dt><\/dl><dl class='gallery-item'>\n\t\t\t<dt class='gallery-icon landscape'>\n\t\t\t\t<a class=\"grouped_elements\" rel=\"tc-fancybox-group\" href=\"https:\/\/www.teknoproses.com.tr\/wp-content\/uploads\/2015\/03\/satis-sonrasi.jpg\" title=\"After Sale Services\"><img width=\"150\" height=\"150\" src=\"https:\/\/www.teknoproses.com.tr\/wp-content\/uploads\/2015\/03\/satis-sonrasi-150x150.jpg\" class=\"attachment-thumbnail size-thumbnail\" alt=\"After Sale Services\" decoding=\"async\" loading=\"lazy\" \/><\/a>\n\t\t\t<\/dt><\/dl><dl class='gallery-item'>\n\t\t\t<dt class='gallery-icon landscape'>\n\t\t\t\t<a class=\"grouped_elements\" rel=\"tc-fancybox-group\" href=\"https:\/\/www.teknoproses.com.tr\/wp-content\/uploads\/2015\/03\/satis-sonrasi-3.jpg\" title=\"After Sale Services\"><img width=\"150\" height=\"150\" src=\"https:\/\/www.teknoproses.com.tr\/wp-content\/uploads\/2015\/03\/satis-sonrasi-3-150x150.jpg\" class=\"attachment-thumbnail size-thumbnail\" alt=\"After Sale Services\" decoding=\"async\" loading=\"lazy\" srcset=\"https:\/\/www.teknoproses.com.tr\/wp-content\/uploads\/2015\/03\/satis-sonrasi-3-150x150.jpg 150w, https:\/\/www.teknoproses.com.tr\/wp-content\/uploads\/2015\/03\/satis-sonrasi-3-300x300.jpg 300w, https:\/\/www.teknoproses.com.tr\/wp-content\/uploads\/2015\/03\/satis-sonrasi-3.jpg 350w\" sizes=\"(max-width: 150px) 100vw, 150px\" \/><\/a>\n\t\t\t<\/dt><\/dl><dl class='gallery-item'>\n\t\t\t<dt class='gallery-icon landscape'>\n\t\t\t\t<a class=\"grouped_elements\" rel=\"tc-fancybox-group\" href=\"https:\/\/www.teknoproses.com.tr\/wp-content\/uploads\/2015\/03\/satis-sonrasi-4.jpg\" title=\"After Sale Services\"><img width=\"150\" height=\"150\" src=\"https:\/\/www.teknoproses.com.tr\/wp-content\/uploads\/2015\/03\/satis-sonrasi-4-150x150.jpg\" class=\"attachment-thumbnail size-thumbnail\" alt=\"After Sale Services\" decoding=\"async\" loading=\"lazy\" srcset=\"https:\/\/www.teknoproses.com.tr\/wp-content\/uploads\/2015\/03\/satis-sonrasi-4-150x150.jpg 150w, https:\/\/www.teknoproses.com.tr\/wp-content\/uploads\/2015\/03\/satis-sonrasi-4-300x300.jpg 300w, https:\/\/www.teknoproses.com.tr\/wp-content\/uploads\/2015\/03\/satis-sonrasi-4.jpg 350w\" sizes=\"(max-width: 150px) 100vw, 150px\" \/><\/a>\n\t\t\t<\/dt><\/dl>\n\t\t\t<br style='clear: both' \/>\n\t\t<\/div>\n<\/p>\n<p style=\"text-align: justify;\">Teknoproses makes business focused on customer satisfaction. Teknoproses gives after-sale services to maintain your machines and equipments at the first day performance.<\/p>\n<ul>\n<li style=\"text-align: justify;\">Spare parts supply<\/li>\n<li style=\"text-align: justify;\">Periodic maintenance<\/li>\n<li style=\"text-align: justify;\">Service offer<\/li>\n<li style=\"text-align: justify;\">Staff training<\/li>\n<\/ul>\n<p><\/p>","protected":false},"excerpt":{"rendered":"<p>Teknoproses makes business focused on customer satisfaction. Teknoproses gives after-sale services to maintain your machines and equipments at the first day performance. Spare parts supply Periodic maintenance Service offer Staff training<\/p>\n","protected":false},"author":1,"featured_media":0,"parent":37,"menu_order":0,"comment_status":"open","ping_status":"open","template":"","meta":[],"yoast_head":"<!-- This site is optimized with the Yoast SEO plugin v18.1 - https:\/\/yoast.com\/wordpress\/plugins\/seo\/ -->\n<title>After Sale Services | Teknoproses<\/title>\n<meta name=\"description\" content=\"(Turkish) Sat\u0131\u015f Sonras\u0131 Hizmetler\" \/>\n<meta name=\"robots\" content=\"index, follow, max-snippet:-1, max-image-preview:large, max-video-preview:-1\" \/>\n<link rel=\"canonical\" href=\"https:\/\/www.teknoproses.com.tr\/hizmetler\/satis-sonrasi-hizmetler\" \/>\n<meta property=\"og:locale\" content=\"en_US\" \/>\n<meta property=\"og:type\" content=\"article\" \/>\n<meta property=\"og:title\" content=\"After Sale Services | Teknoproses\" \/>\n<meta property=\"og:description\" content=\"[:tr]Sat\u0131\u015f Sonras\u0131 Hizmetler[:]\" \/>\n<meta property=\"og:url\" content=\"https:\/\/www.teknoproses.com.tr\/hizmetler\/satis-sonrasi-hizmetler\" \/>\n<meta property=\"og:site_name\" content=\"Teknoproses\" \/>\n<meta property=\"article:modified_time\" content=\"2021-04-25T18:53:45+00:00\" \/>\n<meta property=\"og:image\" content=\"https:\/\/www.teknoproses.com.tr\/wp-content\/uploads\/2015\/03\/satis-sonrasi-1-150x150.jpg?v=1644428568\" \/>\n<script type=\"application\/ld+json\" class=\"yoast-schema-graph\">{\"@context\":\"https:\/\/schema.org\",\"@graph\":[{\"@type\":\"WebSite\",\"@id\":\"https:\/\/www.teknoproses.com.tr\/#website\",\"url\":\"https:\/\/www.teknoproses.com.tr\/\",\"name\":\"Teknoproses\",\"description\":\"\",\"potentialAction\":[{\"@type\":\"SearchAction\",\"target\":{\"@type\":\"EntryPoint\",\"urlTemplate\":\"https:\/\/www.teknoproses.com.tr\/?s={search_term_string}\"},\"query-input\":\"required name=search_term_string\"}],\"inLanguage\":\"en-US\"},{\"@type\":\"WebPage\",\"@id\":\"https:\/\/www.teknoproses.com.tr\/hizmetler\/satis-sonrasi-hizmetler#webpage\",\"url\":\"https:\/\/www.teknoproses.com.tr\/hizmetler\/satis-sonrasi-hizmetler\",\"name\":\"After Sale Services | Teknoproses\",\"isPartOf\":{\"@id\":\"https:\/\/www.teknoproses.com.tr\/#website\"},\"datePublished\":\"2015-03-29T17:22:29+00:00\",\"dateModified\":\"2021-04-25T18:53:45+00:00\",\"description\":\"[:tr]Sat\u0131\u015f Sonras\u0131 Hizmetler[:]\",\"breadcrumb\":{\"@id\":\"https:\/\/www.teknoproses.com.tr\/hizmetler\/satis-sonrasi-hizmetler#breadcrumb\"},\"inLanguage\":\"en-US\",\"potentialAction\":[{\"@type\":\"ReadAction\",\"target\":[\"https:\/\/www.teknoproses.com.tr\/hizmetler\/satis-sonrasi-hizmetler\"]}]},{\"@type\":\"BreadcrumbList\",\"@id\":\"https:\/\/www.teknoproses.com.tr\/hizmetler\/satis-sonrasi-hizmetler#breadcrumb\",\"itemListElement\":[{\"@type\":\"ListItem\",\"position\":1,\"name\":\"Anasayfa\",\"item\":\"https:\/\/www.teknoproses.com.tr\/\"},{\"@type\":\"ListItem\",\"position\":2,\"name\":\"Hizmetler\",\"item\":\"https:\/\/www.teknoproses.com.tr\/hizmetler\"},{\"@type\":\"ListItem\",\"position\":3,\"name\":\"Sat\u0131\u015f Sonras\u0131 Hizmetler\"}]}]}<\/script>\n<!-- \/ Yoast SEO plugin. -->","yoast_head_json":{"title":"After Sale Services | Teknoproses","description":"(Turkish) Sat\u0131\u015f Sonras\u0131 Hizmetler","robots":{"index":"index","follow":"follow","max-snippet":"max-snippet:-1","max-image-preview":"max-image-preview:large","max-video-preview":"max-video-preview:-1"},"canonical":"https:\/\/www.teknoproses.com.tr\/hizmetler\/satis-sonrasi-hizmetler","og_locale":"en_US","og_type":"article","og_title":"After Sale Services | Teknoproses","og_description":"[:tr]Sat\u0131\u015f Sonras\u0131 Hizmetler[:]","og_url":"https:\/\/www.teknoproses.com.tr\/hizmetler\/satis-sonrasi-hizmetler","og_site_name":"Teknoproses","article_modified_time":"2021-04-25T18:53:45+00:00","og_image":[{"url":"https:\/\/www.teknoproses.com.tr\/wp-content\/uploads\/2015\/03\/satis-sonrasi-1-150x150.jpg?v=1644428568"}],"schema":{"@context":"https:\/\/schema.org","@graph":[{"@type":"WebSite","@id":"https:\/\/www.teknoproses.com.tr\/#website","url":"https:\/\/www.teknoproses.com.tr\/","name":"Teknoproses","description":"","potentialAction":[{"@type":"SearchAction","target":{"@type":"EntryPoint","urlTemplate":"https:\/\/www.teknoproses.com.tr\/?s={search_term_string}"},"query-input":"required name=search_term_string"}],"inLanguage":"en-US"},{"@type":"WebPage","@id":"https:\/\/www.teknoproses.com.tr\/hizmetler\/satis-sonrasi-hizmetler#webpage","url":"https:\/\/www.teknoproses.com.tr\/hizmetler\/satis-sonrasi-hizmetler","name":"After Sale Services | Teknoproses","isPartOf":{"@id":"https:\/\/www.teknoproses.com.tr\/#website"},"datePublished":"2015-03-29T17:22:29+00:00","dateModified":"2021-04-25T18:53:45+00:00","description":"[:tr]Sat\u0131\u015f Sonras\u0131 Hizmetler[:]","breadcrumb":{"@id":"https:\/\/www.teknoproses.com.tr\/hizmetler\/satis-sonrasi-hizmetler#breadcrumb"},"inLanguage":"en-US","potentialAction":[{"@type":"ReadAction","target":["https:\/\/www.teknoproses.com.tr\/hizmetler\/satis-sonrasi-hizmetler"]}]},{"@type":"BreadcrumbList","@id":"https:\/\/www.teknoproses.com.tr\/hizmetler\/satis-sonrasi-hizmetler#breadcrumb","itemListElement":[{"@type":"ListItem","position":1,"name":"Anasayfa","item":"https:\/\/www.teknoproses.com.tr\/"},{"@type":"ListItem","position":2,"name":"Hizmetler","item":"https:\/\/www.teknoproses.com.tr\/hizmetler"},{"@type":"ListItem","position":3,"name":"Sat\u0131\u015f Sonras\u0131 Hizmetler"}]}]}},"_links":{"self":[{"href":"https:\/\/www.teknoproses.com.tr\/en\/wp-json\/wp\/v2\/pages\/45"}],"collection":[{"href":"https:\/\/www.teknoproses.com.tr\/en\/wp-json\/wp\/v2\/pages"}],"about":[{"href":"https:\/\/www.teknoproses.com.tr\/en\/wp-json\/wp\/v2\/types\/page"}],"author":[{"embeddable":true,"href":"https:\/\/www.teknoproses.com.tr\/en\/wp-json\/wp\/v2\/users\/1"}],"replies":[{"embeddable":true,"href":"https:\/\/www.teknoproses.com.tr\/en\/wp-json\/wp\/v2\/comments?post=45"}],"version-history":[{"count":11,"href":"https:\/\/www.teknoproses.com.tr\/en\/wp-json\/wp\/v2\/pages\/45\/revisions"}],"predecessor-version":[{"id":1379,"href":"https:\/\/www.teknoproses.com.tr\/en\/wp-json\/wp\/v2\/pages\/45\/revisions\/1379"}],"up":[{"embeddable":true,"href":"https:\/\/www.teknoproses.com.tr\/en\/wp-json\/wp\/v2\/pages\/37"}],"wp:attachment":[{"href":"https:\/\/www.teknoproses.com.tr\/en\/wp-json\/wp\/v2\/media?parent=45"}],"curies":[{"name":"wp","href":"https:\/\/api.w.org\/{rel}","templated":true}]}}