{"id":65,"date":"2015-03-29T17:28:44","date_gmt":"2015-03-29T14:28:44","guid":{"rendered":"http:\/\/ugurtumer.com.tr\/teknoproses\/?page_id=65"},"modified":"2025-02-05T15:57:29","modified_gmt":"2025-02-05T12:57:29","slug":"iletisim","status":"publish","type":"page","link":"https:\/\/www.teknoproses.com.tr\/en\/iletisim","title":{"rendered":"Contact Us"},"content":{"rendered":"<p><strong>TEKNOPROSES M\u00dcHEND\u0130SL\u0130K DANI\u015eMANLIK SAN. ve T\u0130C.LTD.\u015eT\u0130.<\/strong><br \/>\n<strong>Address:<\/strong> Saray Mahallesi Bayraktar Caddesi No:19 Kahramankazan \/ Ankara \/ TURKEY<br \/>\n<strong>P :<\/strong> +90 312 394 84 01<br \/>\n<strong>F :<\/strong> +90 312 394 84 02<br \/>\n<strong>e-mail:<\/strong> info@teknoproses.com.tr<br \/>\n<a style=\"color: blue;\" href=\"https:\/\/www.google.com\/maps\/dir\/\/Bayraktar+Cd.,+Saray,+06980+Kahramankazan%2FAnkara,+T%C3%BCrkiye\/@40.0389995,32.6430782,18.5z\/data=!4m8!4m7!1m0!1m5!1m1!1s0x14d33413fb13107b:0x5e4afe348d5e4a24!2m2!1d32.6439641!2d40.0394046\" target=\"_blank\" rel=\"noopener\">Click here for navigation.<\/a><\/p>\n\n\t\t<style type=\"text\/css\">\n\t\t\t#gallery-2 {\n\t\t\t\tmargin: auto;\n\t\t\t}\n\t\t\t#gallery-2 .gallery-item {\n\t\t\t\tfloat: left;\n\t\t\t\tmargin-top: 10px;\n\t\t\t\ttext-align: center;\n\t\t\t\twidth: 25%;\n\t\t\t}\n\t\t\t#gallery-2 img {\n\t\t\t\tborder: 2px solid #cfcfcf;\n\t\t\t}\n\t\t\t#gallery-2 .gallery-caption {\n\t\t\t\tmargin-left: 0;\n\t\t\t}\n\t\t\t\/* see gallery_shortcode() in wp-includes\/media.php *\/\n\t\t<\/style>\n\t\t<div id='gallery-2' class='gallery galleryid-65 gallery-columns-4 gallery-size-thumbnail'><dl class='gallery-item'>\n\t\t\t<dt class='gallery-icon landscape'>\n\t\t\t\t<a class=\"grouped_elements\" rel=\"tc-fancybox-group\" href=\"https:\/\/www.teknoproses.com.tr\/wp-content\/uploads\/2025\/01\/teknoproses-fabrika-4.jpg\" title=\"Teknoproses-fabrika\"><img width=\"150\" height=\"150\" src=\"https:\/\/www.teknoproses.com.tr\/wp-content\/uploads\/2025\/01\/teknoproses-fabrika-4-150x150.jpg\" class=\"attachment-thumbnail size-thumbnail\" alt=\"Teknoproses fabrika\" decoding=\"async\" loading=\"lazy\" \/><\/a>\n\t\t\t<\/dt><\/dl><dl class='gallery-item'>\n\t\t\t<dt class='gallery-icon landscape'>\n\t\t\t\t<a class=\"grouped_elements\" rel=\"tc-fancybox-group\" href=\"https:\/\/www.teknoproses.com.tr\/wp-content\/uploads\/2025\/01\/teknoproses-fabrika-3.jpg\" title=\"Teknoproses-fabrika\"><img width=\"150\" height=\"150\" src=\"https:\/\/www.teknoproses.com.tr\/wp-content\/uploads\/2025\/01\/teknoproses-fabrika-3-150x150.jpg\" class=\"attachment-thumbnail size-thumbnail\" alt=\"Teknoproses fabrika\" decoding=\"async\" loading=\"lazy\" \/><\/a>\n\t\t\t<\/dt><\/dl><dl class='gallery-item'>\n\t\t\t<dt class='gallery-icon landscape'>\n\t\t\t\t<a class=\"grouped_elements\" rel=\"tc-fancybox-group\" href=\"https:\/\/www.teknoproses.com.tr\/wp-content\/uploads\/2025\/01\/teknoproses-fabrika-2.jpg\" title=\"Teknoproses-fabrika\"><img width=\"150\" height=\"150\" src=\"https:\/\/www.teknoproses.com.tr\/wp-content\/uploads\/2025\/01\/teknoproses-fabrika-2-150x150.jpg\" class=\"attachment-thumbnail size-thumbnail\" alt=\"Teknoproses fabrika\" decoding=\"async\" loading=\"lazy\" \/><\/a>\n\t\t\t<\/dt><\/dl><dl class='gallery-item'>\n\t\t\t<dt class='gallery-icon landscape'>\n\t\t\t\t<a class=\"grouped_elements\" rel=\"tc-fancybox-group\" href=\"https:\/\/www.teknoproses.com.tr\/wp-content\/uploads\/2025\/01\/teknoproses-fabrika-1.jpg\" title=\"Teknoproses-fabrika\"><img width=\"150\" height=\"150\" src=\"https:\/\/www.teknoproses.com.tr\/wp-content\/uploads\/2025\/01\/teknoproses-fabrika-1-150x150.jpg\" class=\"attachment-thumbnail size-thumbnail\" alt=\"Teknoproses fabrika\" decoding=\"async\" loading=\"lazy\" \/><\/a>\n\t\t\t<\/dt><\/dl><br style=\"clear: both\" \/>\n\t\t<\/div>\n\n<p>\r\n            <style>\r\n            #wpgmza_map img { max-width:none !important; }\r\n            .wpgmza_widget { overflow: auto; }\r\n            <\/style>\r\n            \r\n                \r\n            <div id=\"wpgmza_map\" style=\"display:block; overflow:auto; width:100%; height:400px; float:left;\">\r\n            <\/div>\r\n        <br \/>\n<div role=\"form\" class=\"wpcf7\" id=\"wpcf7-f142-o2\" lang=\"tr-TR\" dir=\"ltr\">\n<div class=\"screen-reader-response\"><p role=\"status\" aria-live=\"polite\" aria-atomic=\"true\"><\/p> <ul><\/ul><\/div>\n<form action=\"\/en\/wp-json\/wp\/v2\/pages\/65#wpcf7-f142-o2\" method=\"post\" class=\"wpcf7-form init\" novalidate=\"novalidate\" data-status=\"init\">\n<div style=\"display: none;\">\n<input type=\"hidden\" name=\"_wpcf7\" value=\"142\" \/>\n<input type=\"hidden\" name=\"_wpcf7_version\" value=\"5.5.4\" \/>\n<input type=\"hidden\" name=\"_wpcf7_locale\" value=\"tr_TR\" \/>\n<input type=\"hidden\" name=\"_wpcf7_unit_tag\" value=\"wpcf7-f142-o2\" \/>\n<input type=\"hidden\" name=\"_wpcf7_container_post\" value=\"0\" \/>\n<input type=\"hidden\" name=\"_wpcf7_posted_data_hash\" value=\"\" \/>\n<\/div>\n<p>Ad\u0131n\u0131z (gerekli)<br \/>\n    <span class=\"wpcf7-form-control-wrap your-name\"><input type=\"text\" name=\"your-name\" value=\"\" size=\"40\" class=\"wpcf7-form-control wpcf7-text wpcf7-validates-as-required\" aria-required=\"true\" aria-invalid=\"false\" \/><\/span> <\/p>\n<p>Epostan\u0131z (gerekli)<br \/>\n    <span class=\"wpcf7-form-control-wrap your-email\"><input type=\"email\" name=\"your-email\" value=\"\" size=\"40\" class=\"wpcf7-form-control wpcf7-text wpcf7-email wpcf7-validates-as-required wpcf7-validates-as-email\" aria-required=\"true\" aria-invalid=\"false\" \/><\/span> <\/p>\n<p>Konu<br \/>\n    <span class=\"wpcf7-form-control-wrap your-subject\"><input type=\"text\" name=\"your-subject\" value=\"\" size=\"40\" class=\"wpcf7-form-control wpcf7-text\" aria-invalid=\"false\" \/><\/span> <\/p>\n<p>\u0130letiniz<br \/>\n    <span class=\"wpcf7-form-control-wrap your-message\"><textarea name=\"your-message\" cols=\"40\" rows=\"10\" class=\"wpcf7-form-control wpcf7-textarea\" aria-invalid=\"false\"><\/textarea><\/span> <\/p>\n<p><input type=\"hidden\" name=\"_wpcf7_captcha_challenge_captcha-407\" value=\"2771733705\" \/><img class=\"wpcf7-form-control wpcf7-captchac wpcf7-captcha-captcha-407\" width=\"72\" height=\"24\" alt=\"captcha\" src=\"https:\/\/www.teknoproses.com.tr\/wp-content\/uploads\/wpcf7_captcha\/2771733705.png\" \/><\/p>\n<p><span class=\"wpcf7-form-control-wrap captcha-407\"><input type=\"text\" name=\"captcha-407\" value=\"\" size=\"40\" class=\"wpcf7-form-control wpcf7-captchar\" autocomplete=\"off\" aria-invalid=\"false\" \/><\/span><\/p>\n<p><input type=\"submit\" value=\"G\u00f6nder\" class=\"wpcf7-form-control has-spinner wpcf7-submit\" \/><\/p>\n<div class=\"wpcf7-response-output\" aria-hidden=\"true\"><\/div><\/form><\/div><\/p>","protected":false},"excerpt":{"rendered":"<p>TEKNOPROSES M\u00dcHEND\u0130SL\u0130K DANI\u015eMANLIK SAN. ve T\u0130C.LTD.\u015eT\u0130. Address: Saray Mahallesi Bayraktar Caddesi No:19 Kahramankazan \/ Ankara \/ TURKEY P : +90 312 394 84 01 F : +90 312 394 84 02 e-mail: info@teknoproses.com.tr Click here for navigation.<\/p>\n","protected":false},"author":1,"featured_media":0,"parent":0,"menu_order":0,"comment_status":"open","ping_status":"closed","template":"","meta":[],"yoast_head":"<!-- This site is optimized with the Yoast SEO plugin v18.1 - https:\/\/yoast.com\/wordpress\/plugins\/seo\/ -->\n<title>Contact Us | Teknoproses<\/title>\n<meta name=\"description\" content=\"Teknoproses ileti\u015fim sayfas\u0131. Yol tarifi i\u00e7in t\u0131klay\u0131n.\" \/>\n<meta name=\"robots\" content=\"index, follow, max-snippet:-1, max-image-preview:large, max-video-preview:-1\" \/>\n<link rel=\"canonical\" href=\"https:\/\/www.teknoproses.com.tr\/iletisim\" \/>\n<meta property=\"og:locale\" content=\"en_US\" \/>\n<meta property=\"og:type\" content=\"article\" \/>\n<meta property=\"og:title\" content=\"Contact Us | Teknoproses\" \/>\n<meta property=\"og:description\" content=\"Teknoproses ileti\u015fim sayfas\u0131. Yol tarifi i\u00e7in t\u0131klay\u0131n.\" \/>\n<meta property=\"og:url\" content=\"https:\/\/www.teknoproses.com.tr\/iletisim\" \/>\n<meta property=\"og:site_name\" content=\"Teknoproses\" \/>\n<meta property=\"article:modified_time\" content=\"2025-02-05T12:57:29+00:00\" \/>\n<meta property=\"og:image\" content=\"https:\/\/www.teknoproses.com.tr\/wp-content\/uploads\/2025\/01\/teknoproses-fabrika-4-150x150.jpg\" \/>\n<meta name=\"twitter:label1\" content=\"Est. reading time\" \/>\n\t<meta name=\"twitter:data1\" content=\"1 minute\" \/>\n<script type=\"application\/ld+json\" class=\"yoast-schema-graph\">{\"@context\":\"https:\/\/schema.org\",\"@graph\":[{\"@type\":\"WebSite\",\"@id\":\"https:\/\/www.teknoproses.com.tr\/#website\",\"url\":\"https:\/\/www.teknoproses.com.tr\/\",\"name\":\"Teknoproses\",\"description\":\"\",\"potentialAction\":[{\"@type\":\"SearchAction\",\"target\":{\"@type\":\"EntryPoint\",\"urlTemplate\":\"https:\/\/www.teknoproses.com.tr\/?s={search_term_string}\"},\"query-input\":\"required name=search_term_string\"}],\"inLanguage\":\"en-US\"},{\"@type\":\"WebPage\",\"@id\":\"https:\/\/www.teknoproses.com.tr\/iletisim#webpage\",\"url\":\"https:\/\/www.teknoproses.com.tr\/iletisim\",\"name\":\"Contact Us | Teknoproses\",\"isPartOf\":{\"@id\":\"https:\/\/www.teknoproses.com.tr\/#website\"},\"datePublished\":\"2015-03-29T14:28:44+00:00\",\"dateModified\":\"2025-02-05T12:57:29+00:00\",\"description\":\"Teknoproses ileti\u015fim sayfas\u0131. Yol tarifi i\u00e7in t\u0131klay\u0131n.\",\"breadcrumb\":{\"@id\":\"https:\/\/www.teknoproses.com.tr\/iletisim#breadcrumb\"},\"inLanguage\":\"en-US\",\"potentialAction\":[{\"@type\":\"ReadAction\",\"target\":[\"https:\/\/www.teknoproses.com.tr\/iletisim\"]}]},{\"@type\":\"BreadcrumbList\",\"@id\":\"https:\/\/www.teknoproses.com.tr\/iletisim#breadcrumb\",\"itemListElement\":[{\"@type\":\"ListItem\",\"position\":1,\"name\":\"Anasayfa\",\"item\":\"https:\/\/www.teknoproses.com.tr\/\"},{\"@type\":\"ListItem\",\"position\":2,\"name\":\"\u0130leti\u015fim\"}]}]}<\/script>\n<!-- \/ Yoast SEO plugin. -->","yoast_head_json":{"title":"Contact Us | Teknoproses","description":"Teknoproses ileti\u015fim sayfas\u0131. Yol tarifi i\u00e7in t\u0131klay\u0131n.","robots":{"index":"index","follow":"follow","max-snippet":"max-snippet:-1","max-image-preview":"max-image-preview:large","max-video-preview":"max-video-preview:-1"},"canonical":"https:\/\/www.teknoproses.com.tr\/iletisim","og_locale":"en_US","og_type":"article","og_title":"Contact Us | Teknoproses","og_description":"Teknoproses ileti\u015fim sayfas\u0131. Yol tarifi i\u00e7in t\u0131klay\u0131n.","og_url":"https:\/\/www.teknoproses.com.tr\/iletisim","og_site_name":"Teknoproses","article_modified_time":"2025-02-05T12:57:29+00:00","og_image":[{"url":"https:\/\/www.teknoproses.com.tr\/wp-content\/uploads\/2025\/01\/teknoproses-fabrika-4-150x150.jpg"}],"twitter_misc":{"Est. reading time":"1 minute"},"schema":{"@context":"https:\/\/schema.org","@graph":[{"@type":"WebSite","@id":"https:\/\/www.teknoproses.com.tr\/#website","url":"https:\/\/www.teknoproses.com.tr\/","name":"Teknoproses","description":"","potentialAction":[{"@type":"SearchAction","target":{"@type":"EntryPoint","urlTemplate":"https:\/\/www.teknoproses.com.tr\/?s={search_term_string}"},"query-input":"required name=search_term_string"}],"inLanguage":"en-US"},{"@type":"WebPage","@id":"https:\/\/www.teknoproses.com.tr\/iletisim#webpage","url":"https:\/\/www.teknoproses.com.tr\/iletisim","name":"Contact Us | Teknoproses","isPartOf":{"@id":"https:\/\/www.teknoproses.com.tr\/#website"},"datePublished":"2015-03-29T14:28:44+00:00","dateModified":"2025-02-05T12:57:29+00:00","description":"Teknoproses ileti\u015fim sayfas\u0131. Yol tarifi i\u00e7in t\u0131klay\u0131n.","breadcrumb":{"@id":"https:\/\/www.teknoproses.com.tr\/iletisim#breadcrumb"},"inLanguage":"en-US","potentialAction":[{"@type":"ReadAction","target":["https:\/\/www.teknoproses.com.tr\/iletisim"]}]},{"@type":"BreadcrumbList","@id":"https:\/\/www.teknoproses.com.tr\/iletisim#breadcrumb","itemListElement":[{"@type":"ListItem","position":1,"name":"Anasayfa","item":"https:\/\/www.teknoproses.com.tr\/"},{"@type":"ListItem","position":2,"name":"\u0130leti\u015fim"}]}]}},"_links":{"self":[{"href":"https:\/\/www.teknoproses.com.tr\/en\/wp-json\/wp\/v2\/pages\/65"}],"collection":[{"href":"https:\/\/www.teknoproses.com.tr\/en\/wp-json\/wp\/v2\/pages"}],"about":[{"href":"https:\/\/www.teknoproses.com.tr\/en\/wp-json\/wp\/v2\/types\/page"}],"author":[{"embeddable":true,"href":"https:\/\/www.teknoproses.com.tr\/en\/wp-json\/wp\/v2\/users\/1"}],"replies":[{"embeddable":true,"href":"https:\/\/www.teknoproses.com.tr\/en\/wp-json\/wp\/v2\/comments?post=65"}],"version-history":[{"count":47,"href":"https:\/\/www.teknoproses.com.tr\/en\/wp-json\/wp\/v2\/pages\/65\/revisions"}],"predecessor-version":[{"id":1914,"href":"https:\/\/www.teknoproses.com.tr\/en\/wp-json\/wp\/v2\/pages\/65\/revisions\/1914"}],"wp:attachment":[{"href":"https:\/\/www.teknoproses.com.tr\/en\/wp-json\/wp\/v2\/media?parent=65"}],"curies":[{"name":"wp","href":"https:\/\/api.w.org\/{rel}","templated":true}]}}